{"id":86629,"date":"2026-04-28T01:30:08","date_gmt":"2026-04-27T23:30:08","guid":{"rendered":"https:\/\/idamariagrassi.com\/products\/gr-720mkii-flauto-intermedio-chiavi-aperte\/"},"modified":"2026-04-28T01:30:09","modified_gmt":"2026-04-27T23:30:09","slug":"gr-720mkii-flauto-intermedio-chiavi-aperte","status":"publish","type":"product","link":"https:\/\/idamariagrassi.com\/it\/products\/gr-720mkii-flauto-intermedio-chiavi-aperte\/","title":{"rendered":"Flauto Intermedio, chiavi aperte"},"content":{"rendered":"","protected":false},"excerpt":{"rendered":"<p><small>GR 720MKII<\/small><\/p>\n<p><p>Il flauto Master a fori aperti Ida Maria Grassi \u00e8 ideale per chi cerca uno strumento economico dalla meccanica solida e dal suono corposo. Progettato per essere affidabile e facile da suonare. Il flauto ha un&#8217;ottima intonazione ed \u00e8 di facile emissione su tutti i  registri. Il Mi snodato facilit\u00e0 ulteriormente l&#8217;emissione ed il Sol fuori linea \u00e8 ideale per chi ha le mani piccole. Nei fori sono istallati dei tappi che possono essere tolti anche gradualmente per imparare la corretta posizione delle dita. <br \/>Il flauto \u00e8 corredato con tutti gli accessori per chi inizia a suonare:  custodia, panno di pulizia e bacchetta.<\/p>\n<\/p>\n<ul style=\"font-size: 13px;\">\n<li><strong>Chiave:<\/strong><span style=\"white-space: pre;\"> Do<\/span><\/li>\n<li><span style=\"white-space: pre;\"><strong>Meccanica:<\/strong> Aperta<\/span><\/li>\n<li><strong>Testata:<\/strong><span style=\"white-space: pre;\"> Alpacca Placcata Argento<\/span><\/li>\n<li><strong>Trombino:<\/strong>\u00a0In Do<\/li>\n<li><strong>Corpo:<\/strong>\u00a0Alpacca Placcata Argento<\/li>\n<li><strong>Meccanica del Corpo:<\/strong>\u00a0Tedesca<\/li>\n<li><strong>Chiave del Sol:<\/strong>\u00a0Non in linea<\/li>\n<li><strong>Chiave del Mi:<\/strong>\u00a0Snodata<\/li>\n<li><strong>Tamponi:<\/strong>\u00a0Doppia Vescica<\/li>\n<li><strong>Astuccio:<\/strong>\u00a0Professionale\u00a0in Foam<\/li>\n<li><strong>Accessori:<\/strong>\u00a0Panno pulizia, bacchetta<\/li>\n<\/ul>\n<p>Designed &#038; Engineered by Proel<\/p>\n<p>Manufacturer: Proel &#8211; Made in China<\/p>\n<ul style=\"font-size: 13px;\"><\/ul>\n<p>\u00a0<\/p>\n","protected":false},"featured_media":359282,"template":"","meta":{"_acf_changed":false,"content-type":""},"product_brand":[],"product_cat":[64],"product_tag":[77],"class_list":{"0":"post-86629","1":"product","2":"type-product","3":"status-publish","4":"has-post-thumbnail","6":"product_cat-strumenti-master","7":"product_tag-flauto","9":"first","10":"instock","11":"product-type-simple"},"acf":[],"yoast_head":"<!-- This site is optimized with the Yoast SEO plugin v27.4 - https:\/\/yoast.com\/product\/yoast-seo-wordpress\/ -->\n<title>Flauto Intermedio, chiavi aperte - Ida Maria Grassi<\/title>\n<meta name=\"robots\" content=\"index, follow, max-snippet:-1, max-image-preview:large, max-video-preview:-1\" \/>\n<link rel=\"canonical\" href=\"https:\/\/idamariagrassi.com\/it\/products\/gr-720mkii-flauto-intermedio-chiavi-aperte\/\" \/>\n<meta property=\"og:locale\" content=\"it_IT\" \/>\n<meta property=\"og:type\" content=\"article\" \/>\n<meta property=\"og:title\" content=\"Flauto Intermedio, chiavi aperte - Ida Maria Grassi\" \/>\n<meta property=\"og:description\" content=\"GR 720MKII Il flauto Master a fori aperti Ida Maria Grassi \u00e8 ideale per chi cerca uno strumento economico dalla meccanica solida e dal suono corposo. Progettato per essere affidabile e facile da suonare. Il flauto ha un&#039;ottima intonazione ed \u00e8 di facile emissione su tutti i registri. Il Mi snodato facilit\u00e0 ulteriormente l&#039;emissione ed il Sol fuori linea \u00e8 ideale per chi ha le mani piccole. Nei fori sono istallati dei tappi che possono essere tolti anche gradualmente per imparare la corretta posizione delle dita. Il flauto \u00e8 corredato con tutti gli accessori per chi inizia a suonare: custodia, panno di pulizia e bacchetta. Chiave: Do Meccanica: Aperta Testata: Alpacca Placcata Argento Trombino:\u00a0In Do Corpo:\u00a0Alpacca Placcata Argento Meccanica del Corpo:\u00a0Tedesca Chiave del Sol:\u00a0Non in linea Chiave del Mi:\u00a0Snodata Tamponi:\u00a0Doppia Vescica Astuccio:\u00a0Professionale\u00a0in Foam Accessori:\u00a0Panno pulizia, bacchettaDesigned &amp; Engineered by ProelManufacturer: Proel - Made in China\u00a0\" \/>\n<meta property=\"og:url\" content=\"https:\/\/idamariagrassi.com\/it\/products\/gr-720mkii-flauto-intermedio-chiavi-aperte\/\" \/>\n<meta property=\"og:site_name\" content=\"Ida Maria Grassi\" \/>\n<meta property=\"article:modified_time\" content=\"2026-04-27T23:30:09+00:00\" \/>\n<meta property=\"og:image\" content=\"https:\/\/idamariagrassi.com\/wp-content\/uploads\/2026\/04\/tmp_safe_1d41e0b2bcbbcefce85b5085cb2f14a5.jpg\" \/>\n\t<meta property=\"og:image:width\" content=\"1200\" \/>\n\t<meta property=\"og:image:height\" content=\"1200\" \/>\n\t<meta property=\"og:image:type\" content=\"image\/jpeg\" \/>\n<meta name=\"twitter:card\" content=\"summary_large_image\" \/>\n<script type=\"application\/ld+json\" class=\"yoast-schema-graph\">{\"@context\":\"https:\\\/\\\/schema.org\",\"@graph\":[{\"@type\":\"WebPage\",\"@id\":\"https:\\\/\\\/idamariagrassi.com\\\/it\\\/products\\\/gr-720mkii-flauto-intermedio-chiavi-aperte\\\/\",\"url\":\"https:\\\/\\\/idamariagrassi.com\\\/it\\\/products\\\/gr-720mkii-flauto-intermedio-chiavi-aperte\\\/\",\"name\":\"Flauto Intermedio, chiavi aperte - Ida Maria Grassi\",\"isPartOf\":{\"@id\":\"https:\\\/\\\/idamariagrassi.com\\\/#website\"},\"primaryImageOfPage\":{\"@id\":\"https:\\\/\\\/idamariagrassi.com\\\/it\\\/products\\\/gr-720mkii-flauto-intermedio-chiavi-aperte\\\/#primaryimage\"},\"image\":{\"@id\":\"https:\\\/\\\/idamariagrassi.com\\\/it\\\/products\\\/gr-720mkii-flauto-intermedio-chiavi-aperte\\\/#primaryimage\"},\"thumbnailUrl\":\"https:\\\/\\\/idamariagrassi.com\\\/wp-content\\\/uploads\\\/2026\\\/04\\\/tmp_safe_1d41e0b2bcbbcefce85b5085cb2f14a5.jpg\",\"datePublished\":\"2026-04-27T23:30:08+00:00\",\"dateModified\":\"2026-04-27T23:30:09+00:00\",\"breadcrumb\":{\"@id\":\"https:\\\/\\\/idamariagrassi.com\\\/it\\\/products\\\/gr-720mkii-flauto-intermedio-chiavi-aperte\\\/#breadcrumb\"},\"inLanguage\":\"it-IT\",\"potentialAction\":[{\"@type\":\"ReadAction\",\"target\":[\"https:\\\/\\\/idamariagrassi.com\\\/it\\\/products\\\/gr-720mkii-flauto-intermedio-chiavi-aperte\\\/\"]}]},{\"@type\":\"ImageObject\",\"inLanguage\":\"it-IT\",\"@id\":\"https:\\\/\\\/idamariagrassi.com\\\/it\\\/products\\\/gr-720mkii-flauto-intermedio-chiavi-aperte\\\/#primaryimage\",\"url\":\"https:\\\/\\\/idamariagrassi.com\\\/wp-content\\\/uploads\\\/2026\\\/04\\\/tmp_safe_1d41e0b2bcbbcefce85b5085cb2f14a5.jpg\",\"contentUrl\":\"https:\\\/\\\/idamariagrassi.com\\\/wp-content\\\/uploads\\\/2026\\\/04\\\/tmp_safe_1d41e0b2bcbbcefce85b5085cb2f14a5.jpg\",\"width\":1200,\"height\":1200},{\"@type\":\"BreadcrumbList\",\"@id\":\"https:\\\/\\\/idamariagrassi.com\\\/it\\\/products\\\/gr-720mkii-flauto-intermedio-chiavi-aperte\\\/#breadcrumb\",\"itemListElement\":[{\"@type\":\"ListItem\",\"position\":1,\"name\":\"Home\",\"item\":\"https:\\\/\\\/idamariagrassi.com\\\/it\\\/\"},{\"@type\":\"ListItem\",\"position\":2,\"name\":\"Products\",\"item\":\"https:\\\/\\\/idamariagrassi.com\\\/shop\\\/\"},{\"@type\":\"ListItem\",\"position\":3,\"name\":\"Flauto Intermedio, chiavi aperte\"}]},{\"@type\":\"WebSite\",\"@id\":\"https:\\\/\\\/idamariagrassi.com\\\/#website\",\"url\":\"https:\\\/\\\/idamariagrassi.com\\\/\",\"name\":\"idamariagrassi\",\"description\":\"\",\"potentialAction\":[{\"@type\":\"SearchAction\",\"target\":{\"@type\":\"EntryPoint\",\"urlTemplate\":\"https:\\\/\\\/idamariagrassi.com\\\/?s={search_term_string}\"},\"query-input\":{\"@type\":\"PropertyValueSpecification\",\"valueRequired\":true,\"valueName\":\"search_term_string\"}}],\"inLanguage\":\"it-IT\"}]}<\/script>\n<!-- \/ Yoast SEO plugin. -->","yoast_head_json":{"title":"Flauto Intermedio, chiavi aperte - Ida Maria Grassi","robots":{"index":"index","follow":"follow","max-snippet":"max-snippet:-1","max-image-preview":"max-image-preview:large","max-video-preview":"max-video-preview:-1"},"canonical":"https:\/\/idamariagrassi.com\/it\/products\/gr-720mkii-flauto-intermedio-chiavi-aperte\/","og_locale":"it_IT","og_type":"article","og_title":"Flauto Intermedio, chiavi aperte - Ida Maria Grassi","og_description":"GR 720MKII Il flauto Master a fori aperti Ida Maria Grassi \u00e8 ideale per chi cerca uno strumento economico dalla meccanica solida e dal suono corposo. Progettato per essere affidabile e facile da suonare. Il flauto ha un'ottima intonazione ed \u00e8 di facile emissione su tutti i registri. Il Mi snodato facilit\u00e0 ulteriormente l'emissione ed il Sol fuori linea \u00e8 ideale per chi ha le mani piccole. Nei fori sono istallati dei tappi che possono essere tolti anche gradualmente per imparare la corretta posizione delle dita. Il flauto \u00e8 corredato con tutti gli accessori per chi inizia a suonare: custodia, panno di pulizia e bacchetta. Chiave: Do Meccanica: Aperta Testata: Alpacca Placcata Argento Trombino:\u00a0In Do Corpo:\u00a0Alpacca Placcata Argento Meccanica del Corpo:\u00a0Tedesca Chiave del Sol:\u00a0Non in linea Chiave del Mi:\u00a0Snodata Tamponi:\u00a0Doppia Vescica Astuccio:\u00a0Professionale\u00a0in Foam Accessori:\u00a0Panno pulizia, bacchettaDesigned & Engineered by ProelManufacturer: Proel - Made in China\u00a0","og_url":"https:\/\/idamariagrassi.com\/it\/products\/gr-720mkii-flauto-intermedio-chiavi-aperte\/","og_site_name":"Ida Maria Grassi","article_modified_time":"2026-04-27T23:30:09+00:00","og_image":[{"width":1200,"height":1200,"url":"https:\/\/idamariagrassi.com\/wp-content\/uploads\/2026\/04\/tmp_safe_1d41e0b2bcbbcefce85b5085cb2f14a5.jpg","type":"image\/jpeg"}],"twitter_card":"summary_large_image","schema":{"@context":"https:\/\/schema.org","@graph":[{"@type":"WebPage","@id":"https:\/\/idamariagrassi.com\/it\/products\/gr-720mkii-flauto-intermedio-chiavi-aperte\/","url":"https:\/\/idamariagrassi.com\/it\/products\/gr-720mkii-flauto-intermedio-chiavi-aperte\/","name":"Flauto Intermedio, chiavi aperte - Ida Maria Grassi","isPartOf":{"@id":"https:\/\/idamariagrassi.com\/#website"},"primaryImageOfPage":{"@id":"https:\/\/idamariagrassi.com\/it\/products\/gr-720mkii-flauto-intermedio-chiavi-aperte\/#primaryimage"},"image":{"@id":"https:\/\/idamariagrassi.com\/it\/products\/gr-720mkii-flauto-intermedio-chiavi-aperte\/#primaryimage"},"thumbnailUrl":"https:\/\/idamariagrassi.com\/wp-content\/uploads\/2026\/04\/tmp_safe_1d41e0b2bcbbcefce85b5085cb2f14a5.jpg","datePublished":"2026-04-27T23:30:08+00:00","dateModified":"2026-04-27T23:30:09+00:00","breadcrumb":{"@id":"https:\/\/idamariagrassi.com\/it\/products\/gr-720mkii-flauto-intermedio-chiavi-aperte\/#breadcrumb"},"inLanguage":"it-IT","potentialAction":[{"@type":"ReadAction","target":["https:\/\/idamariagrassi.com\/it\/products\/gr-720mkii-flauto-intermedio-chiavi-aperte\/"]}]},{"@type":"ImageObject","inLanguage":"it-IT","@id":"https:\/\/idamariagrassi.com\/it\/products\/gr-720mkii-flauto-intermedio-chiavi-aperte\/#primaryimage","url":"https:\/\/idamariagrassi.com\/wp-content\/uploads\/2026\/04\/tmp_safe_1d41e0b2bcbbcefce85b5085cb2f14a5.jpg","contentUrl":"https:\/\/idamariagrassi.com\/wp-content\/uploads\/2026\/04\/tmp_safe_1d41e0b2bcbbcefce85b5085cb2f14a5.jpg","width":1200,"height":1200},{"@type":"BreadcrumbList","@id":"https:\/\/idamariagrassi.com\/it\/products\/gr-720mkii-flauto-intermedio-chiavi-aperte\/#breadcrumb","itemListElement":[{"@type":"ListItem","position":1,"name":"Home","item":"https:\/\/idamariagrassi.com\/it\/"},{"@type":"ListItem","position":2,"name":"Products","item":"https:\/\/idamariagrassi.com\/shop\/"},{"@type":"ListItem","position":3,"name":"Flauto Intermedio, chiavi aperte"}]},{"@type":"WebSite","@id":"https:\/\/idamariagrassi.com\/#website","url":"https:\/\/idamariagrassi.com\/","name":"idamariagrassi","description":"","potentialAction":[{"@type":"SearchAction","target":{"@type":"EntryPoint","urlTemplate":"https:\/\/idamariagrassi.com\/?s={search_term_string}"},"query-input":{"@type":"PropertyValueSpecification","valueRequired":true,"valueName":"search_term_string"}}],"inLanguage":"it-IT"}]}},"_links":{"self":[{"href":"https:\/\/idamariagrassi.com\/it\/wp-json\/wp\/v2\/product\/86629","targetHints":{"allow":["GET"]}}],"collection":[{"href":"https:\/\/idamariagrassi.com\/it\/wp-json\/wp\/v2\/product"}],"about":[{"href":"https:\/\/idamariagrassi.com\/it\/wp-json\/wp\/v2\/types\/product"}],"wp:featuredmedia":[{"embeddable":true,"href":"https:\/\/idamariagrassi.com\/it\/wp-json\/wp\/v2\/media\/359282"}],"wp:attachment":[{"href":"https:\/\/idamariagrassi.com\/it\/wp-json\/wp\/v2\/media?parent=86629"}],"wp:term":[{"taxonomy":"product_brand","embeddable":true,"href":"https:\/\/idamariagrassi.com\/it\/wp-json\/wp\/v2\/product_brand?post=86629"},{"taxonomy":"product_cat","embeddable":true,"href":"https:\/\/idamariagrassi.com\/it\/wp-json\/wp\/v2\/product_cat?post=86629"},{"taxonomy":"product_tag","embeddable":true,"href":"https:\/\/idamariagrassi.com\/it\/wp-json\/wp\/v2\/product_tag?post=86629"}],"curies":[{"name":"wp","href":"https:\/\/api.w.org\/{rel}","templated":true}]}}