{"id":86664,"date":"2026-04-30T01:30:48","date_gmt":"2026-04-29T23:30:48","guid":{"rendered":"https:\/\/idamariagrassi.com\/products\/gr-eu200mkii-eufonium\/"},"modified":"2026-04-30T01:30:48","modified_gmt":"2026-04-29T23:30:48","slug":"gr-eu200mkii-eufonium","status":"publish","type":"product","link":"https:\/\/idamariagrassi.com\/it\/products\/gr-eu200mkii-eufonium\/","title":{"rendered":"Eufonium"},"content":{"rendered":"","protected":false},"excerpt":{"rendered":"<p><small>GR EU200MKII<\/small><\/p>\n<p><p data-start=\"16\" data-end=\"406\">L\u2019eufonio GR EU200MKII Ida Maria Grassi in Sib \u00e8 uno strumento di livello avanzato apprezzato sia dagli studenti pi\u00f9 esperti sia dai musicisti professionisti per il suo timbro caldo, pieno e avvolgente e per la fluidit\u00e0 dei pistoni. La configurazione a 3+1 pistoni consente una gestione precisa dell\u2019intonazione e una maggiore estensione, offrendo al musicista ampie possibilit\u00e0 espressive.<\/p>\n<p data-start=\"408\" data-end=\"780\">Il corpo in ottone laccato e i pistoni nichelati assicurano durata, affidabilit\u00e0 e scorrevolezza costante nel tempo, mentre il canneggio da 14,4 mm favorisce un\u2019emissione equilibrata e una risposta pronta in tutti i registri. La campana da 300 mm permette una proiezione sonora ampia e ben definita, garantendo presenza e chiarezza anche in contesti di ensemble complessi.<\/p>\n<\/p>\n<p data-start=\"782\" data-end=\"1126\">Lo strumento \u00e8 fornito con custodia professionale in foam dotata di ruote, per un trasporto pratico e sicuro, ed \u00e8 corredato di bocchino, olio per pistoni e panno per la pulizia. Un eufonio solido, bilanciato e affidabile, pensato per accompagnare lo studente avanzato o il musicista professionista con comfort, precisione e qualit\u00e0 timbrica.<\/p>\n<\/p>\n<ul style=\"font-size: 13px;\">\n<li><strong>Chiave:<\/strong><span style=\"white-space: pre;\"> Sib<\/span><\/li>\n<li><strong>Campana:<\/strong><span style=\"white-space: pre;\"> 300 mm<\/span><\/li>\n<li><span style=\"white-space: pre;\"><strong>Canneggio: <\/strong>14,40 mm <\/span><\/li>\n<li><strong>Finitura:<\/strong>\u00a0Ottone Laccato<\/li>\n<li><strong>Lead Pipe:<\/strong>\u00a0Laccata<\/li>\n<li><b>Pistoni:<\/b> Nichelati<\/li>\n<li><strong>Astuccio:<\/strong>\u00a0Professionale in Foam<\/li>\n<li><strong>Accessori:<\/strong>\u00a0Panno pulizia<\/li>\n<\/ul>\n<p>Designed &#038; Engineered by Proel<\/p>\n<p>Manufacturer: Proel &#8211; Made in China<\/p>\n<ul style=\"font-size: 13px;\"><\/ul>\n<p>\u00a0<\/p>\n","protected":false},"featured_media":359956,"template":"","meta":{"_acf_changed":false,"content-type":""},"product_brand":[],"product_cat":[64],"product_tag":[74],"class_list":{"0":"post-86664","1":"product","2":"type-product","3":"status-publish","4":"has-post-thumbnail","6":"product_cat-strumenti-master","7":"product_tag-eufonio","9":"first","10":"instock","11":"product-type-simple"},"acf":[],"yoast_head":"<!-- This site is optimized with the Yoast SEO plugin v27.4 - https:\/\/yoast.com\/product\/yoast-seo-wordpress\/ -->\n<title>Eufonium - Ida Maria Grassi<\/title>\n<meta name=\"robots\" content=\"index, follow, max-snippet:-1, max-image-preview:large, max-video-preview:-1\" \/>\n<link rel=\"canonical\" href=\"https:\/\/idamariagrassi.com\/it\/products\/gr-eu200mkii-eufonium\/\" \/>\n<meta property=\"og:locale\" content=\"it_IT\" \/>\n<meta property=\"og:type\" content=\"article\" \/>\n<meta property=\"og:title\" content=\"Eufonium - Ida Maria Grassi\" \/>\n<meta property=\"og:description\" content=\"GR EU200MKII L\u2019eufonio GR EU200MKII Ida Maria Grassi in Sib \u00e8 uno strumento di livello avanzato apprezzato sia dagli studenti pi\u00f9 esperti sia dai musicisti professionisti per il suo timbro caldo, pieno e avvolgente e per la fluidit\u00e0 dei pistoni. La configurazione a 3+1 pistoni consente una gestione precisa dell\u2019intonazione e una maggiore estensione, offrendo al musicista ampie possibilit\u00e0 espressive.Il corpo in ottone laccato e i pistoni nichelati assicurano durata, affidabilit\u00e0 e scorrevolezza costante nel tempo, mentre il canneggio da 14,4 mm favorisce un\u2019emissione equilibrata e una risposta pronta in tutti i registri. La campana da 300 mm permette una proiezione sonora ampia e ben definita, garantendo presenza e chiarezza anche in contesti di ensemble complessi.Lo strumento \u00e8 fornito con custodia professionale in foam dotata di ruote, per un trasporto pratico e sicuro, ed \u00e8 corredato di bocchino, olio per pistoni e panno per la pulizia. Un eufonio solido, bilanciato e affidabile, pensato per accompagnare lo studente avanzato o il musicista professionista con comfort, precisione e qualit\u00e0 timbrica. Chiave: Sib Campana: 300 mm Canneggio: 14,40 mm Finitura:\u00a0Ottone Laccato Lead Pipe:\u00a0Laccata Pistoni: Nichelati Astuccio:\u00a0Professionale in Foam Accessori:\u00a0Panno puliziaDesigned &amp; Engineered by ProelManufacturer: Proel - Made in China\u00a0\" \/>\n<meta property=\"og:url\" content=\"https:\/\/idamariagrassi.com\/it\/products\/gr-eu200mkii-eufonium\/\" \/>\n<meta property=\"og:site_name\" content=\"Ida Maria Grassi\" \/>\n<meta property=\"og:image\" content=\"https:\/\/idamariagrassi.com\/wp-content\/uploads\/2026\/04\/tmp_safe_e0da2bee07a75d9998b739dac0db2ef6.jpg\" \/>\n\t<meta property=\"og:image:width\" content=\"1200\" \/>\n\t<meta property=\"og:image:height\" content=\"1200\" \/>\n\t<meta property=\"og:image:type\" content=\"image\/jpeg\" \/>\n<meta name=\"twitter:card\" content=\"summary_large_image\" \/>\n<script type=\"application\/ld+json\" class=\"yoast-schema-graph\">{\"@context\":\"https:\\\/\\\/schema.org\",\"@graph\":[{\"@type\":\"WebPage\",\"@id\":\"https:\\\/\\\/idamariagrassi.com\\\/it\\\/products\\\/gr-eu200mkii-eufonium\\\/\",\"url\":\"https:\\\/\\\/idamariagrassi.com\\\/it\\\/products\\\/gr-eu200mkii-eufonium\\\/\",\"name\":\"Eufonium - Ida Maria Grassi\",\"isPartOf\":{\"@id\":\"https:\\\/\\\/idamariagrassi.com\\\/#website\"},\"primaryImageOfPage\":{\"@id\":\"https:\\\/\\\/idamariagrassi.com\\\/it\\\/products\\\/gr-eu200mkii-eufonium\\\/#primaryimage\"},\"image\":{\"@id\":\"https:\\\/\\\/idamariagrassi.com\\\/it\\\/products\\\/gr-eu200mkii-eufonium\\\/#primaryimage\"},\"thumbnailUrl\":\"https:\\\/\\\/idamariagrassi.com\\\/wp-content\\\/uploads\\\/2026\\\/04\\\/tmp_safe_e0da2bee07a75d9998b739dac0db2ef6.jpg\",\"datePublished\":\"2026-04-29T23:30:48+00:00\",\"breadcrumb\":{\"@id\":\"https:\\\/\\\/idamariagrassi.com\\\/it\\\/products\\\/gr-eu200mkii-eufonium\\\/#breadcrumb\"},\"inLanguage\":\"it-IT\",\"potentialAction\":[{\"@type\":\"ReadAction\",\"target\":[\"https:\\\/\\\/idamariagrassi.com\\\/it\\\/products\\\/gr-eu200mkii-eufonium\\\/\"]}]},{\"@type\":\"ImageObject\",\"inLanguage\":\"it-IT\",\"@id\":\"https:\\\/\\\/idamariagrassi.com\\\/it\\\/products\\\/gr-eu200mkii-eufonium\\\/#primaryimage\",\"url\":\"https:\\\/\\\/idamariagrassi.com\\\/wp-content\\\/uploads\\\/2026\\\/04\\\/tmp_safe_e0da2bee07a75d9998b739dac0db2ef6.jpg\",\"contentUrl\":\"https:\\\/\\\/idamariagrassi.com\\\/wp-content\\\/uploads\\\/2026\\\/04\\\/tmp_safe_e0da2bee07a75d9998b739dac0db2ef6.jpg\",\"width\":1200,\"height\":1200},{\"@type\":\"BreadcrumbList\",\"@id\":\"https:\\\/\\\/idamariagrassi.com\\\/it\\\/products\\\/gr-eu200mkii-eufonium\\\/#breadcrumb\",\"itemListElement\":[{\"@type\":\"ListItem\",\"position\":1,\"name\":\"Home\",\"item\":\"https:\\\/\\\/idamariagrassi.com\\\/it\\\/\"},{\"@type\":\"ListItem\",\"position\":2,\"name\":\"Products\",\"item\":\"https:\\\/\\\/idamariagrassi.com\\\/shop\\\/\"},{\"@type\":\"ListItem\",\"position\":3,\"name\":\"Eufonium\"}]},{\"@type\":\"WebSite\",\"@id\":\"https:\\\/\\\/idamariagrassi.com\\\/#website\",\"url\":\"https:\\\/\\\/idamariagrassi.com\\\/\",\"name\":\"idamariagrassi\",\"description\":\"\",\"potentialAction\":[{\"@type\":\"SearchAction\",\"target\":{\"@type\":\"EntryPoint\",\"urlTemplate\":\"https:\\\/\\\/idamariagrassi.com\\\/?s={search_term_string}\"},\"query-input\":{\"@type\":\"PropertyValueSpecification\",\"valueRequired\":true,\"valueName\":\"search_term_string\"}}],\"inLanguage\":\"it-IT\"}]}<\/script>\n<!-- \/ Yoast SEO plugin. -->","yoast_head_json":{"title":"Eufonium - Ida Maria Grassi","robots":{"index":"index","follow":"follow","max-snippet":"max-snippet:-1","max-image-preview":"max-image-preview:large","max-video-preview":"max-video-preview:-1"},"canonical":"https:\/\/idamariagrassi.com\/it\/products\/gr-eu200mkii-eufonium\/","og_locale":"it_IT","og_type":"article","og_title":"Eufonium - Ida Maria Grassi","og_description":"GR EU200MKII L\u2019eufonio GR EU200MKII Ida Maria Grassi in Sib \u00e8 uno strumento di livello avanzato apprezzato sia dagli studenti pi\u00f9 esperti sia dai musicisti professionisti per il suo timbro caldo, pieno e avvolgente e per la fluidit\u00e0 dei pistoni. La configurazione a 3+1 pistoni consente una gestione precisa dell\u2019intonazione e una maggiore estensione, offrendo al musicista ampie possibilit\u00e0 espressive.Il corpo in ottone laccato e i pistoni nichelati assicurano durata, affidabilit\u00e0 e scorrevolezza costante nel tempo, mentre il canneggio da 14,4 mm favorisce un\u2019emissione equilibrata e una risposta pronta in tutti i registri. La campana da 300 mm permette una proiezione sonora ampia e ben definita, garantendo presenza e chiarezza anche in contesti di ensemble complessi.Lo strumento \u00e8 fornito con custodia professionale in foam dotata di ruote, per un trasporto pratico e sicuro, ed \u00e8 corredato di bocchino, olio per pistoni e panno per la pulizia. Un eufonio solido, bilanciato e affidabile, pensato per accompagnare lo studente avanzato o il musicista professionista con comfort, precisione e qualit\u00e0 timbrica. Chiave: Sib Campana: 300 mm Canneggio: 14,40 mm Finitura:\u00a0Ottone Laccato Lead Pipe:\u00a0Laccata Pistoni: Nichelati Astuccio:\u00a0Professionale in Foam Accessori:\u00a0Panno puliziaDesigned & Engineered by ProelManufacturer: Proel - Made in China\u00a0","og_url":"https:\/\/idamariagrassi.com\/it\/products\/gr-eu200mkii-eufonium\/","og_site_name":"Ida Maria Grassi","og_image":[{"width":1200,"height":1200,"url":"https:\/\/idamariagrassi.com\/wp-content\/uploads\/2026\/04\/tmp_safe_e0da2bee07a75d9998b739dac0db2ef6.jpg","type":"image\/jpeg"}],"twitter_card":"summary_large_image","schema":{"@context":"https:\/\/schema.org","@graph":[{"@type":"WebPage","@id":"https:\/\/idamariagrassi.com\/it\/products\/gr-eu200mkii-eufonium\/","url":"https:\/\/idamariagrassi.com\/it\/products\/gr-eu200mkii-eufonium\/","name":"Eufonium - Ida Maria Grassi","isPartOf":{"@id":"https:\/\/idamariagrassi.com\/#website"},"primaryImageOfPage":{"@id":"https:\/\/idamariagrassi.com\/it\/products\/gr-eu200mkii-eufonium\/#primaryimage"},"image":{"@id":"https:\/\/idamariagrassi.com\/it\/products\/gr-eu200mkii-eufonium\/#primaryimage"},"thumbnailUrl":"https:\/\/idamariagrassi.com\/wp-content\/uploads\/2026\/04\/tmp_safe_e0da2bee07a75d9998b739dac0db2ef6.jpg","datePublished":"2026-04-29T23:30:48+00:00","breadcrumb":{"@id":"https:\/\/idamariagrassi.com\/it\/products\/gr-eu200mkii-eufonium\/#breadcrumb"},"inLanguage":"it-IT","potentialAction":[{"@type":"ReadAction","target":["https:\/\/idamariagrassi.com\/it\/products\/gr-eu200mkii-eufonium\/"]}]},{"@type":"ImageObject","inLanguage":"it-IT","@id":"https:\/\/idamariagrassi.com\/it\/products\/gr-eu200mkii-eufonium\/#primaryimage","url":"https:\/\/idamariagrassi.com\/wp-content\/uploads\/2026\/04\/tmp_safe_e0da2bee07a75d9998b739dac0db2ef6.jpg","contentUrl":"https:\/\/idamariagrassi.com\/wp-content\/uploads\/2026\/04\/tmp_safe_e0da2bee07a75d9998b739dac0db2ef6.jpg","width":1200,"height":1200},{"@type":"BreadcrumbList","@id":"https:\/\/idamariagrassi.com\/it\/products\/gr-eu200mkii-eufonium\/#breadcrumb","itemListElement":[{"@type":"ListItem","position":1,"name":"Home","item":"https:\/\/idamariagrassi.com\/it\/"},{"@type":"ListItem","position":2,"name":"Products","item":"https:\/\/idamariagrassi.com\/shop\/"},{"@type":"ListItem","position":3,"name":"Eufonium"}]},{"@type":"WebSite","@id":"https:\/\/idamariagrassi.com\/#website","url":"https:\/\/idamariagrassi.com\/","name":"idamariagrassi","description":"","potentialAction":[{"@type":"SearchAction","target":{"@type":"EntryPoint","urlTemplate":"https:\/\/idamariagrassi.com\/?s={search_term_string}"},"query-input":{"@type":"PropertyValueSpecification","valueRequired":true,"valueName":"search_term_string"}}],"inLanguage":"it-IT"}]}},"_links":{"self":[{"href":"https:\/\/idamariagrassi.com\/it\/wp-json\/wp\/v2\/product\/86664","targetHints":{"allow":["GET"]}}],"collection":[{"href":"https:\/\/idamariagrassi.com\/it\/wp-json\/wp\/v2\/product"}],"about":[{"href":"https:\/\/idamariagrassi.com\/it\/wp-json\/wp\/v2\/types\/product"}],"wp:featuredmedia":[{"embeddable":true,"href":"https:\/\/idamariagrassi.com\/it\/wp-json\/wp\/v2\/media\/359956"}],"wp:attachment":[{"href":"https:\/\/idamariagrassi.com\/it\/wp-json\/wp\/v2\/media?parent=86664"}],"wp:term":[{"taxonomy":"product_brand","embeddable":true,"href":"https:\/\/idamariagrassi.com\/it\/wp-json\/wp\/v2\/product_brand?post=86664"},{"taxonomy":"product_cat","embeddable":true,"href":"https:\/\/idamariagrassi.com\/it\/wp-json\/wp\/v2\/product_cat?post=86664"},{"taxonomy":"product_tag","embeddable":true,"href":"https:\/\/idamariagrassi.com\/it\/wp-json\/wp\/v2\/product_tag?post=86664"}],"curies":[{"name":"wp","href":"https:\/\/api.w.org\/{rel}","templated":true}]}}