{"id":86670,"date":"2026-04-19T01:30:46","date_gmt":"2026-04-18T23:30:46","guid":{"rendered":"https:\/\/idamariagrassi.com\/products\/gr-fh150mkii-corno-francese-semplice\/"},"modified":"2026-04-19T01:30:47","modified_gmt":"2026-04-18T23:30:47","slug":"gr-fh150mkii-corno-francese-semplice","status":"publish","type":"product","link":"https:\/\/idamariagrassi.com\/it\/products\/gr-fh150mkii-corno-francese-semplice\/","title":{"rendered":"Corno Francese Semplice"},"content":{"rendered":"","protected":false},"excerpt":{"rendered":"<p><small>GR FH150MKII<\/small><\/p>\n<p><p>Il corno francese Master GR FH150MKII \u00e8 un corno semplice in Fa con ritorta Mib ideale per i principianti. Il corno semplice \u00e8 pi\u00f9 leggero e maneggevole  soprattutto per i giovani musicisti. Il corpo \u00e8 in ottone giallo laccato per un&#8217;emissione pronta ed un suono rotondo. Le 3 valvole rotative hanno una  risposta ottimale. Lo strumento \u00e8 corredato con gli accessori necessari per suonare da subito: custodia, bocchino e panno pulizia. <\/p>\n<p><\/p>\n<\/p>\n<ul style=\"font-size: 13px;\">\n<li><strong>Chiave:<\/strong><span style=\"white-space: pre;\"> Fa (Mib)<\/span><\/li>\n<li><span style=\"white-space: pre;\"><strong>Tipo:<\/strong> Semplice<\/span><\/li>\n<li><strong>Campana:<\/strong><span style=\"white-space: pre;\"> 280 mm Fissa<\/span><\/li>\n<li><span style=\"white-space: pre;\"><strong>Canneggio: <\/strong>11,90 mm <\/span><\/li>\n<li><strong>Finitura:<\/strong>\u00a0Ottone Laccato<\/li>\n<li><strong>Lead Pipe:<\/strong>\u00a0Laccata<\/li>\n<li><strong>Valvole:\u00a0<\/strong>3 Rotative<\/li>\n<li><strong>Poggiadita:<\/strong> Regolabile<\/li>\n<li><strong>Astuccio:<\/strong>\u00a0Professionale in Foam<\/li>\n<li><strong>Accessori:<\/strong>\u00a0Panno pulizia<\/li>\n<\/ul>\n<p>\u00a0Designed &#038; Engineered by Proel<\/p>\n<p>Manufacturer: Proel &#8211; Made in China<\/p>\n","protected":false},"featured_media":356328,"template":"","meta":{"_acf_changed":false,"content-type":""},"product_brand":[],"product_cat":[64],"product_tag":[88],"class_list":{"0":"post-86670","1":"product","2":"type-product","3":"status-publish","4":"has-post-thumbnail","6":"product_cat-strumenti-master","7":"product_tag-corno-francese","9":"first","10":"instock","11":"product-type-simple"},"acf":[],"yoast_head":"<!-- This site is optimized with the Yoast SEO plugin v27.2 - https:\/\/yoast.com\/product\/yoast-seo-wordpress\/ -->\n<title>Corno Francese Semplice - Ida Maria Grassi<\/title>\n<meta name=\"robots\" content=\"index, follow, max-snippet:-1, max-image-preview:large, max-video-preview:-1\" \/>\n<link rel=\"canonical\" href=\"https:\/\/idamariagrassi.com\/it\/products\/gr-fh150mkii-corno-francese-semplice\/\" \/>\n<meta property=\"og:locale\" content=\"it_IT\" \/>\n<meta property=\"og:type\" content=\"article\" \/>\n<meta property=\"og:title\" content=\"Corno Francese Semplice - Ida Maria Grassi\" \/>\n<meta property=\"og:description\" content=\"GR FH150MKII Il corno francese Master GR FH150MKII \u00e8 un corno semplice in Fa con ritorta Mib ideale per i principianti. Il corno semplice \u00e8 pi\u00f9 leggero e maneggevole soprattutto per i giovani musicisti. Il corpo \u00e8 in ottone giallo laccato per un&#039;emissione pronta ed un suono rotondo. Le 3 valvole rotative hanno una risposta ottimale. Lo strumento \u00e8 corredato con gli accessori necessari per suonare da subito: custodia, bocchino e panno pulizia.  Chiave: Fa (Mib) Tipo: Semplice Campana: 280 mm Fissa Canneggio: 11,90 mm Finitura:\u00a0Ottone Laccato Lead Pipe:\u00a0Laccata Valvole:\u00a03 Rotative Poggiadita: Regolabile Astuccio:\u00a0Professionale in Foam Accessori:\u00a0Panno pulizia\u00a0Designed &amp; Engineered by ProelManufacturer: Proel - Made in China\" \/>\n<meta property=\"og:url\" content=\"https:\/\/idamariagrassi.com\/it\/products\/gr-fh150mkii-corno-francese-semplice\/\" \/>\n<meta property=\"og:site_name\" content=\"Ida Maria Grassi\" \/>\n<meta property=\"article:modified_time\" content=\"2026-04-18T23:30:47+00:00\" \/>\n<meta property=\"og:image\" content=\"https:\/\/idamariagrassi.com\/wp-content\/uploads\/2026\/04\/tmp_safe_3166c99adc3ad31468dcbdf7b84cb3c6.jpg\" \/>\n\t<meta property=\"og:image:width\" content=\"1200\" \/>\n\t<meta property=\"og:image:height\" content=\"1200\" \/>\n\t<meta property=\"og:image:type\" content=\"image\/jpeg\" \/>\n<meta name=\"twitter:card\" content=\"summary_large_image\" \/>\n<script type=\"application\/ld+json\" class=\"yoast-schema-graph\">{\"@context\":\"https:\/\/schema.org\",\"@graph\":[{\"@type\":\"WebPage\",\"@id\":\"https:\/\/idamariagrassi.com\/it\/products\/gr-fh150mkii-corno-francese-semplice\/\",\"url\":\"https:\/\/idamariagrassi.com\/it\/products\/gr-fh150mkii-corno-francese-semplice\/\",\"name\":\"Corno Francese Semplice - Ida Maria Grassi\",\"isPartOf\":{\"@id\":\"https:\/\/idamariagrassi.com\/#website\"},\"primaryImageOfPage\":{\"@id\":\"https:\/\/idamariagrassi.com\/it\/products\/gr-fh150mkii-corno-francese-semplice\/#primaryimage\"},\"image\":{\"@id\":\"https:\/\/idamariagrassi.com\/it\/products\/gr-fh150mkii-corno-francese-semplice\/#primaryimage\"},\"thumbnailUrl\":\"https:\/\/idamariagrassi.com\/wp-content\/uploads\/2026\/04\/tmp_safe_3166c99adc3ad31468dcbdf7b84cb3c6.jpg\",\"datePublished\":\"2026-04-18T23:30:46+00:00\",\"dateModified\":\"2026-04-18T23:30:47+00:00\",\"breadcrumb\":{\"@id\":\"https:\/\/idamariagrassi.com\/it\/products\/gr-fh150mkii-corno-francese-semplice\/#breadcrumb\"},\"inLanguage\":\"it-IT\",\"potentialAction\":[{\"@type\":\"ReadAction\",\"target\":[\"https:\/\/idamariagrassi.com\/it\/products\/gr-fh150mkii-corno-francese-semplice\/\"]}]},{\"@type\":\"ImageObject\",\"inLanguage\":\"it-IT\",\"@id\":\"https:\/\/idamariagrassi.com\/it\/products\/gr-fh150mkii-corno-francese-semplice\/#primaryimage\",\"url\":\"https:\/\/idamariagrassi.com\/wp-content\/uploads\/2026\/04\/tmp_safe_3166c99adc3ad31468dcbdf7b84cb3c6.jpg\",\"contentUrl\":\"https:\/\/idamariagrassi.com\/wp-content\/uploads\/2026\/04\/tmp_safe_3166c99adc3ad31468dcbdf7b84cb3c6.jpg\",\"width\":1200,\"height\":1200},{\"@type\":\"BreadcrumbList\",\"@id\":\"https:\/\/idamariagrassi.com\/it\/products\/gr-fh150mkii-corno-francese-semplice\/#breadcrumb\",\"itemListElement\":[{\"@type\":\"ListItem\",\"position\":1,\"name\":\"Home\",\"item\":\"https:\/\/idamariagrassi.com\/it\/\"},{\"@type\":\"ListItem\",\"position\":2,\"name\":\"Products\",\"item\":\"https:\/\/idamariagrassi.com\/shop\/\"},{\"@type\":\"ListItem\",\"position\":3,\"name\":\"Corno Francese Semplice\"}]},{\"@type\":\"WebSite\",\"@id\":\"https:\/\/idamariagrassi.com\/#website\",\"url\":\"https:\/\/idamariagrassi.com\/\",\"name\":\"idamariagrassi\",\"description\":\"\",\"potentialAction\":[{\"@type\":\"SearchAction\",\"target\":{\"@type\":\"EntryPoint\",\"urlTemplate\":\"https:\/\/idamariagrassi.com\/?s={search_term_string}\"},\"query-input\":{\"@type\":\"PropertyValueSpecification\",\"valueRequired\":true,\"valueName\":\"search_term_string\"}}],\"inLanguage\":\"it-IT\"}]}<\/script>\n<!-- \/ Yoast SEO plugin. -->","yoast_head_json":{"title":"Corno Francese Semplice - Ida Maria Grassi","robots":{"index":"index","follow":"follow","max-snippet":"max-snippet:-1","max-image-preview":"max-image-preview:large","max-video-preview":"max-video-preview:-1"},"canonical":"https:\/\/idamariagrassi.com\/it\/products\/gr-fh150mkii-corno-francese-semplice\/","og_locale":"it_IT","og_type":"article","og_title":"Corno Francese Semplice - Ida Maria Grassi","og_description":"GR FH150MKII Il corno francese Master GR FH150MKII \u00e8 un corno semplice in Fa con ritorta Mib ideale per i principianti. Il corno semplice \u00e8 pi\u00f9 leggero e maneggevole soprattutto per i giovani musicisti. Il corpo \u00e8 in ottone giallo laccato per un'emissione pronta ed un suono rotondo. Le 3 valvole rotative hanno una risposta ottimale. Lo strumento \u00e8 corredato con gli accessori necessari per suonare da subito: custodia, bocchino e panno pulizia.  Chiave: Fa (Mib) Tipo: Semplice Campana: 280 mm Fissa Canneggio: 11,90 mm Finitura:\u00a0Ottone Laccato Lead Pipe:\u00a0Laccata Valvole:\u00a03 Rotative Poggiadita: Regolabile Astuccio:\u00a0Professionale in Foam Accessori:\u00a0Panno pulizia\u00a0Designed & Engineered by ProelManufacturer: Proel - Made in China","og_url":"https:\/\/idamariagrassi.com\/it\/products\/gr-fh150mkii-corno-francese-semplice\/","og_site_name":"Ida Maria Grassi","article_modified_time":"2026-04-18T23:30:47+00:00","og_image":[{"width":1200,"height":1200,"url":"https:\/\/idamariagrassi.com\/wp-content\/uploads\/2026\/04\/tmp_safe_3166c99adc3ad31468dcbdf7b84cb3c6.jpg","type":"image\/jpeg"}],"twitter_card":"summary_large_image","schema":{"@context":"https:\/\/schema.org","@graph":[{"@type":"WebPage","@id":"https:\/\/idamariagrassi.com\/it\/products\/gr-fh150mkii-corno-francese-semplice\/","url":"https:\/\/idamariagrassi.com\/it\/products\/gr-fh150mkii-corno-francese-semplice\/","name":"Corno Francese Semplice - Ida Maria Grassi","isPartOf":{"@id":"https:\/\/idamariagrassi.com\/#website"},"primaryImageOfPage":{"@id":"https:\/\/idamariagrassi.com\/it\/products\/gr-fh150mkii-corno-francese-semplice\/#primaryimage"},"image":{"@id":"https:\/\/idamariagrassi.com\/it\/products\/gr-fh150mkii-corno-francese-semplice\/#primaryimage"},"thumbnailUrl":"https:\/\/idamariagrassi.com\/wp-content\/uploads\/2026\/04\/tmp_safe_3166c99adc3ad31468dcbdf7b84cb3c6.jpg","datePublished":"2026-04-18T23:30:46+00:00","dateModified":"2026-04-18T23:30:47+00:00","breadcrumb":{"@id":"https:\/\/idamariagrassi.com\/it\/products\/gr-fh150mkii-corno-francese-semplice\/#breadcrumb"},"inLanguage":"it-IT","potentialAction":[{"@type":"ReadAction","target":["https:\/\/idamariagrassi.com\/it\/products\/gr-fh150mkii-corno-francese-semplice\/"]}]},{"@type":"ImageObject","inLanguage":"it-IT","@id":"https:\/\/idamariagrassi.com\/it\/products\/gr-fh150mkii-corno-francese-semplice\/#primaryimage","url":"https:\/\/idamariagrassi.com\/wp-content\/uploads\/2026\/04\/tmp_safe_3166c99adc3ad31468dcbdf7b84cb3c6.jpg","contentUrl":"https:\/\/idamariagrassi.com\/wp-content\/uploads\/2026\/04\/tmp_safe_3166c99adc3ad31468dcbdf7b84cb3c6.jpg","width":1200,"height":1200},{"@type":"BreadcrumbList","@id":"https:\/\/idamariagrassi.com\/it\/products\/gr-fh150mkii-corno-francese-semplice\/#breadcrumb","itemListElement":[{"@type":"ListItem","position":1,"name":"Home","item":"https:\/\/idamariagrassi.com\/it\/"},{"@type":"ListItem","position":2,"name":"Products","item":"https:\/\/idamariagrassi.com\/shop\/"},{"@type":"ListItem","position":3,"name":"Corno Francese Semplice"}]},{"@type":"WebSite","@id":"https:\/\/idamariagrassi.com\/#website","url":"https:\/\/idamariagrassi.com\/","name":"idamariagrassi","description":"","potentialAction":[{"@type":"SearchAction","target":{"@type":"EntryPoint","urlTemplate":"https:\/\/idamariagrassi.com\/?s={search_term_string}"},"query-input":{"@type":"PropertyValueSpecification","valueRequired":true,"valueName":"search_term_string"}}],"inLanguage":"it-IT"}]}},"_links":{"self":[{"href":"https:\/\/idamariagrassi.com\/it\/wp-json\/wp\/v2\/product\/86670","targetHints":{"allow":["GET"]}}],"collection":[{"href":"https:\/\/idamariagrassi.com\/it\/wp-json\/wp\/v2\/product"}],"about":[{"href":"https:\/\/idamariagrassi.com\/it\/wp-json\/wp\/v2\/types\/product"}],"wp:featuredmedia":[{"embeddable":true,"href":"https:\/\/idamariagrassi.com\/it\/wp-json\/wp\/v2\/media\/356328"}],"wp:attachment":[{"href":"https:\/\/idamariagrassi.com\/it\/wp-json\/wp\/v2\/media?parent=86670"}],"wp:term":[{"taxonomy":"product_brand","embeddable":true,"href":"https:\/\/idamariagrassi.com\/it\/wp-json\/wp\/v2\/product_brand?post=86670"},{"taxonomy":"product_cat","embeddable":true,"href":"https:\/\/idamariagrassi.com\/it\/wp-json\/wp\/v2\/product_cat?post=86670"},{"taxonomy":"product_tag","embeddable":true,"href":"https:\/\/idamariagrassi.com\/it\/wp-json\/wp\/v2\/product_tag?post=86670"}],"curies":[{"name":"wp","href":"https:\/\/api.w.org\/{rel}","templated":true}]}}