{"id":86684,"date":"2026-04-19T01:31:00","date_gmt":"2026-04-18T23:31:00","guid":{"rendered":"https:\/\/idamariagrassi.com\/products\/gr-tba200mkii-tuba\/"},"modified":"2026-04-19T01:31:00","modified_gmt":"2026-04-18T23:31:00","slug":"gr-tba200mkii-tuba","status":"publish","type":"product","link":"https:\/\/idamariagrassi.com\/it\/products\/gr-tba200mkii-tuba\/","title":{"rendered":"Tuba"},"content":{"rendered":"","protected":false},"excerpt":{"rendered":"<p><small>GR TBA200MKII<\/small><\/p>\n<p><p data-start=\"16\" data-end=\"353\">La tuba GR TBA200MKII Ida Maria Grassi in Sib \u00e8 uno strumento 4\/4 progettato per offrire un suono corposo, profondo e ben proiettato, unito a solidit\u00e0 costruttiva e affidabilit\u00e0 nel tempo. Pensata per studenti avanzati e musicisti di banda e orchestra, garantisce presenza sonora e stabilit\u00e0 anche nei contesti esecutivi pi\u00f9 strutturati.<\/p>\n<p data-start=\"355\" data-end=\"756\">Il corpo in ottone laccato assicura durata e protezione, mentre il canneggio da 19 mm favorisce un flusso d\u2019aria regolare e una risposta pronta. La campana da 425 mm consente una proiezione ampia e definita, sostenendo una base sonora piena e compatta. Le quattro valvole rotative offrono precisione, rapidit\u00e0 di risposta e un controllo accurato dell\u2019intonazione su tutta l\u2019estensione dello strumento.<\/p>\n<\/p>\n<p data-start=\"758\" data-end=\"1076\">La tuba \u00e8 fornita con custodia professionale in foam dotata di ruote, che protegge efficacemente lo strumento e ne facilita il trasporto. La dotazione comprende bocchino, tracolla e panno per la pulizia. Uno strumento equilibrato e affidabile, progettato per garantire potenza sonora, precisione e comfort esecutivo.<\/p>\n<\/p>\n<ul style=\"font-size: 13px;\">\n<li><strong>Chiave:<\/strong><span style=\"white-space: pre;\"> Sib<\/span><\/li>\n<li><strong>Campana:<\/strong><span style=\"white-space: pre;\"> 425 mm<\/span><\/li>\n<li><span style=\"white-space: pre;\"><strong>Canneggio: <\/strong>19 mm <\/span><\/li>\n<li><strong>Finitura:<\/strong>\u00a0Ottone Laccato<\/li>\n<li><strong>Lead Pipe:<\/strong>\u00a0Laccata<\/li>\n<li><strong>Valvole:<\/strong>\u00a04 Rotative<\/li>\n<li><strong>Astuccio:<\/strong>\u00a0Professionale in Foam con Ruote<\/li>\n<li><strong>Accessori:<\/strong>\u00a0Tracolla, panno pulizia<\/li>\n<\/ul>\n<p>\u00a0Designed &#038; Engineered by Proel<\/p>\n<p>Manufacturer: Proel &#8211; Made in China<\/p>\n","protected":false},"featured_media":356333,"template":"","meta":{"_acf_changed":false,"content-type":""},"product_brand":[],"product_cat":[64],"product_tag":[73],"class_list":{"0":"post-86684","1":"product","2":"type-product","3":"status-publish","4":"has-post-thumbnail","6":"product_cat-strumenti-master","7":"product_tag-tuba","9":"first","10":"instock","11":"product-type-simple"},"acf":[],"yoast_head":"<!-- This site is optimized with the Yoast SEO plugin v27.2 - https:\/\/yoast.com\/product\/yoast-seo-wordpress\/ -->\n<title>Tuba - Ida Maria Grassi<\/title>\n<meta name=\"robots\" content=\"index, follow, max-snippet:-1, max-image-preview:large, max-video-preview:-1\" \/>\n<link rel=\"canonical\" href=\"https:\/\/idamariagrassi.com\/it\/products\/gr-tba200mkii-tuba\/\" \/>\n<meta property=\"og:locale\" content=\"it_IT\" \/>\n<meta property=\"og:type\" content=\"article\" \/>\n<meta property=\"og:title\" content=\"Tuba - Ida Maria Grassi\" \/>\n<meta property=\"og:description\" content=\"GR TBA200MKII La tuba GR TBA200MKII Ida Maria Grassi in Sib \u00e8 uno strumento 4\/4 progettato per offrire un suono corposo, profondo e ben proiettato, unito a solidit\u00e0 costruttiva e affidabilit\u00e0 nel tempo. Pensata per studenti avanzati e musicisti di banda e orchestra, garantisce presenza sonora e stabilit\u00e0 anche nei contesti esecutivi pi\u00f9 strutturati.Il corpo in ottone laccato assicura durata e protezione, mentre il canneggio da 19 mm favorisce un flusso d\u2019aria regolare e una risposta pronta. La campana da 425 mm consente una proiezione ampia e definita, sostenendo una base sonora piena e compatta. Le quattro valvole rotative offrono precisione, rapidit\u00e0 di risposta e un controllo accurato dell\u2019intonazione su tutta l\u2019estensione dello strumento.La tuba \u00e8 fornita con custodia professionale in foam dotata di ruote, che protegge efficacemente lo strumento e ne facilita il trasporto. La dotazione comprende bocchino, tracolla e panno per la pulizia. Uno strumento equilibrato e affidabile, progettato per garantire potenza sonora, precisione e comfort esecutivo. Chiave: Sib Campana: 425 mm Canneggio: 19 mm Finitura:\u00a0Ottone Laccato Lead Pipe:\u00a0Laccata Valvole:\u00a04 Rotative Astuccio:\u00a0Professionale in Foam con Ruote Accessori:\u00a0Tracolla, panno pulizia\u00a0Designed &amp; Engineered by ProelManufacturer: Proel - Made in China\" \/>\n<meta property=\"og:url\" content=\"https:\/\/idamariagrassi.com\/it\/products\/gr-tba200mkii-tuba\/\" \/>\n<meta property=\"og:site_name\" content=\"Ida Maria Grassi\" \/>\n<meta property=\"og:image\" content=\"https:\/\/idamariagrassi.com\/wp-content\/uploads\/2026\/04\/tmp_safe_41a2675962b1b4c56ebdfb32d04e4d0b.jpg\" \/>\n\t<meta property=\"og:image:width\" content=\"1200\" \/>\n\t<meta property=\"og:image:height\" content=\"1200\" \/>\n\t<meta property=\"og:image:type\" content=\"image\/jpeg\" \/>\n<meta name=\"twitter:card\" content=\"summary_large_image\" \/>\n<script type=\"application\/ld+json\" class=\"yoast-schema-graph\">{\"@context\":\"https:\/\/schema.org\",\"@graph\":[{\"@type\":\"WebPage\",\"@id\":\"https:\/\/idamariagrassi.com\/it\/products\/gr-tba200mkii-tuba\/\",\"url\":\"https:\/\/idamariagrassi.com\/it\/products\/gr-tba200mkii-tuba\/\",\"name\":\"Tuba - Ida Maria Grassi\",\"isPartOf\":{\"@id\":\"https:\/\/idamariagrassi.com\/#website\"},\"primaryImageOfPage\":{\"@id\":\"https:\/\/idamariagrassi.com\/it\/products\/gr-tba200mkii-tuba\/#primaryimage\"},\"image\":{\"@id\":\"https:\/\/idamariagrassi.com\/it\/products\/gr-tba200mkii-tuba\/#primaryimage\"},\"thumbnailUrl\":\"https:\/\/idamariagrassi.com\/wp-content\/uploads\/2026\/04\/tmp_safe_41a2675962b1b4c56ebdfb32d04e4d0b.jpg\",\"datePublished\":\"2026-04-18T23:31:00+00:00\",\"breadcrumb\":{\"@id\":\"https:\/\/idamariagrassi.com\/it\/products\/gr-tba200mkii-tuba\/#breadcrumb\"},\"inLanguage\":\"it-IT\",\"potentialAction\":[{\"@type\":\"ReadAction\",\"target\":[\"https:\/\/idamariagrassi.com\/it\/products\/gr-tba200mkii-tuba\/\"]}]},{\"@type\":\"ImageObject\",\"inLanguage\":\"it-IT\",\"@id\":\"https:\/\/idamariagrassi.com\/it\/products\/gr-tba200mkii-tuba\/#primaryimage\",\"url\":\"https:\/\/idamariagrassi.com\/wp-content\/uploads\/2026\/04\/tmp_safe_41a2675962b1b4c56ebdfb32d04e4d0b.jpg\",\"contentUrl\":\"https:\/\/idamariagrassi.com\/wp-content\/uploads\/2026\/04\/tmp_safe_41a2675962b1b4c56ebdfb32d04e4d0b.jpg\",\"width\":1200,\"height\":1200},{\"@type\":\"BreadcrumbList\",\"@id\":\"https:\/\/idamariagrassi.com\/it\/products\/gr-tba200mkii-tuba\/#breadcrumb\",\"itemListElement\":[{\"@type\":\"ListItem\",\"position\":1,\"name\":\"Home\",\"item\":\"https:\/\/idamariagrassi.com\/it\/\"},{\"@type\":\"ListItem\",\"position\":2,\"name\":\"Products\",\"item\":\"https:\/\/idamariagrassi.com\/shop\/\"},{\"@type\":\"ListItem\",\"position\":3,\"name\":\"Tuba\"}]},{\"@type\":\"WebSite\",\"@id\":\"https:\/\/idamariagrassi.com\/#website\",\"url\":\"https:\/\/idamariagrassi.com\/\",\"name\":\"idamariagrassi\",\"description\":\"\",\"potentialAction\":[{\"@type\":\"SearchAction\",\"target\":{\"@type\":\"EntryPoint\",\"urlTemplate\":\"https:\/\/idamariagrassi.com\/?s={search_term_string}\"},\"query-input\":{\"@type\":\"PropertyValueSpecification\",\"valueRequired\":true,\"valueName\":\"search_term_string\"}}],\"inLanguage\":\"it-IT\"}]}<\/script>\n<!-- \/ Yoast SEO plugin. -->","yoast_head_json":{"title":"Tuba - Ida Maria Grassi","robots":{"index":"index","follow":"follow","max-snippet":"max-snippet:-1","max-image-preview":"max-image-preview:large","max-video-preview":"max-video-preview:-1"},"canonical":"https:\/\/idamariagrassi.com\/it\/products\/gr-tba200mkii-tuba\/","og_locale":"it_IT","og_type":"article","og_title":"Tuba - Ida Maria Grassi","og_description":"GR TBA200MKII La tuba GR TBA200MKII Ida Maria Grassi in Sib \u00e8 uno strumento 4\/4 progettato per offrire un suono corposo, profondo e ben proiettato, unito a solidit\u00e0 costruttiva e affidabilit\u00e0 nel tempo. Pensata per studenti avanzati e musicisti di banda e orchestra, garantisce presenza sonora e stabilit\u00e0 anche nei contesti esecutivi pi\u00f9 strutturati.Il corpo in ottone laccato assicura durata e protezione, mentre il canneggio da 19 mm favorisce un flusso d\u2019aria regolare e una risposta pronta. La campana da 425 mm consente una proiezione ampia e definita, sostenendo una base sonora piena e compatta. Le quattro valvole rotative offrono precisione, rapidit\u00e0 di risposta e un controllo accurato dell\u2019intonazione su tutta l\u2019estensione dello strumento.La tuba \u00e8 fornita con custodia professionale in foam dotata di ruote, che protegge efficacemente lo strumento e ne facilita il trasporto. La dotazione comprende bocchino, tracolla e panno per la pulizia. Uno strumento equilibrato e affidabile, progettato per garantire potenza sonora, precisione e comfort esecutivo. Chiave: Sib Campana: 425 mm Canneggio: 19 mm Finitura:\u00a0Ottone Laccato Lead Pipe:\u00a0Laccata Valvole:\u00a04 Rotative Astuccio:\u00a0Professionale in Foam con Ruote Accessori:\u00a0Tracolla, panno pulizia\u00a0Designed & Engineered by ProelManufacturer: Proel - Made in China","og_url":"https:\/\/idamariagrassi.com\/it\/products\/gr-tba200mkii-tuba\/","og_site_name":"Ida Maria Grassi","og_image":[{"width":1200,"height":1200,"url":"https:\/\/idamariagrassi.com\/wp-content\/uploads\/2026\/04\/tmp_safe_41a2675962b1b4c56ebdfb32d04e4d0b.jpg","type":"image\/jpeg"}],"twitter_card":"summary_large_image","schema":{"@context":"https:\/\/schema.org","@graph":[{"@type":"WebPage","@id":"https:\/\/idamariagrassi.com\/it\/products\/gr-tba200mkii-tuba\/","url":"https:\/\/idamariagrassi.com\/it\/products\/gr-tba200mkii-tuba\/","name":"Tuba - Ida Maria Grassi","isPartOf":{"@id":"https:\/\/idamariagrassi.com\/#website"},"primaryImageOfPage":{"@id":"https:\/\/idamariagrassi.com\/it\/products\/gr-tba200mkii-tuba\/#primaryimage"},"image":{"@id":"https:\/\/idamariagrassi.com\/it\/products\/gr-tba200mkii-tuba\/#primaryimage"},"thumbnailUrl":"https:\/\/idamariagrassi.com\/wp-content\/uploads\/2026\/04\/tmp_safe_41a2675962b1b4c56ebdfb32d04e4d0b.jpg","datePublished":"2026-04-18T23:31:00+00:00","breadcrumb":{"@id":"https:\/\/idamariagrassi.com\/it\/products\/gr-tba200mkii-tuba\/#breadcrumb"},"inLanguage":"it-IT","potentialAction":[{"@type":"ReadAction","target":["https:\/\/idamariagrassi.com\/it\/products\/gr-tba200mkii-tuba\/"]}]},{"@type":"ImageObject","inLanguage":"it-IT","@id":"https:\/\/idamariagrassi.com\/it\/products\/gr-tba200mkii-tuba\/#primaryimage","url":"https:\/\/idamariagrassi.com\/wp-content\/uploads\/2026\/04\/tmp_safe_41a2675962b1b4c56ebdfb32d04e4d0b.jpg","contentUrl":"https:\/\/idamariagrassi.com\/wp-content\/uploads\/2026\/04\/tmp_safe_41a2675962b1b4c56ebdfb32d04e4d0b.jpg","width":1200,"height":1200},{"@type":"BreadcrumbList","@id":"https:\/\/idamariagrassi.com\/it\/products\/gr-tba200mkii-tuba\/#breadcrumb","itemListElement":[{"@type":"ListItem","position":1,"name":"Home","item":"https:\/\/idamariagrassi.com\/it\/"},{"@type":"ListItem","position":2,"name":"Products","item":"https:\/\/idamariagrassi.com\/shop\/"},{"@type":"ListItem","position":3,"name":"Tuba"}]},{"@type":"WebSite","@id":"https:\/\/idamariagrassi.com\/#website","url":"https:\/\/idamariagrassi.com\/","name":"idamariagrassi","description":"","potentialAction":[{"@type":"SearchAction","target":{"@type":"EntryPoint","urlTemplate":"https:\/\/idamariagrassi.com\/?s={search_term_string}"},"query-input":{"@type":"PropertyValueSpecification","valueRequired":true,"valueName":"search_term_string"}}],"inLanguage":"it-IT"}]}},"_links":{"self":[{"href":"https:\/\/idamariagrassi.com\/it\/wp-json\/wp\/v2\/product\/86684","targetHints":{"allow":["GET"]}}],"collection":[{"href":"https:\/\/idamariagrassi.com\/it\/wp-json\/wp\/v2\/product"}],"about":[{"href":"https:\/\/idamariagrassi.com\/it\/wp-json\/wp\/v2\/types\/product"}],"wp:featuredmedia":[{"embeddable":true,"href":"https:\/\/idamariagrassi.com\/it\/wp-json\/wp\/v2\/media\/356333"}],"wp:attachment":[{"href":"https:\/\/idamariagrassi.com\/it\/wp-json\/wp\/v2\/media?parent=86684"}],"wp:term":[{"taxonomy":"product_brand","embeddable":true,"href":"https:\/\/idamariagrassi.com\/it\/wp-json\/wp\/v2\/product_brand?post=86684"},{"taxonomy":"product_cat","embeddable":true,"href":"https:\/\/idamariagrassi.com\/it\/wp-json\/wp\/v2\/product_cat?post=86684"},{"taxonomy":"product_tag","embeddable":true,"href":"https:\/\/idamariagrassi.com\/it\/wp-json\/wp\/v2\/product_tag?post=86684"}],"curies":[{"name":"wp","href":"https:\/\/api.w.org\/{rel}","templated":true}]}}