{"id":86700,"date":"2026-04-17T01:31:13","date_gmt":"2026-04-16T23:31:13","guid":{"rendered":"https:\/\/idamariagrassi.com\/products\/gr-tr210-tromba-in-sib\/"},"modified":"2026-04-17T01:31:13","modified_gmt":"2026-04-16T23:31:13","slug":"gr-tr210-tromba-in-sib","status":"publish","type":"product","link":"https:\/\/idamariagrassi.com\/it\/products\/gr-tr210-tromba-in-sib\/","title":{"rendered":"Tromba in Sib"},"content":{"rendered":"","protected":false},"excerpt":{"rendered":"<p><small>GR TR210<\/small><\/p>\n<p><p>La tromba Master GR TR210 Ida Maria Grassi \u00e8 uno strumento economico ma con prestazioni eccellenti. La laccatura chiara, il cannello ramato e le pompe  nichelate le donano un aspetto di strumento altamente professionale. Il canneggio medio\/largo \u00e8 pensato per incontrare le esigenze degli studenti e  rende lo strumento versatile per tutti i generi musicali. La custodia \u00e8 estremamente robusta ed \u00e8 corredata di due spallacci per utilizzarla a zaino.  Lo strumento \u00e8 corredato di tutti gli accessori per iniziare a suonare: custodia, panno pulizia, olio per pistoni e bocchino.<\/p>\n<\/p>\n<ul style=\"font-size: 13px;\">\n<li><strong>Chiave:<\/strong><span style=\"white-space: pre;\"> Sib<\/span><\/li>\n<li><strong>Campana:<\/strong><span style=\"white-space: pre;\"> 123 mm<\/span><\/li>\n<li><span style=\"white-space: pre;\"><strong>Canneggio: <\/strong>11,66 mm <\/span><\/li>\n<li><strong>Finitura:<\/strong>\u00a0Ottone Laccato<\/li>\n<li><strong>Pistoni:<\/strong>\u00a0Acciaio Inossidabile<\/li>\n<li><strong>Lead Pipe:<\/strong>\u00a0Bronzo<\/li>\n<li><strong>Astuccio:<\/strong>\u00a0Professionale in Foam<\/li>\n<li><strong>Accessori:<\/strong>\u00a0Panno pulizia, olio pistoni<\/li>\n<\/ul>\n<p>\u00a0Designed &#038; Engineered by Proel<\/p>\n<p>Manufacturer: Proel &#8211; Made in China<\/p>\n","protected":false},"featured_media":355680,"template":"","meta":{"_acf_changed":false,"content-type":""},"product_brand":[],"product_cat":[64],"product_tag":[69],"class_list":{"0":"post-86700","1":"product","2":"type-product","3":"status-publish","4":"has-post-thumbnail","6":"product_cat-strumenti-master","7":"product_tag-trombe","9":"first","10":"instock","11":"product-type-simple"},"acf":[],"yoast_head":"<!-- This site is optimized with the Yoast SEO plugin v27.2 - https:\/\/yoast.com\/product\/yoast-seo-wordpress\/ -->\n<title>Tromba in Sib - Ida Maria Grassi<\/title>\n<meta name=\"robots\" content=\"index, follow, max-snippet:-1, max-image-preview:large, max-video-preview:-1\" \/>\n<link rel=\"canonical\" href=\"https:\/\/idamariagrassi.com\/it\/products\/gr-tr210-tromba-in-sib\/\" \/>\n<meta property=\"og:locale\" content=\"it_IT\" \/>\n<meta property=\"og:type\" content=\"article\" \/>\n<meta property=\"og:title\" content=\"Tromba in Sib - Ida Maria Grassi\" \/>\n<meta property=\"og:description\" content=\"GR TR210 La tromba Master GR TR210 Ida Maria Grassi \u00e8 uno strumento economico ma con prestazioni eccellenti. La laccatura chiara, il cannello ramato e le pompe nichelate le donano un aspetto di strumento altamente professionale. Il canneggio medio\/largo \u00e8 pensato per incontrare le esigenze degli studenti e rende lo strumento versatile per tutti i generi musicali. La custodia \u00e8 estremamente robusta ed \u00e8 corredata di due spallacci per utilizzarla a zaino. Lo strumento \u00e8 corredato di tutti gli accessori per iniziare a suonare: custodia, panno pulizia, olio per pistoni e bocchino. Chiave: Sib Campana: 123 mm Canneggio: 11,66 mm Finitura:\u00a0Ottone Laccato Pistoni:\u00a0Acciaio Inossidabile Lead Pipe:\u00a0Bronzo Astuccio:\u00a0Professionale in Foam Accessori:\u00a0Panno pulizia, olio pistoni\u00a0Designed &amp; Engineered by ProelManufacturer: Proel - Made in China\" \/>\n<meta property=\"og:url\" content=\"https:\/\/idamariagrassi.com\/it\/products\/gr-tr210-tromba-in-sib\/\" \/>\n<meta property=\"og:site_name\" content=\"Ida Maria Grassi\" \/>\n<meta property=\"og:image\" content=\"https:\/\/idamariagrassi.com\/wp-content\/uploads\/2026\/04\/tmp_safe_03ccc17351fb05d1ac48f52db508fa48.jpg\" \/>\n\t<meta property=\"og:image:width\" content=\"1200\" \/>\n\t<meta property=\"og:image:height\" content=\"1200\" \/>\n\t<meta property=\"og:image:type\" content=\"image\/jpeg\" \/>\n<meta name=\"twitter:card\" content=\"summary_large_image\" \/>\n<script type=\"application\/ld+json\" class=\"yoast-schema-graph\">{\"@context\":\"https:\/\/schema.org\",\"@graph\":[{\"@type\":\"WebPage\",\"@id\":\"https:\/\/idamariagrassi.com\/it\/products\/gr-tr210-tromba-in-sib\/\",\"url\":\"https:\/\/idamariagrassi.com\/it\/products\/gr-tr210-tromba-in-sib\/\",\"name\":\"Tromba in Sib - Ida Maria Grassi\",\"isPartOf\":{\"@id\":\"https:\/\/idamariagrassi.com\/#website\"},\"primaryImageOfPage\":{\"@id\":\"https:\/\/idamariagrassi.com\/it\/products\/gr-tr210-tromba-in-sib\/#primaryimage\"},\"image\":{\"@id\":\"https:\/\/idamariagrassi.com\/it\/products\/gr-tr210-tromba-in-sib\/#primaryimage\"},\"thumbnailUrl\":\"https:\/\/idamariagrassi.com\/wp-content\/uploads\/2026\/04\/tmp_safe_03ccc17351fb05d1ac48f52db508fa48.jpg\",\"datePublished\":\"2026-04-16T23:31:13+00:00\",\"breadcrumb\":{\"@id\":\"https:\/\/idamariagrassi.com\/it\/products\/gr-tr210-tromba-in-sib\/#breadcrumb\"},\"inLanguage\":\"it-IT\",\"potentialAction\":[{\"@type\":\"ReadAction\",\"target\":[\"https:\/\/idamariagrassi.com\/it\/products\/gr-tr210-tromba-in-sib\/\"]}]},{\"@type\":\"ImageObject\",\"inLanguage\":\"it-IT\",\"@id\":\"https:\/\/idamariagrassi.com\/it\/products\/gr-tr210-tromba-in-sib\/#primaryimage\",\"url\":\"https:\/\/idamariagrassi.com\/wp-content\/uploads\/2026\/04\/tmp_safe_03ccc17351fb05d1ac48f52db508fa48.jpg\",\"contentUrl\":\"https:\/\/idamariagrassi.com\/wp-content\/uploads\/2026\/04\/tmp_safe_03ccc17351fb05d1ac48f52db508fa48.jpg\",\"width\":1200,\"height\":1200},{\"@type\":\"BreadcrumbList\",\"@id\":\"https:\/\/idamariagrassi.com\/it\/products\/gr-tr210-tromba-in-sib\/#breadcrumb\",\"itemListElement\":[{\"@type\":\"ListItem\",\"position\":1,\"name\":\"Home\",\"item\":\"https:\/\/idamariagrassi.com\/it\/\"},{\"@type\":\"ListItem\",\"position\":2,\"name\":\"Products\",\"item\":\"https:\/\/idamariagrassi.com\/shop\/\"},{\"@type\":\"ListItem\",\"position\":3,\"name\":\"Tromba in Sib\"}]},{\"@type\":\"WebSite\",\"@id\":\"https:\/\/idamariagrassi.com\/#website\",\"url\":\"https:\/\/idamariagrassi.com\/\",\"name\":\"idamariagrassi\",\"description\":\"\",\"potentialAction\":[{\"@type\":\"SearchAction\",\"target\":{\"@type\":\"EntryPoint\",\"urlTemplate\":\"https:\/\/idamariagrassi.com\/?s={search_term_string}\"},\"query-input\":{\"@type\":\"PropertyValueSpecification\",\"valueRequired\":true,\"valueName\":\"search_term_string\"}}],\"inLanguage\":\"it-IT\"}]}<\/script>\n<!-- \/ Yoast SEO plugin. -->","yoast_head_json":{"title":"Tromba in Sib - Ida Maria Grassi","robots":{"index":"index","follow":"follow","max-snippet":"max-snippet:-1","max-image-preview":"max-image-preview:large","max-video-preview":"max-video-preview:-1"},"canonical":"https:\/\/idamariagrassi.com\/it\/products\/gr-tr210-tromba-in-sib\/","og_locale":"it_IT","og_type":"article","og_title":"Tromba in Sib - Ida Maria Grassi","og_description":"GR TR210 La tromba Master GR TR210 Ida Maria Grassi \u00e8 uno strumento economico ma con prestazioni eccellenti. La laccatura chiara, il cannello ramato e le pompe nichelate le donano un aspetto di strumento altamente professionale. Il canneggio medio\/largo \u00e8 pensato per incontrare le esigenze degli studenti e rende lo strumento versatile per tutti i generi musicali. La custodia \u00e8 estremamente robusta ed \u00e8 corredata di due spallacci per utilizzarla a zaino. Lo strumento \u00e8 corredato di tutti gli accessori per iniziare a suonare: custodia, panno pulizia, olio per pistoni e bocchino. Chiave: Sib Campana: 123 mm Canneggio: 11,66 mm Finitura:\u00a0Ottone Laccato Pistoni:\u00a0Acciaio Inossidabile Lead Pipe:\u00a0Bronzo Astuccio:\u00a0Professionale in Foam Accessori:\u00a0Panno pulizia, olio pistoni\u00a0Designed & Engineered by ProelManufacturer: Proel - Made in China","og_url":"https:\/\/idamariagrassi.com\/it\/products\/gr-tr210-tromba-in-sib\/","og_site_name":"Ida Maria Grassi","og_image":[{"width":1200,"height":1200,"url":"https:\/\/idamariagrassi.com\/wp-content\/uploads\/2026\/04\/tmp_safe_03ccc17351fb05d1ac48f52db508fa48.jpg","type":"image\/jpeg"}],"twitter_card":"summary_large_image","schema":{"@context":"https:\/\/schema.org","@graph":[{"@type":"WebPage","@id":"https:\/\/idamariagrassi.com\/it\/products\/gr-tr210-tromba-in-sib\/","url":"https:\/\/idamariagrassi.com\/it\/products\/gr-tr210-tromba-in-sib\/","name":"Tromba in Sib - Ida Maria Grassi","isPartOf":{"@id":"https:\/\/idamariagrassi.com\/#website"},"primaryImageOfPage":{"@id":"https:\/\/idamariagrassi.com\/it\/products\/gr-tr210-tromba-in-sib\/#primaryimage"},"image":{"@id":"https:\/\/idamariagrassi.com\/it\/products\/gr-tr210-tromba-in-sib\/#primaryimage"},"thumbnailUrl":"https:\/\/idamariagrassi.com\/wp-content\/uploads\/2026\/04\/tmp_safe_03ccc17351fb05d1ac48f52db508fa48.jpg","datePublished":"2026-04-16T23:31:13+00:00","breadcrumb":{"@id":"https:\/\/idamariagrassi.com\/it\/products\/gr-tr210-tromba-in-sib\/#breadcrumb"},"inLanguage":"it-IT","potentialAction":[{"@type":"ReadAction","target":["https:\/\/idamariagrassi.com\/it\/products\/gr-tr210-tromba-in-sib\/"]}]},{"@type":"ImageObject","inLanguage":"it-IT","@id":"https:\/\/idamariagrassi.com\/it\/products\/gr-tr210-tromba-in-sib\/#primaryimage","url":"https:\/\/idamariagrassi.com\/wp-content\/uploads\/2026\/04\/tmp_safe_03ccc17351fb05d1ac48f52db508fa48.jpg","contentUrl":"https:\/\/idamariagrassi.com\/wp-content\/uploads\/2026\/04\/tmp_safe_03ccc17351fb05d1ac48f52db508fa48.jpg","width":1200,"height":1200},{"@type":"BreadcrumbList","@id":"https:\/\/idamariagrassi.com\/it\/products\/gr-tr210-tromba-in-sib\/#breadcrumb","itemListElement":[{"@type":"ListItem","position":1,"name":"Home","item":"https:\/\/idamariagrassi.com\/it\/"},{"@type":"ListItem","position":2,"name":"Products","item":"https:\/\/idamariagrassi.com\/shop\/"},{"@type":"ListItem","position":3,"name":"Tromba in Sib"}]},{"@type":"WebSite","@id":"https:\/\/idamariagrassi.com\/#website","url":"https:\/\/idamariagrassi.com\/","name":"idamariagrassi","description":"","potentialAction":[{"@type":"SearchAction","target":{"@type":"EntryPoint","urlTemplate":"https:\/\/idamariagrassi.com\/?s={search_term_string}"},"query-input":{"@type":"PropertyValueSpecification","valueRequired":true,"valueName":"search_term_string"}}],"inLanguage":"it-IT"}]}},"_links":{"self":[{"href":"https:\/\/idamariagrassi.com\/it\/wp-json\/wp\/v2\/product\/86700","targetHints":{"allow":["GET"]}}],"collection":[{"href":"https:\/\/idamariagrassi.com\/it\/wp-json\/wp\/v2\/product"}],"about":[{"href":"https:\/\/idamariagrassi.com\/it\/wp-json\/wp\/v2\/types\/product"}],"wp:featuredmedia":[{"embeddable":true,"href":"https:\/\/idamariagrassi.com\/it\/wp-json\/wp\/v2\/media\/355680"}],"wp:attachment":[{"href":"https:\/\/idamariagrassi.com\/it\/wp-json\/wp\/v2\/media?parent=86700"}],"wp:term":[{"taxonomy":"product_brand","embeddable":true,"href":"https:\/\/idamariagrassi.com\/it\/wp-json\/wp\/v2\/product_brand?post=86700"},{"taxonomy":"product_cat","embeddable":true,"href":"https:\/\/idamariagrassi.com\/it\/wp-json\/wp\/v2\/product_cat?post=86700"},{"taxonomy":"product_tag","embeddable":true,"href":"https:\/\/idamariagrassi.com\/it\/wp-json\/wp\/v2\/product_tag?post=86700"}],"curies":[{"name":"wp","href":"https:\/\/api.w.org\/{rel}","templated":true}]}}