{"id":86723,"date":"2026-04-17T01:31:33","date_gmt":"2026-04-16T23:31:33","guid":{"rendered":"https:\/\/idamariagrassi.com\/products\/gr-trb300mkii-trombone\/"},"modified":"2026-04-17T01:31:34","modified_gmt":"2026-04-16T23:31:34","slug":"gr-trb300mkii-trombone","status":"publish","type":"product","link":"https:\/\/idamariagrassi.com\/it\/products\/gr-trb300mkii-trombone\/","title":{"rendered":"Trombone"},"content":{"rendered":"","protected":false},"excerpt":{"rendered":"<p><small>GR TRB300MKII<\/small><\/p>\n<p><p data-start=\"16\" data-end=\"387\">Il trombone a pistoni GR TRB300MKII Ida Maria Grassi in Sib \u00e8 uno strumento progettato per offrire facilit\u00e0 di emissione, precisione e affidabilit\u00e0 meccanica, ideale per studenti e per l\u2019utilizzo in contesti bandistici e scolastici. La configurazione a tre pistoni consente una gestione intuitiva delle note e facilita l\u2019apprendimento delle tecniche di base del trombone.<\/p>\n<p data-start=\"389\" data-end=\"836\">Il corpo in ottone con finitura laccata assicura durata, stabilit\u00e0 e una timbrica chiara e brillante. Il canneggio da 12,4 mm favorisce un flusso d\u2019aria regolare e una risposta pronta, mentre la campana da 203 mm garantisce una proiezione sonora equilibrata e omogenea. I pistoni in acciaio inossidabile assicurano scorrevolezza, precisione e resistenza all\u2019usura, mentre le chiavi d\u2019acqua sulle pompe 1 e 3 facilitano l\u2019espulsione della condensa.<\/p>\n<\/p>\n<p data-start=\"838\" data-end=\"1115\">Il trombone \u00e8 fornito con custodia professionale in foam a zaino per un trasporto pratico e sicuro ed \u00e8 corredato di bocchino e panno per la pulizia. Uno strumento affidabile e bilanciato, pensato per accompagnare lo studente nella crescita musicale con comfort e precisione.<\/p>\n<\/p>\n<ul style=\"font-size: 13px;\">\n<li><strong>Chiave:<\/strong><span style=\"white-space: pre;\"> Sib<\/span><\/li>\n<li><strong>Campana:<\/strong><span style=\"white-space: pre;\"> 203 mm<\/span><\/li>\n<li><span style=\"white-space: pre;\"><strong>Canneggio: <\/strong>12,40 mm <\/span><\/li>\n<li><strong>Finitura:<\/strong>\u00a0Ottone Laccato<\/li>\n<li><strong>Pistoni:<\/strong>\u00a0Acciaio Inossidabile<\/li>\n<li><strong>Chiave Dell&#8217;acqua:<\/strong>\u00a0Sulle Pompe 1 E 3<\/li>\n<li><strong>Astuccio:<\/strong>\u00a0Professionale in Foam<\/li>\n<li><strong>Accessori: <\/strong>Panno pulizia<\/li>\n<\/ul>\n<p>Designed &#038; Engineered by Proel<\/p>\n<p>Manufacturer: Proel &#8211; Made in China<\/p>\n<ul style=\"font-size: 13px;\"><\/ul>\n<p>\u00a0<\/p>\n","protected":false},"featured_media":355689,"template":"","meta":{"_acf_changed":false,"content-type":""},"product_brand":[],"product_cat":[64],"product_tag":[70],"class_list":{"0":"post-86723","1":"product","2":"type-product","3":"status-publish","4":"has-post-thumbnail","6":"product_cat-strumenti-master","7":"product_tag-trombone","9":"first","10":"instock","11":"product-type-simple"},"acf":[],"yoast_head":"<!-- This site is optimized with the Yoast SEO plugin v27.2 - https:\/\/yoast.com\/product\/yoast-seo-wordpress\/ -->\n<title>Trombone - Ida Maria Grassi<\/title>\n<meta name=\"robots\" content=\"index, follow, max-snippet:-1, max-image-preview:large, max-video-preview:-1\" \/>\n<link rel=\"canonical\" href=\"https:\/\/idamariagrassi.com\/it\/products\/gr-trb300mkii-trombone\/\" \/>\n<meta property=\"og:locale\" content=\"it_IT\" \/>\n<meta property=\"og:type\" content=\"article\" \/>\n<meta property=\"og:title\" content=\"Trombone - Ida Maria Grassi\" \/>\n<meta property=\"og:description\" content=\"GR TRB300MKII Il trombone a pistoni GR TRB300MKII Ida Maria Grassi in Sib \u00e8 uno strumento progettato per offrire facilit\u00e0 di emissione, precisione e affidabilit\u00e0 meccanica, ideale per studenti e per l\u2019utilizzo in contesti bandistici e scolastici. La configurazione a tre pistoni consente una gestione intuitiva delle note e facilita l\u2019apprendimento delle tecniche di base del trombone.Il corpo in ottone con finitura laccata assicura durata, stabilit\u00e0 e una timbrica chiara e brillante. Il canneggio da 12,4 mm favorisce un flusso d\u2019aria regolare e una risposta pronta, mentre la campana da 203 mm garantisce una proiezione sonora equilibrata e omogenea. I pistoni in acciaio inossidabile assicurano scorrevolezza, precisione e resistenza all\u2019usura, mentre le chiavi d\u2019acqua sulle pompe 1 e 3 facilitano l\u2019espulsione della condensa.Il trombone \u00e8 fornito con custodia professionale in foam a zaino per un trasporto pratico e sicuro ed \u00e8 corredato di bocchino e panno per la pulizia. Uno strumento affidabile e bilanciato, pensato per accompagnare lo studente nella crescita musicale con comfort e precisione. Chiave: Sib Campana: 203 mm Canneggio: 12,40 mm Finitura:\u00a0Ottone Laccato Pistoni:\u00a0Acciaio Inossidabile Chiave Dell&#039;acqua:\u00a0Sulle Pompe 1 E 3 Astuccio:\u00a0Professionale in Foam Accessori: Panno puliziaDesigned &amp; Engineered by ProelManufacturer: Proel - Made in China\u00a0\" \/>\n<meta property=\"og:url\" content=\"https:\/\/idamariagrassi.com\/it\/products\/gr-trb300mkii-trombone\/\" \/>\n<meta property=\"og:site_name\" content=\"Ida Maria Grassi\" \/>\n<meta property=\"article:modified_time\" content=\"2026-04-16T23:31:34+00:00\" \/>\n<meta property=\"og:image\" content=\"https:\/\/idamariagrassi.com\/wp-content\/uploads\/2026\/04\/tmp_safe_4ed5dec89b57b69920a1fcdc1fac3a52.jpg\" \/>\n\t<meta property=\"og:image:width\" content=\"1200\" \/>\n\t<meta property=\"og:image:height\" content=\"1200\" \/>\n\t<meta property=\"og:image:type\" content=\"image\/jpeg\" \/>\n<meta name=\"twitter:card\" content=\"summary_large_image\" \/>\n<script type=\"application\/ld+json\" class=\"yoast-schema-graph\">{\"@context\":\"https:\/\/schema.org\",\"@graph\":[{\"@type\":\"WebPage\",\"@id\":\"https:\/\/idamariagrassi.com\/it\/products\/gr-trb300mkii-trombone\/\",\"url\":\"https:\/\/idamariagrassi.com\/it\/products\/gr-trb300mkii-trombone\/\",\"name\":\"Trombone - Ida Maria Grassi\",\"isPartOf\":{\"@id\":\"https:\/\/idamariagrassi.com\/#website\"},\"primaryImageOfPage\":{\"@id\":\"https:\/\/idamariagrassi.com\/it\/products\/gr-trb300mkii-trombone\/#primaryimage\"},\"image\":{\"@id\":\"https:\/\/idamariagrassi.com\/it\/products\/gr-trb300mkii-trombone\/#primaryimage\"},\"thumbnailUrl\":\"https:\/\/idamariagrassi.com\/wp-content\/uploads\/2026\/04\/tmp_safe_4ed5dec89b57b69920a1fcdc1fac3a52.jpg\",\"datePublished\":\"2026-04-16T23:31:33+00:00\",\"dateModified\":\"2026-04-16T23:31:34+00:00\",\"breadcrumb\":{\"@id\":\"https:\/\/idamariagrassi.com\/it\/products\/gr-trb300mkii-trombone\/#breadcrumb\"},\"inLanguage\":\"it-IT\",\"potentialAction\":[{\"@type\":\"ReadAction\",\"target\":[\"https:\/\/idamariagrassi.com\/it\/products\/gr-trb300mkii-trombone\/\"]}]},{\"@type\":\"ImageObject\",\"inLanguage\":\"it-IT\",\"@id\":\"https:\/\/idamariagrassi.com\/it\/products\/gr-trb300mkii-trombone\/#primaryimage\",\"url\":\"https:\/\/idamariagrassi.com\/wp-content\/uploads\/2026\/04\/tmp_safe_4ed5dec89b57b69920a1fcdc1fac3a52.jpg\",\"contentUrl\":\"https:\/\/idamariagrassi.com\/wp-content\/uploads\/2026\/04\/tmp_safe_4ed5dec89b57b69920a1fcdc1fac3a52.jpg\",\"width\":1200,\"height\":1200},{\"@type\":\"BreadcrumbList\",\"@id\":\"https:\/\/idamariagrassi.com\/it\/products\/gr-trb300mkii-trombone\/#breadcrumb\",\"itemListElement\":[{\"@type\":\"ListItem\",\"position\":1,\"name\":\"Home\",\"item\":\"https:\/\/idamariagrassi.com\/it\/\"},{\"@type\":\"ListItem\",\"position\":2,\"name\":\"Products\",\"item\":\"https:\/\/idamariagrassi.com\/shop\/\"},{\"@type\":\"ListItem\",\"position\":3,\"name\":\"Trombone\"}]},{\"@type\":\"WebSite\",\"@id\":\"https:\/\/idamariagrassi.com\/#website\",\"url\":\"https:\/\/idamariagrassi.com\/\",\"name\":\"idamariagrassi\",\"description\":\"\",\"potentialAction\":[{\"@type\":\"SearchAction\",\"target\":{\"@type\":\"EntryPoint\",\"urlTemplate\":\"https:\/\/idamariagrassi.com\/?s={search_term_string}\"},\"query-input\":{\"@type\":\"PropertyValueSpecification\",\"valueRequired\":true,\"valueName\":\"search_term_string\"}}],\"inLanguage\":\"it-IT\"}]}<\/script>\n<!-- \/ Yoast SEO plugin. -->","yoast_head_json":{"title":"Trombone - Ida Maria Grassi","robots":{"index":"index","follow":"follow","max-snippet":"max-snippet:-1","max-image-preview":"max-image-preview:large","max-video-preview":"max-video-preview:-1"},"canonical":"https:\/\/idamariagrassi.com\/it\/products\/gr-trb300mkii-trombone\/","og_locale":"it_IT","og_type":"article","og_title":"Trombone - Ida Maria Grassi","og_description":"GR TRB300MKII Il trombone a pistoni GR TRB300MKII Ida Maria Grassi in Sib \u00e8 uno strumento progettato per offrire facilit\u00e0 di emissione, precisione e affidabilit\u00e0 meccanica, ideale per studenti e per l\u2019utilizzo in contesti bandistici e scolastici. La configurazione a tre pistoni consente una gestione intuitiva delle note e facilita l\u2019apprendimento delle tecniche di base del trombone.Il corpo in ottone con finitura laccata assicura durata, stabilit\u00e0 e una timbrica chiara e brillante. Il canneggio da 12,4 mm favorisce un flusso d\u2019aria regolare e una risposta pronta, mentre la campana da 203 mm garantisce una proiezione sonora equilibrata e omogenea. I pistoni in acciaio inossidabile assicurano scorrevolezza, precisione e resistenza all\u2019usura, mentre le chiavi d\u2019acqua sulle pompe 1 e 3 facilitano l\u2019espulsione della condensa.Il trombone \u00e8 fornito con custodia professionale in foam a zaino per un trasporto pratico e sicuro ed \u00e8 corredato di bocchino e panno per la pulizia. Uno strumento affidabile e bilanciato, pensato per accompagnare lo studente nella crescita musicale con comfort e precisione. Chiave: Sib Campana: 203 mm Canneggio: 12,40 mm Finitura:\u00a0Ottone Laccato Pistoni:\u00a0Acciaio Inossidabile Chiave Dell'acqua:\u00a0Sulle Pompe 1 E 3 Astuccio:\u00a0Professionale in Foam Accessori: Panno puliziaDesigned & Engineered by ProelManufacturer: Proel - Made in China\u00a0","og_url":"https:\/\/idamariagrassi.com\/it\/products\/gr-trb300mkii-trombone\/","og_site_name":"Ida Maria Grassi","article_modified_time":"2026-04-16T23:31:34+00:00","og_image":[{"width":1200,"height":1200,"url":"https:\/\/idamariagrassi.com\/wp-content\/uploads\/2026\/04\/tmp_safe_4ed5dec89b57b69920a1fcdc1fac3a52.jpg","type":"image\/jpeg"}],"twitter_card":"summary_large_image","schema":{"@context":"https:\/\/schema.org","@graph":[{"@type":"WebPage","@id":"https:\/\/idamariagrassi.com\/it\/products\/gr-trb300mkii-trombone\/","url":"https:\/\/idamariagrassi.com\/it\/products\/gr-trb300mkii-trombone\/","name":"Trombone - Ida Maria Grassi","isPartOf":{"@id":"https:\/\/idamariagrassi.com\/#website"},"primaryImageOfPage":{"@id":"https:\/\/idamariagrassi.com\/it\/products\/gr-trb300mkii-trombone\/#primaryimage"},"image":{"@id":"https:\/\/idamariagrassi.com\/it\/products\/gr-trb300mkii-trombone\/#primaryimage"},"thumbnailUrl":"https:\/\/idamariagrassi.com\/wp-content\/uploads\/2026\/04\/tmp_safe_4ed5dec89b57b69920a1fcdc1fac3a52.jpg","datePublished":"2026-04-16T23:31:33+00:00","dateModified":"2026-04-16T23:31:34+00:00","breadcrumb":{"@id":"https:\/\/idamariagrassi.com\/it\/products\/gr-trb300mkii-trombone\/#breadcrumb"},"inLanguage":"it-IT","potentialAction":[{"@type":"ReadAction","target":["https:\/\/idamariagrassi.com\/it\/products\/gr-trb300mkii-trombone\/"]}]},{"@type":"ImageObject","inLanguage":"it-IT","@id":"https:\/\/idamariagrassi.com\/it\/products\/gr-trb300mkii-trombone\/#primaryimage","url":"https:\/\/idamariagrassi.com\/wp-content\/uploads\/2026\/04\/tmp_safe_4ed5dec89b57b69920a1fcdc1fac3a52.jpg","contentUrl":"https:\/\/idamariagrassi.com\/wp-content\/uploads\/2026\/04\/tmp_safe_4ed5dec89b57b69920a1fcdc1fac3a52.jpg","width":1200,"height":1200},{"@type":"BreadcrumbList","@id":"https:\/\/idamariagrassi.com\/it\/products\/gr-trb300mkii-trombone\/#breadcrumb","itemListElement":[{"@type":"ListItem","position":1,"name":"Home","item":"https:\/\/idamariagrassi.com\/it\/"},{"@type":"ListItem","position":2,"name":"Products","item":"https:\/\/idamariagrassi.com\/shop\/"},{"@type":"ListItem","position":3,"name":"Trombone"}]},{"@type":"WebSite","@id":"https:\/\/idamariagrassi.com\/#website","url":"https:\/\/idamariagrassi.com\/","name":"idamariagrassi","description":"","potentialAction":[{"@type":"SearchAction","target":{"@type":"EntryPoint","urlTemplate":"https:\/\/idamariagrassi.com\/?s={search_term_string}"},"query-input":{"@type":"PropertyValueSpecification","valueRequired":true,"valueName":"search_term_string"}}],"inLanguage":"it-IT"}]}},"_links":{"self":[{"href":"https:\/\/idamariagrassi.com\/it\/wp-json\/wp\/v2\/product\/86723","targetHints":{"allow":["GET"]}}],"collection":[{"href":"https:\/\/idamariagrassi.com\/it\/wp-json\/wp\/v2\/product"}],"about":[{"href":"https:\/\/idamariagrassi.com\/it\/wp-json\/wp\/v2\/types\/product"}],"wp:featuredmedia":[{"embeddable":true,"href":"https:\/\/idamariagrassi.com\/it\/wp-json\/wp\/v2\/media\/355689"}],"wp:attachment":[{"href":"https:\/\/idamariagrassi.com\/it\/wp-json\/wp\/v2\/media?parent=86723"}],"wp:term":[{"taxonomy":"product_brand","embeddable":true,"href":"https:\/\/idamariagrassi.com\/it\/wp-json\/wp\/v2\/product_brand?post=86723"},{"taxonomy":"product_cat","embeddable":true,"href":"https:\/\/idamariagrassi.com\/it\/wp-json\/wp\/v2\/product_cat?post=86723"},{"taxonomy":"product_tag","embeddable":true,"href":"https:\/\/idamariagrassi.com\/it\/wp-json\/wp\/v2\/product_tag?post=86723"}],"curies":[{"name":"wp","href":"https:\/\/api.w.org\/{rel}","templated":true}]}}