{"id":86729,"date":"2026-04-17T01:31:39","date_gmt":"2026-04-16T23:31:39","guid":{"rendered":"https:\/\/idamariagrassi.com\/products\/gr-ts210-sassofono-tenore-sib-laccato\/"},"modified":"2026-04-17T01:31:39","modified_gmt":"2026-04-16T23:31:39","slug":"gr-ts210-sassofono-tenore-sib-laccato","status":"publish","type":"product","link":"https:\/\/idamariagrassi.com\/it\/products\/gr-ts210-sassofono-tenore-sib-laccato\/","title":{"rendered":"Sassofono Tenore Sib, Laccato"},"content":{"rendered":"","protected":false},"excerpt":{"rendered":"<p><small>GR TS210<\/small><\/p>\n<p> Il sassofono tenore GR TS210 Master Ida Maria Grassi \u00e8 uno strumento di livello intermedio. Grazie al corpo in ottone giallo laccato ha una sonorit\u00e0 che non ha nulla da invidiare agli strumenti professionali. La meccanica ergonomica,  le molle in acciaio blu ed i tamponi di qualit\u00e0 rendono molto semplice suonare in velocit\u00e0. La robusta custodia permette di trasportarlo senza  rischi, essa \u00e8 dotata di due spallacci per l&#8217;utilizzo a zaino. Lo strumento \u00e8 corredato di tutti gli accessori per suonare da subito: custodia, tracolla,  panno pulizia, bocchino ed ancia.<\/p>\n<ul style=\"font-size: 13px;\">\n<li><strong>Chiave:<\/strong><span style=\"white-space: pre;\"> Sib<\/span><\/li>\n<li><strong>Estensione:<\/strong><span style=\"white-space: pre;\"> Da Sib Grave a Fa# Acuto<\/span><\/li>\n<li><strong>Finitura:<\/strong>\u00a0Ottone Laccato<\/li>\n<li><strong>Tamponi:<\/strong>\u00a0In Pelle con Risonatori Metallici<\/li>\n<li><strong>Supporto Pollice:<\/strong>\u00a0Regolabile<\/li>\n<li><strong>Astuccio:<\/strong>\u00a0Professionale in Foam<\/li>\n<li><strong>Accessori:<\/strong>\u00a0Tracolla, Panno pulizia, grasso<\/li>\n<\/ul>\n<p>Designed &#038; Engineered by Proel<\/p>\n<p>Manufacturer: Proel &#8211; Made in China<\/p>\n<ul style=\"font-size: 13px;\"><\/ul>\n<p>\u00a0<\/p>\n","protected":false},"featured_media":355691,"template":"","meta":{"_acf_changed":false,"content-type":""},"product_brand":[],"product_cat":[64],"product_tag":[57],"class_list":{"0":"post-86729","1":"product","2":"type-product","3":"status-publish","4":"has-post-thumbnail","6":"product_cat-strumenti-master","7":"product_tag-sassofoni","9":"first","10":"instock","11":"product-type-simple"},"acf":[],"yoast_head":"<!-- This site is optimized with the Yoast SEO plugin v27.2 - https:\/\/yoast.com\/product\/yoast-seo-wordpress\/ -->\n<title>Sassofono Tenore Sib, Laccato - Ida Maria Grassi<\/title>\n<meta name=\"robots\" content=\"index, follow, max-snippet:-1, max-image-preview:large, max-video-preview:-1\" \/>\n<link rel=\"canonical\" href=\"https:\/\/idamariagrassi.com\/it\/products\/gr-ts210-sassofono-tenore-sib-laccato\/\" \/>\n<meta property=\"og:locale\" content=\"it_IT\" \/>\n<meta property=\"og:type\" content=\"article\" \/>\n<meta property=\"og:title\" content=\"Sassofono Tenore Sib, Laccato - Ida Maria Grassi\" \/>\n<meta property=\"og:description\" content=\"GR TS210 Il sassofono tenore GR TS210 Master Ida Maria Grassi \u00e8 uno strumento di livello intermedio. Grazie al corpo in ottone giallo laccato ha una sonorit\u00e0 che non ha nulla da invidiare agli strumenti professionali. La meccanica ergonomica, le molle in acciaio blu ed i tamponi di qualit\u00e0 rendono molto semplice suonare in velocit\u00e0. La robusta custodia permette di trasportarlo senza rischi, essa \u00e8 dotata di due spallacci per l&#039;utilizzo a zaino. Lo strumento \u00e8 corredato di tutti gli accessori per suonare da subito: custodia, tracolla, panno pulizia, bocchino ed ancia. Chiave: Sib Estensione: Da Sib Grave a Fa# Acuto Finitura:\u00a0Ottone Laccato Tamponi:\u00a0In Pelle con Risonatori Metallici Supporto Pollice:\u00a0Regolabile Astuccio:\u00a0Professionale in Foam Accessori:\u00a0Tracolla, Panno pulizia, grassoDesigned &amp; Engineered by ProelManufacturer: Proel - Made in China\u00a0\" \/>\n<meta property=\"og:url\" content=\"https:\/\/idamariagrassi.com\/it\/products\/gr-ts210-sassofono-tenore-sib-laccato\/\" \/>\n<meta property=\"og:site_name\" content=\"Ida Maria Grassi\" \/>\n<meta property=\"og:image\" content=\"https:\/\/idamariagrassi.com\/wp-content\/uploads\/2026\/04\/tmp_safe_7b2b8c7488f9f0f9ee59b651e7ce7206.jpg\" \/>\n\t<meta property=\"og:image:width\" content=\"1200\" \/>\n\t<meta property=\"og:image:height\" content=\"1200\" \/>\n\t<meta property=\"og:image:type\" content=\"image\/jpeg\" \/>\n<meta name=\"twitter:card\" content=\"summary_large_image\" \/>\n<script type=\"application\/ld+json\" class=\"yoast-schema-graph\">{\"@context\":\"https:\/\/schema.org\",\"@graph\":[{\"@type\":\"WebPage\",\"@id\":\"https:\/\/idamariagrassi.com\/it\/products\/gr-ts210-sassofono-tenore-sib-laccato\/\",\"url\":\"https:\/\/idamariagrassi.com\/it\/products\/gr-ts210-sassofono-tenore-sib-laccato\/\",\"name\":\"Sassofono Tenore Sib, Laccato - Ida Maria Grassi\",\"isPartOf\":{\"@id\":\"https:\/\/idamariagrassi.com\/#website\"},\"primaryImageOfPage\":{\"@id\":\"https:\/\/idamariagrassi.com\/it\/products\/gr-ts210-sassofono-tenore-sib-laccato\/#primaryimage\"},\"image\":{\"@id\":\"https:\/\/idamariagrassi.com\/it\/products\/gr-ts210-sassofono-tenore-sib-laccato\/#primaryimage\"},\"thumbnailUrl\":\"https:\/\/idamariagrassi.com\/wp-content\/uploads\/2026\/04\/tmp_safe_7b2b8c7488f9f0f9ee59b651e7ce7206.jpg\",\"datePublished\":\"2026-04-16T23:31:39+00:00\",\"breadcrumb\":{\"@id\":\"https:\/\/idamariagrassi.com\/it\/products\/gr-ts210-sassofono-tenore-sib-laccato\/#breadcrumb\"},\"inLanguage\":\"it-IT\",\"potentialAction\":[{\"@type\":\"ReadAction\",\"target\":[\"https:\/\/idamariagrassi.com\/it\/products\/gr-ts210-sassofono-tenore-sib-laccato\/\"]}]},{\"@type\":\"ImageObject\",\"inLanguage\":\"it-IT\",\"@id\":\"https:\/\/idamariagrassi.com\/it\/products\/gr-ts210-sassofono-tenore-sib-laccato\/#primaryimage\",\"url\":\"https:\/\/idamariagrassi.com\/wp-content\/uploads\/2026\/04\/tmp_safe_7b2b8c7488f9f0f9ee59b651e7ce7206.jpg\",\"contentUrl\":\"https:\/\/idamariagrassi.com\/wp-content\/uploads\/2026\/04\/tmp_safe_7b2b8c7488f9f0f9ee59b651e7ce7206.jpg\",\"width\":1200,\"height\":1200},{\"@type\":\"BreadcrumbList\",\"@id\":\"https:\/\/idamariagrassi.com\/it\/products\/gr-ts210-sassofono-tenore-sib-laccato\/#breadcrumb\",\"itemListElement\":[{\"@type\":\"ListItem\",\"position\":1,\"name\":\"Home\",\"item\":\"https:\/\/idamariagrassi.com\/it\/\"},{\"@type\":\"ListItem\",\"position\":2,\"name\":\"Products\",\"item\":\"https:\/\/idamariagrassi.com\/shop\/\"},{\"@type\":\"ListItem\",\"position\":3,\"name\":\"Sassofono Tenore Sib, Laccato\"}]},{\"@type\":\"WebSite\",\"@id\":\"https:\/\/idamariagrassi.com\/#website\",\"url\":\"https:\/\/idamariagrassi.com\/\",\"name\":\"idamariagrassi\",\"description\":\"\",\"potentialAction\":[{\"@type\":\"SearchAction\",\"target\":{\"@type\":\"EntryPoint\",\"urlTemplate\":\"https:\/\/idamariagrassi.com\/?s={search_term_string}\"},\"query-input\":{\"@type\":\"PropertyValueSpecification\",\"valueRequired\":true,\"valueName\":\"search_term_string\"}}],\"inLanguage\":\"it-IT\"}]}<\/script>\n<!-- \/ Yoast SEO plugin. -->","yoast_head_json":{"title":"Sassofono Tenore Sib, Laccato - Ida Maria Grassi","robots":{"index":"index","follow":"follow","max-snippet":"max-snippet:-1","max-image-preview":"max-image-preview:large","max-video-preview":"max-video-preview:-1"},"canonical":"https:\/\/idamariagrassi.com\/it\/products\/gr-ts210-sassofono-tenore-sib-laccato\/","og_locale":"it_IT","og_type":"article","og_title":"Sassofono Tenore Sib, Laccato - Ida Maria Grassi","og_description":"GR TS210 Il sassofono tenore GR TS210 Master Ida Maria Grassi \u00e8 uno strumento di livello intermedio. Grazie al corpo in ottone giallo laccato ha una sonorit\u00e0 che non ha nulla da invidiare agli strumenti professionali. La meccanica ergonomica, le molle in acciaio blu ed i tamponi di qualit\u00e0 rendono molto semplice suonare in velocit\u00e0. La robusta custodia permette di trasportarlo senza rischi, essa \u00e8 dotata di due spallacci per l'utilizzo a zaino. Lo strumento \u00e8 corredato di tutti gli accessori per suonare da subito: custodia, tracolla, panno pulizia, bocchino ed ancia. Chiave: Sib Estensione: Da Sib Grave a Fa# Acuto Finitura:\u00a0Ottone Laccato Tamponi:\u00a0In Pelle con Risonatori Metallici Supporto Pollice:\u00a0Regolabile Astuccio:\u00a0Professionale in Foam Accessori:\u00a0Tracolla, Panno pulizia, grassoDesigned & Engineered by ProelManufacturer: Proel - Made in China\u00a0","og_url":"https:\/\/idamariagrassi.com\/it\/products\/gr-ts210-sassofono-tenore-sib-laccato\/","og_site_name":"Ida Maria Grassi","og_image":[{"width":1200,"height":1200,"url":"https:\/\/idamariagrassi.com\/wp-content\/uploads\/2026\/04\/tmp_safe_7b2b8c7488f9f0f9ee59b651e7ce7206.jpg","type":"image\/jpeg"}],"twitter_card":"summary_large_image","schema":{"@context":"https:\/\/schema.org","@graph":[{"@type":"WebPage","@id":"https:\/\/idamariagrassi.com\/it\/products\/gr-ts210-sassofono-tenore-sib-laccato\/","url":"https:\/\/idamariagrassi.com\/it\/products\/gr-ts210-sassofono-tenore-sib-laccato\/","name":"Sassofono Tenore Sib, Laccato - Ida Maria Grassi","isPartOf":{"@id":"https:\/\/idamariagrassi.com\/#website"},"primaryImageOfPage":{"@id":"https:\/\/idamariagrassi.com\/it\/products\/gr-ts210-sassofono-tenore-sib-laccato\/#primaryimage"},"image":{"@id":"https:\/\/idamariagrassi.com\/it\/products\/gr-ts210-sassofono-tenore-sib-laccato\/#primaryimage"},"thumbnailUrl":"https:\/\/idamariagrassi.com\/wp-content\/uploads\/2026\/04\/tmp_safe_7b2b8c7488f9f0f9ee59b651e7ce7206.jpg","datePublished":"2026-04-16T23:31:39+00:00","breadcrumb":{"@id":"https:\/\/idamariagrassi.com\/it\/products\/gr-ts210-sassofono-tenore-sib-laccato\/#breadcrumb"},"inLanguage":"it-IT","potentialAction":[{"@type":"ReadAction","target":["https:\/\/idamariagrassi.com\/it\/products\/gr-ts210-sassofono-tenore-sib-laccato\/"]}]},{"@type":"ImageObject","inLanguage":"it-IT","@id":"https:\/\/idamariagrassi.com\/it\/products\/gr-ts210-sassofono-tenore-sib-laccato\/#primaryimage","url":"https:\/\/idamariagrassi.com\/wp-content\/uploads\/2026\/04\/tmp_safe_7b2b8c7488f9f0f9ee59b651e7ce7206.jpg","contentUrl":"https:\/\/idamariagrassi.com\/wp-content\/uploads\/2026\/04\/tmp_safe_7b2b8c7488f9f0f9ee59b651e7ce7206.jpg","width":1200,"height":1200},{"@type":"BreadcrumbList","@id":"https:\/\/idamariagrassi.com\/it\/products\/gr-ts210-sassofono-tenore-sib-laccato\/#breadcrumb","itemListElement":[{"@type":"ListItem","position":1,"name":"Home","item":"https:\/\/idamariagrassi.com\/it\/"},{"@type":"ListItem","position":2,"name":"Products","item":"https:\/\/idamariagrassi.com\/shop\/"},{"@type":"ListItem","position":3,"name":"Sassofono Tenore Sib, Laccato"}]},{"@type":"WebSite","@id":"https:\/\/idamariagrassi.com\/#website","url":"https:\/\/idamariagrassi.com\/","name":"idamariagrassi","description":"","potentialAction":[{"@type":"SearchAction","target":{"@type":"EntryPoint","urlTemplate":"https:\/\/idamariagrassi.com\/?s={search_term_string}"},"query-input":{"@type":"PropertyValueSpecification","valueRequired":true,"valueName":"search_term_string"}}],"inLanguage":"it-IT"}]}},"_links":{"self":[{"href":"https:\/\/idamariagrassi.com\/it\/wp-json\/wp\/v2\/product\/86729","targetHints":{"allow":["GET"]}}],"collection":[{"href":"https:\/\/idamariagrassi.com\/it\/wp-json\/wp\/v2\/product"}],"about":[{"href":"https:\/\/idamariagrassi.com\/it\/wp-json\/wp\/v2\/types\/product"}],"wp:featuredmedia":[{"embeddable":true,"href":"https:\/\/idamariagrassi.com\/it\/wp-json\/wp\/v2\/media\/355691"}],"wp:attachment":[{"href":"https:\/\/idamariagrassi.com\/it\/wp-json\/wp\/v2\/media?parent=86729"}],"wp:term":[{"taxonomy":"product_brand","embeddable":true,"href":"https:\/\/idamariagrassi.com\/it\/wp-json\/wp\/v2\/product_brand?post=86729"},{"taxonomy":"product_cat","embeddable":true,"href":"https:\/\/idamariagrassi.com\/it\/wp-json\/wp\/v2\/product_cat?post=86729"},{"taxonomy":"product_tag","embeddable":true,"href":"https:\/\/idamariagrassi.com\/it\/wp-json\/wp\/v2\/product_tag?post=86729"}],"curies":[{"name":"wp","href":"https:\/\/api.w.org\/{rel}","templated":true}]}}