{"id":86777,"date":"2026-05-08T01:36:49","date_gmt":"2026-05-07T23:36:49","guid":{"rendered":"https:\/\/idamariagrassi.com\/products\/gr-ssp800-sassofono-soprano-school\/"},"modified":"2026-05-08T01:36:49","modified_gmt":"2026-05-07T23:36:49","slug":"gr-ssp800-sassofono-soprano-school","status":"publish","type":"product","link":"https:\/\/idamariagrassi.com\/it\/products\/gr-ssp800-sassofono-soprano-school\/","title":{"rendered":"Sassofono Soprano School"},"content":{"rendered":"","protected":false},"excerpt":{"rendered":"<p><small>GR SSP800<\/small><\/p>\n<p><p>Il sax soprano School Ida Maria Grassi, \u00e8 uno strumento dall&#8217;eccezionale rapporto qualit\u00e0\/prezzo. Il corpo e le chiavi sono in ottone laccato, i tamponi sono  in pelle con risonatore metallico. Lo strumento \u00e8 fornito di due colli per trovare la posizione pi\u00f9 ergonomica nel suonare. Il sax \u00e8 corredato di tutti  gli accessori necessari per iniziare a suonare: custodia, panno pulizia, bocchino ed ancia.<\/p>\n<\/p>\n<table border=\"0\" cellpadding=\"0\" cellspacing=\"0\" width=\"1790\">\n<colgroup>\n<col width=\"1790\">\t<\/colgroup>\n<tbody>\n<tr>\n<td height=\"20\" width=\"1790\">\n<ul style=\"font-size: 13px;\">\n<li><strong>Chiave:<\/strong><span style=\"white-space: pre;\"> Sib<\/span><\/li>\n<li><strong>Estensione:<\/strong><span style=\"white-space: pre;\"> Da Sib Grave a Fa# Acuto<\/span><\/li>\n<li><strong><span style=\"white-space: pre;\">Chiver: <\/span><\/strong><span style=\"white-space: pre;\">Dritto, Curvo<\/span><\/li>\n<li><strong>Finitura:<\/strong><span style=\"white-space: pre;\"> Ottone Laccato<\/span><\/li>\n<li><strong>Tamponi:<\/strong>\u00a0In Pelle con Risonatori Metallici<\/li>\n<li><strong>Supporto Pollice:<\/strong>\u00a0Regolabile<\/li>\n<li><strong>Astuccio:<\/strong>\u00a0Case in Foam<\/li>\n<li><strong>Accessori:<\/strong>\u00a0Tracolla, grasso, panno pulizia<\/li>\n<\/ul>\n<p>Designed &#038; Engineered by Proel<\/p>\n<p>Manufacturer: Proel &#8211; Made in China<\/p>\n<ul style=\"font-size: 13px;\">\t\t\t<\/ul>\n<\/td>\n<\/tr>\n<\/tbody>\n<\/table>\n<p>\u00a0<\/p>\n","protected":false},"featured_media":363237,"template":"","meta":{"_acf_changed":false,"content-type":""},"product_brand":[],"product_cat":[65],"product_tag":[57],"class_list":{"0":"post-86777","1":"product","2":"type-product","3":"status-publish","4":"has-post-thumbnail","6":"product_cat-strumenti-school","7":"product_tag-sassofoni","9":"first","10":"instock","11":"product-type-simple"},"acf":[],"yoast_head":"<!-- This site is optimized with the Yoast SEO plugin v27.4 - https:\/\/yoast.com\/product\/yoast-seo-wordpress\/ -->\n<title>Sassofono Soprano School - Ida Maria Grassi<\/title>\n<meta name=\"robots\" content=\"index, follow, max-snippet:-1, max-image-preview:large, max-video-preview:-1\" \/>\n<link rel=\"canonical\" href=\"https:\/\/idamariagrassi.com\/it\/products\/gr-ssp800-sassofono-soprano-school\/\" \/>\n<meta property=\"og:locale\" content=\"it_IT\" \/>\n<meta property=\"og:type\" content=\"article\" \/>\n<meta property=\"og:title\" content=\"Sassofono Soprano School - Ida Maria Grassi\" \/>\n<meta property=\"og:description\" content=\"GR SSP800 Il sax soprano School Ida Maria Grassi, \u00e8 uno strumento dall&#039;eccezionale rapporto qualit\u00e0\/prezzo. Il corpo e le chiavi sono in ottone laccato, i tamponi sono in pelle con risonatore metallico. Lo strumento \u00e8 fornito di due colli per trovare la posizione pi\u00f9 ergonomica nel suonare. Il sax \u00e8 corredato di tutti gli accessori necessari per iniziare a suonare: custodia, panno pulizia, bocchino ed ancia.         Chiave: Sib  Estensione: Da Sib Grave a Fa# Acuto  Chiver: Dritto, Curvo  Finitura: Ottone Laccato  Tamponi:\u00a0In Pelle con Risonatori Metallici  Supporto Pollice:\u00a0Regolabile  Astuccio:\u00a0Case in Foam  Accessori:\u00a0Tracolla, grasso, panno puliziaDesigned &amp; Engineered by ProelManufacturer: Proel - Made in China     \u00a0\" \/>\n<meta property=\"og:url\" content=\"https:\/\/idamariagrassi.com\/it\/products\/gr-ssp800-sassofono-soprano-school\/\" \/>\n<meta property=\"og:site_name\" content=\"Ida Maria Grassi\" \/>\n<meta property=\"og:image\" content=\"https:\/\/idamariagrassi.com\/wp-content\/uploads\/2026\/05\/tmp_safe_84ed2cb301c3d58313a3cdd0eac78f4a.jpg\" \/>\n\t<meta property=\"og:image:width\" content=\"1200\" \/>\n\t<meta property=\"og:image:height\" content=\"1200\" \/>\n\t<meta property=\"og:image:type\" content=\"image\/jpeg\" \/>\n<meta name=\"twitter:card\" content=\"summary_large_image\" \/>\n<script type=\"application\/ld+json\" class=\"yoast-schema-graph\">{\"@context\":\"https:\\\/\\\/schema.org\",\"@graph\":[{\"@type\":\"WebPage\",\"@id\":\"https:\\\/\\\/idamariagrassi.com\\\/it\\\/products\\\/gr-ssp800-sassofono-soprano-school\\\/\",\"url\":\"https:\\\/\\\/idamariagrassi.com\\\/it\\\/products\\\/gr-ssp800-sassofono-soprano-school\\\/\",\"name\":\"Sassofono Soprano School - Ida Maria Grassi\",\"isPartOf\":{\"@id\":\"https:\\\/\\\/idamariagrassi.com\\\/#website\"},\"primaryImageOfPage\":{\"@id\":\"https:\\\/\\\/idamariagrassi.com\\\/it\\\/products\\\/gr-ssp800-sassofono-soprano-school\\\/#primaryimage\"},\"image\":{\"@id\":\"https:\\\/\\\/idamariagrassi.com\\\/it\\\/products\\\/gr-ssp800-sassofono-soprano-school\\\/#primaryimage\"},\"thumbnailUrl\":\"https:\\\/\\\/idamariagrassi.com\\\/wp-content\\\/uploads\\\/2026\\\/05\\\/tmp_safe_84ed2cb301c3d58313a3cdd0eac78f4a.jpg\",\"datePublished\":\"2026-05-07T23:36:49+00:00\",\"breadcrumb\":{\"@id\":\"https:\\\/\\\/idamariagrassi.com\\\/it\\\/products\\\/gr-ssp800-sassofono-soprano-school\\\/#breadcrumb\"},\"inLanguage\":\"it-IT\",\"potentialAction\":[{\"@type\":\"ReadAction\",\"target\":[\"https:\\\/\\\/idamariagrassi.com\\\/it\\\/products\\\/gr-ssp800-sassofono-soprano-school\\\/\"]}]},{\"@type\":\"ImageObject\",\"inLanguage\":\"it-IT\",\"@id\":\"https:\\\/\\\/idamariagrassi.com\\\/it\\\/products\\\/gr-ssp800-sassofono-soprano-school\\\/#primaryimage\",\"url\":\"https:\\\/\\\/idamariagrassi.com\\\/wp-content\\\/uploads\\\/2026\\\/05\\\/tmp_safe_84ed2cb301c3d58313a3cdd0eac78f4a.jpg\",\"contentUrl\":\"https:\\\/\\\/idamariagrassi.com\\\/wp-content\\\/uploads\\\/2026\\\/05\\\/tmp_safe_84ed2cb301c3d58313a3cdd0eac78f4a.jpg\",\"width\":1200,\"height\":1200},{\"@type\":\"BreadcrumbList\",\"@id\":\"https:\\\/\\\/idamariagrassi.com\\\/it\\\/products\\\/gr-ssp800-sassofono-soprano-school\\\/#breadcrumb\",\"itemListElement\":[{\"@type\":\"ListItem\",\"position\":1,\"name\":\"Home\",\"item\":\"https:\\\/\\\/idamariagrassi.com\\\/it\\\/\"},{\"@type\":\"ListItem\",\"position\":2,\"name\":\"Products\",\"item\":\"https:\\\/\\\/idamariagrassi.com\\\/shop\\\/\"},{\"@type\":\"ListItem\",\"position\":3,\"name\":\"Sassofono Soprano School\"}]},{\"@type\":\"WebSite\",\"@id\":\"https:\\\/\\\/idamariagrassi.com\\\/#website\",\"url\":\"https:\\\/\\\/idamariagrassi.com\\\/\",\"name\":\"idamariagrassi\",\"description\":\"\",\"potentialAction\":[{\"@type\":\"SearchAction\",\"target\":{\"@type\":\"EntryPoint\",\"urlTemplate\":\"https:\\\/\\\/idamariagrassi.com\\\/?s={search_term_string}\"},\"query-input\":{\"@type\":\"PropertyValueSpecification\",\"valueRequired\":true,\"valueName\":\"search_term_string\"}}],\"inLanguage\":\"it-IT\"}]}<\/script>\n<!-- \/ Yoast SEO plugin. -->","yoast_head_json":{"title":"Sassofono Soprano School - Ida Maria Grassi","robots":{"index":"index","follow":"follow","max-snippet":"max-snippet:-1","max-image-preview":"max-image-preview:large","max-video-preview":"max-video-preview:-1"},"canonical":"https:\/\/idamariagrassi.com\/it\/products\/gr-ssp800-sassofono-soprano-school\/","og_locale":"it_IT","og_type":"article","og_title":"Sassofono Soprano School - Ida Maria Grassi","og_description":"GR SSP800 Il sax soprano School Ida Maria Grassi, \u00e8 uno strumento dall'eccezionale rapporto qualit\u00e0\/prezzo. Il corpo e le chiavi sono in ottone laccato, i tamponi sono in pelle con risonatore metallico. Lo strumento \u00e8 fornito di due colli per trovare la posizione pi\u00f9 ergonomica nel suonare. Il sax \u00e8 corredato di tutti gli accessori necessari per iniziare a suonare: custodia, panno pulizia, bocchino ed ancia.         Chiave: Sib  Estensione: Da Sib Grave a Fa# Acuto  Chiver: Dritto, Curvo  Finitura: Ottone Laccato  Tamponi:\u00a0In Pelle con Risonatori Metallici  Supporto Pollice:\u00a0Regolabile  Astuccio:\u00a0Case in Foam  Accessori:\u00a0Tracolla, grasso, panno puliziaDesigned & Engineered by ProelManufacturer: Proel - Made in China     \u00a0","og_url":"https:\/\/idamariagrassi.com\/it\/products\/gr-ssp800-sassofono-soprano-school\/","og_site_name":"Ida Maria Grassi","og_image":[{"width":1200,"height":1200,"url":"https:\/\/idamariagrassi.com\/wp-content\/uploads\/2026\/05\/tmp_safe_84ed2cb301c3d58313a3cdd0eac78f4a.jpg","type":"image\/jpeg"}],"twitter_card":"summary_large_image","schema":{"@context":"https:\/\/schema.org","@graph":[{"@type":"WebPage","@id":"https:\/\/idamariagrassi.com\/it\/products\/gr-ssp800-sassofono-soprano-school\/","url":"https:\/\/idamariagrassi.com\/it\/products\/gr-ssp800-sassofono-soprano-school\/","name":"Sassofono Soprano School - Ida Maria Grassi","isPartOf":{"@id":"https:\/\/idamariagrassi.com\/#website"},"primaryImageOfPage":{"@id":"https:\/\/idamariagrassi.com\/it\/products\/gr-ssp800-sassofono-soprano-school\/#primaryimage"},"image":{"@id":"https:\/\/idamariagrassi.com\/it\/products\/gr-ssp800-sassofono-soprano-school\/#primaryimage"},"thumbnailUrl":"https:\/\/idamariagrassi.com\/wp-content\/uploads\/2026\/05\/tmp_safe_84ed2cb301c3d58313a3cdd0eac78f4a.jpg","datePublished":"2026-05-07T23:36:49+00:00","breadcrumb":{"@id":"https:\/\/idamariagrassi.com\/it\/products\/gr-ssp800-sassofono-soprano-school\/#breadcrumb"},"inLanguage":"it-IT","potentialAction":[{"@type":"ReadAction","target":["https:\/\/idamariagrassi.com\/it\/products\/gr-ssp800-sassofono-soprano-school\/"]}]},{"@type":"ImageObject","inLanguage":"it-IT","@id":"https:\/\/idamariagrassi.com\/it\/products\/gr-ssp800-sassofono-soprano-school\/#primaryimage","url":"https:\/\/idamariagrassi.com\/wp-content\/uploads\/2026\/05\/tmp_safe_84ed2cb301c3d58313a3cdd0eac78f4a.jpg","contentUrl":"https:\/\/idamariagrassi.com\/wp-content\/uploads\/2026\/05\/tmp_safe_84ed2cb301c3d58313a3cdd0eac78f4a.jpg","width":1200,"height":1200},{"@type":"BreadcrumbList","@id":"https:\/\/idamariagrassi.com\/it\/products\/gr-ssp800-sassofono-soprano-school\/#breadcrumb","itemListElement":[{"@type":"ListItem","position":1,"name":"Home","item":"https:\/\/idamariagrassi.com\/it\/"},{"@type":"ListItem","position":2,"name":"Products","item":"https:\/\/idamariagrassi.com\/shop\/"},{"@type":"ListItem","position":3,"name":"Sassofono Soprano School"}]},{"@type":"WebSite","@id":"https:\/\/idamariagrassi.com\/#website","url":"https:\/\/idamariagrassi.com\/","name":"idamariagrassi","description":"","potentialAction":[{"@type":"SearchAction","target":{"@type":"EntryPoint","urlTemplate":"https:\/\/idamariagrassi.com\/?s={search_term_string}"},"query-input":{"@type":"PropertyValueSpecification","valueRequired":true,"valueName":"search_term_string"}}],"inLanguage":"it-IT"}]}},"_links":{"self":[{"href":"https:\/\/idamariagrassi.com\/it\/wp-json\/wp\/v2\/product\/86777","targetHints":{"allow":["GET"]}}],"collection":[{"href":"https:\/\/idamariagrassi.com\/it\/wp-json\/wp\/v2\/product"}],"about":[{"href":"https:\/\/idamariagrassi.com\/it\/wp-json\/wp\/v2\/types\/product"}],"wp:featuredmedia":[{"embeddable":true,"href":"https:\/\/idamariagrassi.com\/it\/wp-json\/wp\/v2\/media\/363237"}],"wp:attachment":[{"href":"https:\/\/idamariagrassi.com\/it\/wp-json\/wp\/v2\/media?parent=86777"}],"wp:term":[{"taxonomy":"product_brand","embeddable":true,"href":"https:\/\/idamariagrassi.com\/it\/wp-json\/wp\/v2\/product_brand?post=86777"},{"taxonomy":"product_cat","embeddable":true,"href":"https:\/\/idamariagrassi.com\/it\/wp-json\/wp\/v2\/product_cat?post=86777"},{"taxonomy":"product_tag","embeddable":true,"href":"https:\/\/idamariagrassi.com\/it\/wp-json\/wp\/v2\/product_tag?post=86777"}],"curies":[{"name":"wp","href":"https:\/\/api.w.org\/{rel}","templated":true}]}}