{"id":86789,"date":"2026-05-08T01:37:38","date_gmt":"2026-05-07T23:37:38","guid":{"rendered":"https:\/\/idamariagrassi.com\/products\/gr-sal700bk-sassofono-contralto-mib-nero-con-custodia\/"},"modified":"2026-05-08T01:37:39","modified_gmt":"2026-05-07T23:37:39","slug":"gr-sal700bk-sassofono-contralto-mib-nero-con-custodia","status":"publish","type":"product","link":"https:\/\/idamariagrassi.com\/it\/products\/gr-sal700bk-sassofono-contralto-mib-nero-con-custodia\/","title":{"rendered":"Sassofono Contralto Mib, Nero Con Custodia"},"content":{"rendered":"","protected":false},"excerpt":{"rendered":"<p><small>GR SAL700BK<\/small><\/p>\n<p><p>Il sax contralto School Ida Maria Grassi, \u00e8 ideale per chi si avvicina allo studio del sassofono la laccatura nera dona pi\u00f9 proiezione sonora allo  strumento rispetto versione laccata. Grazie all&#8217;ottima intonazione ed alla fluidit\u00e0 meccanica pu\u00f2 accompagnare lo studente per molti anni. Il sax \u00e8  corredato di tutti gli accessori necessari alla pratica: custodia, bocchino, ancia, tracolla e panno pulizia.<\/p>\n<\/p>\n<ul style=\"font-size: 13px;\">\n<li><strong>Chiave:<\/strong><span style=\"white-space: pre;\"> Mib<\/span><\/li>\n<li><strong>Estensione:<\/strong><span style=\"white-space: pre;\"> Da Sib Grave a Fa# Acuto<\/span><\/li>\n<li><strong>Finitura:<\/strong><span style=\"white-space: pre;\"> Nero, Chiavi Laccate<\/span><\/li>\n<li><strong>Tamponi:<\/strong>\u00a0In Pelle con Risonatori Metallici<\/li>\n<li><strong>Supporto Pollice:<\/strong>\u00a0Regolabile<\/li>\n<li><strong>Astuccio:<\/strong>\u00a0Case in Foam<\/li>\n<li><strong>Accessori:<\/strong>\u00a0Tracolla, grasso, panno pulizia<\/li>\n<\/ul>\n<p>Designed &#038; Engineered by Proel<\/p>\n<p>Manufacturer: Proel &#8211; Made in China<\/p>\n<ul style=\"font-size: 13px;\"><\/ul>\n","protected":false},"featured_media":363257,"template":"","meta":{"_acf_changed":false,"content-type":""},"product_brand":[],"product_cat":[65],"product_tag":[57],"class_list":{"0":"post-86789","1":"product","2":"type-product","3":"status-publish","4":"has-post-thumbnail","6":"product_cat-strumenti-school","7":"product_tag-sassofoni","9":"first","10":"instock","11":"product-type-simple"},"acf":[],"yoast_head":"<!-- This site is optimized with the Yoast SEO plugin v27.4 - https:\/\/yoast.com\/product\/yoast-seo-wordpress\/ -->\n<title>Sassofono Contralto Mib, Nero Con Custodia - Ida Maria Grassi<\/title>\n<meta name=\"robots\" content=\"index, follow, max-snippet:-1, max-image-preview:large, max-video-preview:-1\" \/>\n<link rel=\"canonical\" href=\"https:\/\/idamariagrassi.com\/it\/products\/gr-sal700bk-sassofono-contralto-mib-nero-con-custodia\/\" \/>\n<meta property=\"og:locale\" content=\"it_IT\" \/>\n<meta property=\"og:type\" content=\"article\" \/>\n<meta property=\"og:title\" content=\"Sassofono Contralto Mib, Nero Con Custodia - Ida Maria Grassi\" \/>\n<meta property=\"og:description\" content=\"GR SAL700BK Il sax contralto School Ida Maria Grassi, \u00e8 ideale per chi si avvicina allo studio del sassofono la laccatura nera dona pi\u00f9 proiezione sonora allo strumento rispetto versione laccata. Grazie all&#039;ottima intonazione ed alla fluidit\u00e0 meccanica pu\u00f2 accompagnare lo studente per molti anni. Il sax \u00e8 corredato di tutti gli accessori necessari alla pratica: custodia, bocchino, ancia, tracolla e panno pulizia. Chiave: Mib Estensione: Da Sib Grave a Fa# Acuto Finitura: Nero, Chiavi Laccate Tamponi:\u00a0In Pelle con Risonatori Metallici Supporto Pollice:\u00a0Regolabile Astuccio:\u00a0Case in Foam Accessori:\u00a0Tracolla, grasso, panno puliziaDesigned &amp; Engineered by ProelManufacturer: Proel - Made in China\" \/>\n<meta property=\"og:url\" content=\"https:\/\/idamariagrassi.com\/it\/products\/gr-sal700bk-sassofono-contralto-mib-nero-con-custodia\/\" \/>\n<meta property=\"og:site_name\" content=\"Ida Maria Grassi\" \/>\n<meta property=\"article:modified_time\" content=\"2026-05-07T23:37:39+00:00\" \/>\n<meta property=\"og:image\" content=\"https:\/\/idamariagrassi.com\/wp-content\/uploads\/2026\/05\/tmp_safe_19ce0c69b10f89330469dee7a6ee2bdd.jpg\" \/>\n\t<meta property=\"og:image:width\" content=\"1200\" \/>\n\t<meta property=\"og:image:height\" content=\"1200\" \/>\n\t<meta property=\"og:image:type\" content=\"image\/jpeg\" \/>\n<meta name=\"twitter:card\" content=\"summary_large_image\" \/>\n<script type=\"application\/ld+json\" class=\"yoast-schema-graph\">{\"@context\":\"https:\\\/\\\/schema.org\",\"@graph\":[{\"@type\":\"WebPage\",\"@id\":\"https:\\\/\\\/idamariagrassi.com\\\/it\\\/products\\\/gr-sal700bk-sassofono-contralto-mib-nero-con-custodia\\\/\",\"url\":\"https:\\\/\\\/idamariagrassi.com\\\/it\\\/products\\\/gr-sal700bk-sassofono-contralto-mib-nero-con-custodia\\\/\",\"name\":\"Sassofono Contralto Mib, Nero Con Custodia - Ida Maria Grassi\",\"isPartOf\":{\"@id\":\"https:\\\/\\\/idamariagrassi.com\\\/#website\"},\"primaryImageOfPage\":{\"@id\":\"https:\\\/\\\/idamariagrassi.com\\\/it\\\/products\\\/gr-sal700bk-sassofono-contralto-mib-nero-con-custodia\\\/#primaryimage\"},\"image\":{\"@id\":\"https:\\\/\\\/idamariagrassi.com\\\/it\\\/products\\\/gr-sal700bk-sassofono-contralto-mib-nero-con-custodia\\\/#primaryimage\"},\"thumbnailUrl\":\"https:\\\/\\\/idamariagrassi.com\\\/wp-content\\\/uploads\\\/2026\\\/05\\\/tmp_safe_19ce0c69b10f89330469dee7a6ee2bdd.jpg\",\"datePublished\":\"2026-05-07T23:37:38+00:00\",\"dateModified\":\"2026-05-07T23:37:39+00:00\",\"breadcrumb\":{\"@id\":\"https:\\\/\\\/idamariagrassi.com\\\/it\\\/products\\\/gr-sal700bk-sassofono-contralto-mib-nero-con-custodia\\\/#breadcrumb\"},\"inLanguage\":\"it-IT\",\"potentialAction\":[{\"@type\":\"ReadAction\",\"target\":[\"https:\\\/\\\/idamariagrassi.com\\\/it\\\/products\\\/gr-sal700bk-sassofono-contralto-mib-nero-con-custodia\\\/\"]}]},{\"@type\":\"ImageObject\",\"inLanguage\":\"it-IT\",\"@id\":\"https:\\\/\\\/idamariagrassi.com\\\/it\\\/products\\\/gr-sal700bk-sassofono-contralto-mib-nero-con-custodia\\\/#primaryimage\",\"url\":\"https:\\\/\\\/idamariagrassi.com\\\/wp-content\\\/uploads\\\/2026\\\/05\\\/tmp_safe_19ce0c69b10f89330469dee7a6ee2bdd.jpg\",\"contentUrl\":\"https:\\\/\\\/idamariagrassi.com\\\/wp-content\\\/uploads\\\/2026\\\/05\\\/tmp_safe_19ce0c69b10f89330469dee7a6ee2bdd.jpg\",\"width\":1200,\"height\":1200},{\"@type\":\"BreadcrumbList\",\"@id\":\"https:\\\/\\\/idamariagrassi.com\\\/it\\\/products\\\/gr-sal700bk-sassofono-contralto-mib-nero-con-custodia\\\/#breadcrumb\",\"itemListElement\":[{\"@type\":\"ListItem\",\"position\":1,\"name\":\"Home\",\"item\":\"https:\\\/\\\/idamariagrassi.com\\\/it\\\/\"},{\"@type\":\"ListItem\",\"position\":2,\"name\":\"Products\",\"item\":\"https:\\\/\\\/idamariagrassi.com\\\/shop\\\/\"},{\"@type\":\"ListItem\",\"position\":3,\"name\":\"Sassofono Contralto Mib, Nero Con Custodia\"}]},{\"@type\":\"WebSite\",\"@id\":\"https:\\\/\\\/idamariagrassi.com\\\/#website\",\"url\":\"https:\\\/\\\/idamariagrassi.com\\\/\",\"name\":\"idamariagrassi\",\"description\":\"\",\"potentialAction\":[{\"@type\":\"SearchAction\",\"target\":{\"@type\":\"EntryPoint\",\"urlTemplate\":\"https:\\\/\\\/idamariagrassi.com\\\/?s={search_term_string}\"},\"query-input\":{\"@type\":\"PropertyValueSpecification\",\"valueRequired\":true,\"valueName\":\"search_term_string\"}}],\"inLanguage\":\"it-IT\"}]}<\/script>\n<!-- \/ Yoast SEO plugin. -->","yoast_head_json":{"title":"Sassofono Contralto Mib, Nero Con Custodia - Ida Maria Grassi","robots":{"index":"index","follow":"follow","max-snippet":"max-snippet:-1","max-image-preview":"max-image-preview:large","max-video-preview":"max-video-preview:-1"},"canonical":"https:\/\/idamariagrassi.com\/it\/products\/gr-sal700bk-sassofono-contralto-mib-nero-con-custodia\/","og_locale":"it_IT","og_type":"article","og_title":"Sassofono Contralto Mib, Nero Con Custodia - Ida Maria Grassi","og_description":"GR SAL700BK Il sax contralto School Ida Maria Grassi, \u00e8 ideale per chi si avvicina allo studio del sassofono la laccatura nera dona pi\u00f9 proiezione sonora allo strumento rispetto versione laccata. Grazie all'ottima intonazione ed alla fluidit\u00e0 meccanica pu\u00f2 accompagnare lo studente per molti anni. Il sax \u00e8 corredato di tutti gli accessori necessari alla pratica: custodia, bocchino, ancia, tracolla e panno pulizia. Chiave: Mib Estensione: Da Sib Grave a Fa# Acuto Finitura: Nero, Chiavi Laccate Tamponi:\u00a0In Pelle con Risonatori Metallici Supporto Pollice:\u00a0Regolabile Astuccio:\u00a0Case in Foam Accessori:\u00a0Tracolla, grasso, panno puliziaDesigned & Engineered by ProelManufacturer: Proel - Made in China","og_url":"https:\/\/idamariagrassi.com\/it\/products\/gr-sal700bk-sassofono-contralto-mib-nero-con-custodia\/","og_site_name":"Ida Maria Grassi","article_modified_time":"2026-05-07T23:37:39+00:00","og_image":[{"width":1200,"height":1200,"url":"https:\/\/idamariagrassi.com\/wp-content\/uploads\/2026\/05\/tmp_safe_19ce0c69b10f89330469dee7a6ee2bdd.jpg","type":"image\/jpeg"}],"twitter_card":"summary_large_image","schema":{"@context":"https:\/\/schema.org","@graph":[{"@type":"WebPage","@id":"https:\/\/idamariagrassi.com\/it\/products\/gr-sal700bk-sassofono-contralto-mib-nero-con-custodia\/","url":"https:\/\/idamariagrassi.com\/it\/products\/gr-sal700bk-sassofono-contralto-mib-nero-con-custodia\/","name":"Sassofono Contralto Mib, Nero Con Custodia - Ida Maria Grassi","isPartOf":{"@id":"https:\/\/idamariagrassi.com\/#website"},"primaryImageOfPage":{"@id":"https:\/\/idamariagrassi.com\/it\/products\/gr-sal700bk-sassofono-contralto-mib-nero-con-custodia\/#primaryimage"},"image":{"@id":"https:\/\/idamariagrassi.com\/it\/products\/gr-sal700bk-sassofono-contralto-mib-nero-con-custodia\/#primaryimage"},"thumbnailUrl":"https:\/\/idamariagrassi.com\/wp-content\/uploads\/2026\/05\/tmp_safe_19ce0c69b10f89330469dee7a6ee2bdd.jpg","datePublished":"2026-05-07T23:37:38+00:00","dateModified":"2026-05-07T23:37:39+00:00","breadcrumb":{"@id":"https:\/\/idamariagrassi.com\/it\/products\/gr-sal700bk-sassofono-contralto-mib-nero-con-custodia\/#breadcrumb"},"inLanguage":"it-IT","potentialAction":[{"@type":"ReadAction","target":["https:\/\/idamariagrassi.com\/it\/products\/gr-sal700bk-sassofono-contralto-mib-nero-con-custodia\/"]}]},{"@type":"ImageObject","inLanguage":"it-IT","@id":"https:\/\/idamariagrassi.com\/it\/products\/gr-sal700bk-sassofono-contralto-mib-nero-con-custodia\/#primaryimage","url":"https:\/\/idamariagrassi.com\/wp-content\/uploads\/2026\/05\/tmp_safe_19ce0c69b10f89330469dee7a6ee2bdd.jpg","contentUrl":"https:\/\/idamariagrassi.com\/wp-content\/uploads\/2026\/05\/tmp_safe_19ce0c69b10f89330469dee7a6ee2bdd.jpg","width":1200,"height":1200},{"@type":"BreadcrumbList","@id":"https:\/\/idamariagrassi.com\/it\/products\/gr-sal700bk-sassofono-contralto-mib-nero-con-custodia\/#breadcrumb","itemListElement":[{"@type":"ListItem","position":1,"name":"Home","item":"https:\/\/idamariagrassi.com\/it\/"},{"@type":"ListItem","position":2,"name":"Products","item":"https:\/\/idamariagrassi.com\/shop\/"},{"@type":"ListItem","position":3,"name":"Sassofono Contralto Mib, Nero Con Custodia"}]},{"@type":"WebSite","@id":"https:\/\/idamariagrassi.com\/#website","url":"https:\/\/idamariagrassi.com\/","name":"idamariagrassi","description":"","potentialAction":[{"@type":"SearchAction","target":{"@type":"EntryPoint","urlTemplate":"https:\/\/idamariagrassi.com\/?s={search_term_string}"},"query-input":{"@type":"PropertyValueSpecification","valueRequired":true,"valueName":"search_term_string"}}],"inLanguage":"it-IT"}]}},"_links":{"self":[{"href":"https:\/\/idamariagrassi.com\/it\/wp-json\/wp\/v2\/product\/86789","targetHints":{"allow":["GET"]}}],"collection":[{"href":"https:\/\/idamariagrassi.com\/it\/wp-json\/wp\/v2\/product"}],"about":[{"href":"https:\/\/idamariagrassi.com\/it\/wp-json\/wp\/v2\/types\/product"}],"wp:featuredmedia":[{"embeddable":true,"href":"https:\/\/idamariagrassi.com\/it\/wp-json\/wp\/v2\/media\/363257"}],"wp:attachment":[{"href":"https:\/\/idamariagrassi.com\/it\/wp-json\/wp\/v2\/media?parent=86789"}],"wp:term":[{"taxonomy":"product_brand","embeddable":true,"href":"https:\/\/idamariagrassi.com\/it\/wp-json\/wp\/v2\/product_brand?post=86789"},{"taxonomy":"product_cat","embeddable":true,"href":"https:\/\/idamariagrassi.com\/it\/wp-json\/wp\/v2\/product_cat?post=86789"},{"taxonomy":"product_tag","embeddable":true,"href":"https:\/\/idamariagrassi.com\/it\/wp-json\/wp\/v2\/product_tag?post=86789"}],"curies":[{"name":"wp","href":"https:\/\/api.w.org\/{rel}","templated":true}]}}