{"id":86820,"date":"2026-04-30T01:33:37","date_gmt":"2026-04-29T23:33:37","guid":{"rendered":"https:\/\/idamariagrassi.com\/products\/gr-sfh850-corno-francese-doppio\/"},"modified":"2026-04-30T01:33:37","modified_gmt":"2026-04-29T23:33:37","slug":"gr-sfh850-corno-francese-doppio","status":"publish","type":"product","link":"https:\/\/idamariagrassi.com\/it\/products\/gr-sfh850-corno-francese-doppio\/","title":{"rendered":"Corno Francese Doppio"},"content":{"rendered":"","protected":false},"excerpt":{"rendered":"<p><small>GR SFH850<\/small><\/p>\n<p><p>Il corno francese doppio GR School SFH850 School Ida Maria Grassi \u00e8 ideale per chi cerca uno strumento completo ad un prezzo estremamente competitivo. Il  corpo in ottone giallo permette di ottenere una sonorit\u00e0 morbida su tutta l&#8217;estensione dello strumento. L&#8217;esecuzione dei passaggi tecnici \u00e8 facilitata  per via della rapida risposta delle tre valvole e grazie alla chiavetta per il canneggio in Sib \u00e8 possibile trovare sempre la giusta intonazione delle  note. La campana staccabile rendo lo strumento pi\u00f9 facile da trasportare. Lo strumento \u00e8 corredato di tutti gli accessori per suonare da subito: custodia,  panno pulizia e bocchino.<\/p>\n<\/p>\n<ul style=\"font-size: 13px;\">\n<li><strong>Chiave:<\/strong><span style=\"white-space: pre;\"> Fa\/Sib<\/span><\/li>\n<li><strong>Tipo:<\/strong><span style=\"white-space: pre;\"> Doppio<\/span><\/li>\n<li><strong>Campana:<\/strong><span style=\"white-space: pre;\"> 310 Staccabile<\/span><\/li>\n<li><strong>Canneggio:<\/strong>\u00a011,90mm<\/li>\n<li><strong>Fnitura:<\/strong>\u00a0Ottone Laccato<\/li>\n<li><strong>Lead Pipe:<\/strong>\u00a0Bronzata<\/li>\n<li><strong>Valvole: <\/strong>3+1 Rotative<\/li>\n<li><strong>Astuccio:<\/strong>\u00a0in Foam<\/li>\n<li><strong>Accessori:<\/strong>\u00a0Panno pulizia<\/li>\n<\/ul>\n<p>Designed &#038; Engineered by Proel<\/p>\n<p>Manufacturer: Proel &#8211; Made in China<\/p>\n<ul style=\"font-size: 13px;\"><\/ul>\n","protected":false},"featured_media":360018,"template":"","meta":{"_acf_changed":false,"content-type":""},"product_brand":[],"product_cat":[65],"product_tag":[88],"class_list":{"0":"post-86820","1":"product","2":"type-product","3":"status-publish","4":"has-post-thumbnail","6":"product_cat-strumenti-school","7":"product_tag-corno-francese","9":"first","10":"instock","11":"product-type-simple"},"acf":[],"yoast_head":"<!-- This site is optimized with the Yoast SEO plugin v27.4 - https:\/\/yoast.com\/product\/yoast-seo-wordpress\/ -->\n<title>Corno Francese Doppio - Ida Maria Grassi<\/title>\n<meta name=\"robots\" content=\"index, follow, max-snippet:-1, max-image-preview:large, max-video-preview:-1\" \/>\n<link rel=\"canonical\" href=\"https:\/\/idamariagrassi.com\/it\/products\/gr-sfh850-corno-francese-doppio\/\" \/>\n<meta property=\"og:locale\" content=\"it_IT\" \/>\n<meta property=\"og:type\" content=\"article\" \/>\n<meta property=\"og:title\" content=\"Corno Francese Doppio - Ida Maria Grassi\" \/>\n<meta property=\"og:description\" content=\"GR SFH850 Il corno francese doppio GR School SFH850 School Ida Maria Grassi \u00e8 ideale per chi cerca uno strumento completo ad un prezzo estremamente competitivo. Il corpo in ottone giallo permette di ottenere una sonorit\u00e0 morbida su tutta l&#039;estensione dello strumento. L&#039;esecuzione dei passaggi tecnici \u00e8 facilitata per via della rapida risposta delle tre valvole e grazie alla chiavetta per il canneggio in Sib \u00e8 possibile trovare sempre la giusta intonazione delle note. La campana staccabile rendo lo strumento pi\u00f9 facile da trasportare. Lo strumento \u00e8 corredato di tutti gli accessori per suonare da subito: custodia, panno pulizia e bocchino. Chiave: Fa\/Sib Tipo: Doppio Campana: 310 Staccabile Canneggio:\u00a011,90mm Fnitura:\u00a0Ottone Laccato Lead Pipe:\u00a0Bronzata Valvole: 3+1 Rotative Astuccio:\u00a0in Foam Accessori:\u00a0Panno puliziaDesigned &amp; Engineered by ProelManufacturer: Proel - Made in China\" \/>\n<meta property=\"og:url\" content=\"https:\/\/idamariagrassi.com\/it\/products\/gr-sfh850-corno-francese-doppio\/\" \/>\n<meta property=\"og:site_name\" content=\"Ida Maria Grassi\" \/>\n<meta property=\"og:image\" content=\"https:\/\/idamariagrassi.com\/wp-content\/uploads\/2026\/04\/tmp_safe_217cbcfd042bdee823f14ca906d349d4.jpg\" \/>\n\t<meta property=\"og:image:width\" content=\"1200\" \/>\n\t<meta property=\"og:image:height\" content=\"1200\" \/>\n\t<meta property=\"og:image:type\" content=\"image\/jpeg\" \/>\n<meta name=\"twitter:card\" content=\"summary_large_image\" \/>\n<script type=\"application\/ld+json\" class=\"yoast-schema-graph\">{\"@context\":\"https:\\\/\\\/schema.org\",\"@graph\":[{\"@type\":\"WebPage\",\"@id\":\"https:\\\/\\\/idamariagrassi.com\\\/it\\\/products\\\/gr-sfh850-corno-francese-doppio\\\/\",\"url\":\"https:\\\/\\\/idamariagrassi.com\\\/it\\\/products\\\/gr-sfh850-corno-francese-doppio\\\/\",\"name\":\"Corno Francese Doppio - Ida Maria Grassi\",\"isPartOf\":{\"@id\":\"https:\\\/\\\/idamariagrassi.com\\\/#website\"},\"primaryImageOfPage\":{\"@id\":\"https:\\\/\\\/idamariagrassi.com\\\/it\\\/products\\\/gr-sfh850-corno-francese-doppio\\\/#primaryimage\"},\"image\":{\"@id\":\"https:\\\/\\\/idamariagrassi.com\\\/it\\\/products\\\/gr-sfh850-corno-francese-doppio\\\/#primaryimage\"},\"thumbnailUrl\":\"https:\\\/\\\/idamariagrassi.com\\\/wp-content\\\/uploads\\\/2026\\\/04\\\/tmp_safe_217cbcfd042bdee823f14ca906d349d4.jpg\",\"datePublished\":\"2026-04-29T23:33:37+00:00\",\"breadcrumb\":{\"@id\":\"https:\\\/\\\/idamariagrassi.com\\\/it\\\/products\\\/gr-sfh850-corno-francese-doppio\\\/#breadcrumb\"},\"inLanguage\":\"it-IT\",\"potentialAction\":[{\"@type\":\"ReadAction\",\"target\":[\"https:\\\/\\\/idamariagrassi.com\\\/it\\\/products\\\/gr-sfh850-corno-francese-doppio\\\/\"]}]},{\"@type\":\"ImageObject\",\"inLanguage\":\"it-IT\",\"@id\":\"https:\\\/\\\/idamariagrassi.com\\\/it\\\/products\\\/gr-sfh850-corno-francese-doppio\\\/#primaryimage\",\"url\":\"https:\\\/\\\/idamariagrassi.com\\\/wp-content\\\/uploads\\\/2026\\\/04\\\/tmp_safe_217cbcfd042bdee823f14ca906d349d4.jpg\",\"contentUrl\":\"https:\\\/\\\/idamariagrassi.com\\\/wp-content\\\/uploads\\\/2026\\\/04\\\/tmp_safe_217cbcfd042bdee823f14ca906d349d4.jpg\",\"width\":1200,\"height\":1200},{\"@type\":\"BreadcrumbList\",\"@id\":\"https:\\\/\\\/idamariagrassi.com\\\/it\\\/products\\\/gr-sfh850-corno-francese-doppio\\\/#breadcrumb\",\"itemListElement\":[{\"@type\":\"ListItem\",\"position\":1,\"name\":\"Home\",\"item\":\"https:\\\/\\\/idamariagrassi.com\\\/it\\\/\"},{\"@type\":\"ListItem\",\"position\":2,\"name\":\"Products\",\"item\":\"https:\\\/\\\/idamariagrassi.com\\\/shop\\\/\"},{\"@type\":\"ListItem\",\"position\":3,\"name\":\"Corno Francese Doppio\"}]},{\"@type\":\"WebSite\",\"@id\":\"https:\\\/\\\/idamariagrassi.com\\\/#website\",\"url\":\"https:\\\/\\\/idamariagrassi.com\\\/\",\"name\":\"idamariagrassi\",\"description\":\"\",\"potentialAction\":[{\"@type\":\"SearchAction\",\"target\":{\"@type\":\"EntryPoint\",\"urlTemplate\":\"https:\\\/\\\/idamariagrassi.com\\\/?s={search_term_string}\"},\"query-input\":{\"@type\":\"PropertyValueSpecification\",\"valueRequired\":true,\"valueName\":\"search_term_string\"}}],\"inLanguage\":\"it-IT\"}]}<\/script>\n<!-- \/ Yoast SEO plugin. -->","yoast_head_json":{"title":"Corno Francese Doppio - Ida Maria Grassi","robots":{"index":"index","follow":"follow","max-snippet":"max-snippet:-1","max-image-preview":"max-image-preview:large","max-video-preview":"max-video-preview:-1"},"canonical":"https:\/\/idamariagrassi.com\/it\/products\/gr-sfh850-corno-francese-doppio\/","og_locale":"it_IT","og_type":"article","og_title":"Corno Francese Doppio - Ida Maria Grassi","og_description":"GR SFH850 Il corno francese doppio GR School SFH850 School Ida Maria Grassi \u00e8 ideale per chi cerca uno strumento completo ad un prezzo estremamente competitivo. Il corpo in ottone giallo permette di ottenere una sonorit\u00e0 morbida su tutta l'estensione dello strumento. L'esecuzione dei passaggi tecnici \u00e8 facilitata per via della rapida risposta delle tre valvole e grazie alla chiavetta per il canneggio in Sib \u00e8 possibile trovare sempre la giusta intonazione delle note. La campana staccabile rendo lo strumento pi\u00f9 facile da trasportare. Lo strumento \u00e8 corredato di tutti gli accessori per suonare da subito: custodia, panno pulizia e bocchino. Chiave: Fa\/Sib Tipo: Doppio Campana: 310 Staccabile Canneggio:\u00a011,90mm Fnitura:\u00a0Ottone Laccato Lead Pipe:\u00a0Bronzata Valvole: 3+1 Rotative Astuccio:\u00a0in Foam Accessori:\u00a0Panno puliziaDesigned & Engineered by ProelManufacturer: Proel - Made in China","og_url":"https:\/\/idamariagrassi.com\/it\/products\/gr-sfh850-corno-francese-doppio\/","og_site_name":"Ida Maria Grassi","og_image":[{"width":1200,"height":1200,"url":"https:\/\/idamariagrassi.com\/wp-content\/uploads\/2026\/04\/tmp_safe_217cbcfd042bdee823f14ca906d349d4.jpg","type":"image\/jpeg"}],"twitter_card":"summary_large_image","schema":{"@context":"https:\/\/schema.org","@graph":[{"@type":"WebPage","@id":"https:\/\/idamariagrassi.com\/it\/products\/gr-sfh850-corno-francese-doppio\/","url":"https:\/\/idamariagrassi.com\/it\/products\/gr-sfh850-corno-francese-doppio\/","name":"Corno Francese Doppio - Ida Maria Grassi","isPartOf":{"@id":"https:\/\/idamariagrassi.com\/#website"},"primaryImageOfPage":{"@id":"https:\/\/idamariagrassi.com\/it\/products\/gr-sfh850-corno-francese-doppio\/#primaryimage"},"image":{"@id":"https:\/\/idamariagrassi.com\/it\/products\/gr-sfh850-corno-francese-doppio\/#primaryimage"},"thumbnailUrl":"https:\/\/idamariagrassi.com\/wp-content\/uploads\/2026\/04\/tmp_safe_217cbcfd042bdee823f14ca906d349d4.jpg","datePublished":"2026-04-29T23:33:37+00:00","breadcrumb":{"@id":"https:\/\/idamariagrassi.com\/it\/products\/gr-sfh850-corno-francese-doppio\/#breadcrumb"},"inLanguage":"it-IT","potentialAction":[{"@type":"ReadAction","target":["https:\/\/idamariagrassi.com\/it\/products\/gr-sfh850-corno-francese-doppio\/"]}]},{"@type":"ImageObject","inLanguage":"it-IT","@id":"https:\/\/idamariagrassi.com\/it\/products\/gr-sfh850-corno-francese-doppio\/#primaryimage","url":"https:\/\/idamariagrassi.com\/wp-content\/uploads\/2026\/04\/tmp_safe_217cbcfd042bdee823f14ca906d349d4.jpg","contentUrl":"https:\/\/idamariagrassi.com\/wp-content\/uploads\/2026\/04\/tmp_safe_217cbcfd042bdee823f14ca906d349d4.jpg","width":1200,"height":1200},{"@type":"BreadcrumbList","@id":"https:\/\/idamariagrassi.com\/it\/products\/gr-sfh850-corno-francese-doppio\/#breadcrumb","itemListElement":[{"@type":"ListItem","position":1,"name":"Home","item":"https:\/\/idamariagrassi.com\/it\/"},{"@type":"ListItem","position":2,"name":"Products","item":"https:\/\/idamariagrassi.com\/shop\/"},{"@type":"ListItem","position":3,"name":"Corno Francese Doppio"}]},{"@type":"WebSite","@id":"https:\/\/idamariagrassi.com\/#website","url":"https:\/\/idamariagrassi.com\/","name":"idamariagrassi","description":"","potentialAction":[{"@type":"SearchAction","target":{"@type":"EntryPoint","urlTemplate":"https:\/\/idamariagrassi.com\/?s={search_term_string}"},"query-input":{"@type":"PropertyValueSpecification","valueRequired":true,"valueName":"search_term_string"}}],"inLanguage":"it-IT"}]}},"_links":{"self":[{"href":"https:\/\/idamariagrassi.com\/it\/wp-json\/wp\/v2\/product\/86820","targetHints":{"allow":["GET"]}}],"collection":[{"href":"https:\/\/idamariagrassi.com\/it\/wp-json\/wp\/v2\/product"}],"about":[{"href":"https:\/\/idamariagrassi.com\/it\/wp-json\/wp\/v2\/types\/product"}],"wp:featuredmedia":[{"embeddable":true,"href":"https:\/\/idamariagrassi.com\/it\/wp-json\/wp\/v2\/media\/360018"}],"wp:attachment":[{"href":"https:\/\/idamariagrassi.com\/it\/wp-json\/wp\/v2\/media?parent=86820"}],"wp:term":[{"taxonomy":"product_brand","embeddable":true,"href":"https:\/\/idamariagrassi.com\/it\/wp-json\/wp\/v2\/product_brand?post=86820"},{"taxonomy":"product_cat","embeddable":true,"href":"https:\/\/idamariagrassi.com\/it\/wp-json\/wp\/v2\/product_cat?post=86820"},{"taxonomy":"product_tag","embeddable":true,"href":"https:\/\/idamariagrassi.com\/it\/wp-json\/wp\/v2\/product_tag?post=86820"}],"curies":[{"name":"wp","href":"https:\/\/api.w.org\/{rel}","templated":true}]}}