{"id":86835,"date":"2026-04-15T01:33:12","date_gmt":"2026-04-14T23:33:12","guid":{"rendered":"https:\/\/idamariagrassi.com\/products\/gr-acts700br-sassofono-tenore-finitura-vintage-jazz\/"},"modified":"2026-04-15T01:33:13","modified_gmt":"2026-04-14T23:33:13","slug":"gr-acts700br-sassofono-tenore-finitura-vintage-jazz","status":"publish","type":"product","link":"https:\/\/idamariagrassi.com\/it\/products\/gr-acts700br-sassofono-tenore-finitura-vintage-jazz\/","title":{"rendered":"Sassofono Tenore, Finitura Vintage Jazz\u00a0"},"content":{"rendered":"","protected":false},"excerpt":{"rendered":"<p><small>GR ACTS700BR<\/small><\/p>\n<p><p>Sassofono Tenore, Finitura Vintage Jazz.<\/p>\n<p>La linea \u201cBronzed\u201d assicura sonorit\u00e0 calde nei registri bassi e incredibilmente luminose nei registri alti, permettendo al musicista di spaziare in pi\u00f9 stili musicali. \u00c8 lo strumento perfetto per il Jazz e il Funk con il suo suono aperto e aggressivo. La particolare finitura, oltre a rendere lo strumento esteticamente accattivante, dona anche una piacevolissima sensazione al tatto.<\/p>\n<p>MADE IN TAIWAN<\/p>\n<\/p>\n<ul style=\"font-size: 13px;\">\n<li><strong>Chiave:<\/strong><span style=\"white-space: pre;\"> Sib<\/span><\/li>\n<li><strong>Estensione:<\/strong><span style=\"white-space: pre;\"> Da Sib Grave a Fa# Acuto<\/span><\/li>\n<li><span style=\"white-space: pre;\"><strong>Corpo: <\/strong>Ottone<\/span><\/li>\n<li><strong>Finitura:<\/strong>\u00a0Vintage Jazz<\/li>\n<li><strong>Tamponi:<\/strong>\u00a0Italiani in pelle con risonatori metallici<\/li>\n<li><strong>Astuccio:<\/strong>\u00a0Professionale\u00a0Foam<\/li>\n<li><strong>Accessori:<\/strong>\u00a0Tracolla, panno pulizia<\/li>\n<\/ul>\n","protected":false},"featured_media":355073,"template":"","meta":{"_acf_changed":false,"content-type":""},"product_brand":[],"product_cat":[63],"product_tag":[57],"class_list":{"0":"post-86835","1":"product","2":"type-product","3":"status-publish","4":"has-post-thumbnail","6":"product_cat-strumenti-academy","7":"product_tag-sassofoni","9":"first","10":"instock","11":"product-type-simple"},"acf":[],"yoast_head":"<!-- This site is optimized with the Yoast SEO plugin v27.2 - https:\/\/yoast.com\/product\/yoast-seo-wordpress\/ -->\n<title>Sassofono Tenore, Finitura Vintage Jazz\u00a0 - Ida Maria Grassi<\/title>\n<meta name=\"robots\" content=\"index, follow, max-snippet:-1, max-image-preview:large, max-video-preview:-1\" \/>\n<link rel=\"canonical\" href=\"https:\/\/idamariagrassi.com\/it\/products\/gr-acts700br-sassofono-tenore-finitura-vintage-jazz\/\" \/>\n<meta property=\"og:locale\" content=\"it_IT\" \/>\n<meta property=\"og:type\" content=\"article\" \/>\n<meta property=\"og:title\" content=\"Sassofono Tenore, Finitura Vintage Jazz\u00a0 - Ida Maria Grassi\" \/>\n<meta property=\"og:description\" content=\"GR ACTS700BR Sassofono Tenore, Finitura Vintage Jazz.La linea \u201cBronzed\u201d assicura sonorit\u00e0 calde nei registri bassi e incredibilmente luminose nei registri alti, permettendo al musicista di spaziare in pi\u00f9 stili musicali. \u00c8 lo strumento perfetto per il Jazz e il Funk con il suo suono aperto e aggressivo. La particolare finitura, oltre a rendere lo strumento esteticamente accattivante, dona anche una piacevolissima sensazione al tatto.MADE IN TAIWAN Chiave: Sib Estensione: Da Sib Grave a Fa# Acuto Corpo: Ottone Finitura:\u00a0Vintage Jazz Tamponi:\u00a0Italiani in pelle con risonatori metallici Astuccio:\u00a0Professionale\u00a0Foam Accessori:\u00a0Tracolla, panno pulizia\" \/>\n<meta property=\"og:url\" content=\"https:\/\/idamariagrassi.com\/it\/products\/gr-acts700br-sassofono-tenore-finitura-vintage-jazz\/\" \/>\n<meta property=\"og:site_name\" content=\"Ida Maria Grassi\" \/>\n<meta property=\"article:modified_time\" content=\"2026-04-14T23:33:13+00:00\" \/>\n<meta property=\"og:image\" content=\"https:\/\/idamariagrassi.com\/wp-content\/uploads\/2026\/04\/tmp_safe_f1568744bdbd9f37d51f298947781e35.jpg\" \/>\n\t<meta property=\"og:image:width\" content=\"1200\" \/>\n\t<meta property=\"og:image:height\" content=\"1200\" \/>\n\t<meta property=\"og:image:type\" content=\"image\/jpeg\" \/>\n<meta name=\"twitter:card\" content=\"summary_large_image\" \/>\n<script type=\"application\/ld+json\" class=\"yoast-schema-graph\">{\"@context\":\"https:\/\/schema.org\",\"@graph\":[{\"@type\":\"WebPage\",\"@id\":\"https:\/\/idamariagrassi.com\/it\/products\/gr-acts700br-sassofono-tenore-finitura-vintage-jazz\/\",\"url\":\"https:\/\/idamariagrassi.com\/it\/products\/gr-acts700br-sassofono-tenore-finitura-vintage-jazz\/\",\"name\":\"Sassofono Tenore, Finitura Vintage Jazz\u00a0 - Ida Maria Grassi\",\"isPartOf\":{\"@id\":\"https:\/\/idamariagrassi.com\/#website\"},\"primaryImageOfPage\":{\"@id\":\"https:\/\/idamariagrassi.com\/it\/products\/gr-acts700br-sassofono-tenore-finitura-vintage-jazz\/#primaryimage\"},\"image\":{\"@id\":\"https:\/\/idamariagrassi.com\/it\/products\/gr-acts700br-sassofono-tenore-finitura-vintage-jazz\/#primaryimage\"},\"thumbnailUrl\":\"https:\/\/idamariagrassi.com\/wp-content\/uploads\/2026\/04\/tmp_safe_f1568744bdbd9f37d51f298947781e35.jpg\",\"datePublished\":\"2026-04-14T23:33:12+00:00\",\"dateModified\":\"2026-04-14T23:33:13+00:00\",\"breadcrumb\":{\"@id\":\"https:\/\/idamariagrassi.com\/it\/products\/gr-acts700br-sassofono-tenore-finitura-vintage-jazz\/#breadcrumb\"},\"inLanguage\":\"it-IT\",\"potentialAction\":[{\"@type\":\"ReadAction\",\"target\":[\"https:\/\/idamariagrassi.com\/it\/products\/gr-acts700br-sassofono-tenore-finitura-vintage-jazz\/\"]}]},{\"@type\":\"ImageObject\",\"inLanguage\":\"it-IT\",\"@id\":\"https:\/\/idamariagrassi.com\/it\/products\/gr-acts700br-sassofono-tenore-finitura-vintage-jazz\/#primaryimage\",\"url\":\"https:\/\/idamariagrassi.com\/wp-content\/uploads\/2026\/04\/tmp_safe_f1568744bdbd9f37d51f298947781e35.jpg\",\"contentUrl\":\"https:\/\/idamariagrassi.com\/wp-content\/uploads\/2026\/04\/tmp_safe_f1568744bdbd9f37d51f298947781e35.jpg\",\"width\":1200,\"height\":1200},{\"@type\":\"BreadcrumbList\",\"@id\":\"https:\/\/idamariagrassi.com\/it\/products\/gr-acts700br-sassofono-tenore-finitura-vintage-jazz\/#breadcrumb\",\"itemListElement\":[{\"@type\":\"ListItem\",\"position\":1,\"name\":\"Home\",\"item\":\"https:\/\/idamariagrassi.com\/it\/\"},{\"@type\":\"ListItem\",\"position\":2,\"name\":\"Products\",\"item\":\"https:\/\/idamariagrassi.com\/shop\/\"},{\"@type\":\"ListItem\",\"position\":3,\"name\":\"Sassofono Tenore, Finitura Vintage Jazz\u00a0\"}]},{\"@type\":\"WebSite\",\"@id\":\"https:\/\/idamariagrassi.com\/#website\",\"url\":\"https:\/\/idamariagrassi.com\/\",\"name\":\"idamariagrassi\",\"description\":\"\",\"potentialAction\":[{\"@type\":\"SearchAction\",\"target\":{\"@type\":\"EntryPoint\",\"urlTemplate\":\"https:\/\/idamariagrassi.com\/?s={search_term_string}\"},\"query-input\":{\"@type\":\"PropertyValueSpecification\",\"valueRequired\":true,\"valueName\":\"search_term_string\"}}],\"inLanguage\":\"it-IT\"}]}<\/script>\n<!-- \/ Yoast SEO plugin. -->","yoast_head_json":{"title":"Sassofono Tenore, Finitura Vintage Jazz\u00a0 - Ida Maria Grassi","robots":{"index":"index","follow":"follow","max-snippet":"max-snippet:-1","max-image-preview":"max-image-preview:large","max-video-preview":"max-video-preview:-1"},"canonical":"https:\/\/idamariagrassi.com\/it\/products\/gr-acts700br-sassofono-tenore-finitura-vintage-jazz\/","og_locale":"it_IT","og_type":"article","og_title":"Sassofono Tenore, Finitura Vintage Jazz\u00a0 - Ida Maria Grassi","og_description":"GR ACTS700BR Sassofono Tenore, Finitura Vintage Jazz.La linea \u201cBronzed\u201d assicura sonorit\u00e0 calde nei registri bassi e incredibilmente luminose nei registri alti, permettendo al musicista di spaziare in pi\u00f9 stili musicali. \u00c8 lo strumento perfetto per il Jazz e il Funk con il suo suono aperto e aggressivo. La particolare finitura, oltre a rendere lo strumento esteticamente accattivante, dona anche una piacevolissima sensazione al tatto.MADE IN TAIWAN Chiave: Sib Estensione: Da Sib Grave a Fa# Acuto Corpo: Ottone Finitura:\u00a0Vintage Jazz Tamponi:\u00a0Italiani in pelle con risonatori metallici Astuccio:\u00a0Professionale\u00a0Foam Accessori:\u00a0Tracolla, panno pulizia","og_url":"https:\/\/idamariagrassi.com\/it\/products\/gr-acts700br-sassofono-tenore-finitura-vintage-jazz\/","og_site_name":"Ida Maria Grassi","article_modified_time":"2026-04-14T23:33:13+00:00","og_image":[{"width":1200,"height":1200,"url":"https:\/\/idamariagrassi.com\/wp-content\/uploads\/2026\/04\/tmp_safe_f1568744bdbd9f37d51f298947781e35.jpg","type":"image\/jpeg"}],"twitter_card":"summary_large_image","schema":{"@context":"https:\/\/schema.org","@graph":[{"@type":"WebPage","@id":"https:\/\/idamariagrassi.com\/it\/products\/gr-acts700br-sassofono-tenore-finitura-vintage-jazz\/","url":"https:\/\/idamariagrassi.com\/it\/products\/gr-acts700br-sassofono-tenore-finitura-vintage-jazz\/","name":"Sassofono Tenore, Finitura Vintage Jazz\u00a0 - Ida Maria Grassi","isPartOf":{"@id":"https:\/\/idamariagrassi.com\/#website"},"primaryImageOfPage":{"@id":"https:\/\/idamariagrassi.com\/it\/products\/gr-acts700br-sassofono-tenore-finitura-vintage-jazz\/#primaryimage"},"image":{"@id":"https:\/\/idamariagrassi.com\/it\/products\/gr-acts700br-sassofono-tenore-finitura-vintage-jazz\/#primaryimage"},"thumbnailUrl":"https:\/\/idamariagrassi.com\/wp-content\/uploads\/2026\/04\/tmp_safe_f1568744bdbd9f37d51f298947781e35.jpg","datePublished":"2026-04-14T23:33:12+00:00","dateModified":"2026-04-14T23:33:13+00:00","breadcrumb":{"@id":"https:\/\/idamariagrassi.com\/it\/products\/gr-acts700br-sassofono-tenore-finitura-vintage-jazz\/#breadcrumb"},"inLanguage":"it-IT","potentialAction":[{"@type":"ReadAction","target":["https:\/\/idamariagrassi.com\/it\/products\/gr-acts700br-sassofono-tenore-finitura-vintage-jazz\/"]}]},{"@type":"ImageObject","inLanguage":"it-IT","@id":"https:\/\/idamariagrassi.com\/it\/products\/gr-acts700br-sassofono-tenore-finitura-vintage-jazz\/#primaryimage","url":"https:\/\/idamariagrassi.com\/wp-content\/uploads\/2026\/04\/tmp_safe_f1568744bdbd9f37d51f298947781e35.jpg","contentUrl":"https:\/\/idamariagrassi.com\/wp-content\/uploads\/2026\/04\/tmp_safe_f1568744bdbd9f37d51f298947781e35.jpg","width":1200,"height":1200},{"@type":"BreadcrumbList","@id":"https:\/\/idamariagrassi.com\/it\/products\/gr-acts700br-sassofono-tenore-finitura-vintage-jazz\/#breadcrumb","itemListElement":[{"@type":"ListItem","position":1,"name":"Home","item":"https:\/\/idamariagrassi.com\/it\/"},{"@type":"ListItem","position":2,"name":"Products","item":"https:\/\/idamariagrassi.com\/shop\/"},{"@type":"ListItem","position":3,"name":"Sassofono Tenore, Finitura Vintage Jazz\u00a0"}]},{"@type":"WebSite","@id":"https:\/\/idamariagrassi.com\/#website","url":"https:\/\/idamariagrassi.com\/","name":"idamariagrassi","description":"","potentialAction":[{"@type":"SearchAction","target":{"@type":"EntryPoint","urlTemplate":"https:\/\/idamariagrassi.com\/?s={search_term_string}"},"query-input":{"@type":"PropertyValueSpecification","valueRequired":true,"valueName":"search_term_string"}}],"inLanguage":"it-IT"}]}},"_links":{"self":[{"href":"https:\/\/idamariagrassi.com\/it\/wp-json\/wp\/v2\/product\/86835","targetHints":{"allow":["GET"]}}],"collection":[{"href":"https:\/\/idamariagrassi.com\/it\/wp-json\/wp\/v2\/product"}],"about":[{"href":"https:\/\/idamariagrassi.com\/it\/wp-json\/wp\/v2\/types\/product"}],"wp:featuredmedia":[{"embeddable":true,"href":"https:\/\/idamariagrassi.com\/it\/wp-json\/wp\/v2\/media\/355073"}],"wp:attachment":[{"href":"https:\/\/idamariagrassi.com\/it\/wp-json\/wp\/v2\/media?parent=86835"}],"wp:term":[{"taxonomy":"product_brand","embeddable":true,"href":"https:\/\/idamariagrassi.com\/it\/wp-json\/wp\/v2\/product_brand?post=86835"},{"taxonomy":"product_cat","embeddable":true,"href":"https:\/\/idamariagrassi.com\/it\/wp-json\/wp\/v2\/product_cat?post=86835"},{"taxonomy":"product_tag","embeddable":true,"href":"https:\/\/idamariagrassi.com\/it\/wp-json\/wp\/v2\/product_tag?post=86835"}],"curies":[{"name":"wp","href":"https:\/\/api.w.org\/{rel}","templated":true}]}}