{"id":86853,"date":"2026-04-15T01:33:29","date_gmt":"2026-04-14T23:33:29","guid":{"rendered":"https:\/\/idamariagrassi.com\/products\/gr-acas300g-sassofono-contralto-in-ottone-finitura-champagne-gold\/"},"modified":"2026-04-15T01:33:30","modified_gmt":"2026-04-14T23:33:30","slug":"gr-acas300g-sassofono-contralto-in-ottone-finitura-champagne-gold","status":"publish","type":"product","link":"https:\/\/idamariagrassi.com\/it\/products\/gr-acas300g-sassofono-contralto-in-ottone-finitura-champagne-gold\/","title":{"rendered":"Sassofono Contralto in Ottone, finitura Champagne Gold"},"content":{"rendered":"","protected":false},"excerpt":{"rendered":"<p><small>GR ACAS300G<\/small><\/p>\n<p><p>Il sax contralto Academy GR ACAS300G Ida Maria Grassi \u00e8 uno strumento di altissimo livello adatto a studenti avanzati e professionisti. Il materiale di cui \u00e8 costituito \u00e8 ottone con alta percentuale di rame per ottenere la migliore resa sonora. La meccanica \u00e8 estremamente precisa e reattiva grazie all&#8217;utilizzo delle molle in acciaio blu e dei tamponi Pisoni. Lo strumento ha una bellissima laccatura champagne gold. Questo tipo di finitura dona allo strumento un suono molto elegante e bilanciato. Lo strumento \u00e8 corredato di una bella custodia a zainetto con due tasche per contenere spartiti ed altri accessori, panno pulizia, grasso per sugheri, bocchino e legatura.<\/p>\n<\/p>\n<ul>\n<li><strong>Chiave:\u00a0<\/strong>Mib<\/li>\n<li><strong>Estensione:\u00a0<\/strong>Da Sib grave a Fa# Acuto<\/li>\n<li><strong>Corpo:\u00a0<\/strong>Ottone<\/li>\n<li><strong>Finitura: <\/strong>Laccato oro<\/li>\n<li><strong>Tamponi:\u00a0<\/strong>Italiani in pelle con risonatori metallici<\/li>\n<li><strong>Astuccio:\u00a0<\/strong>Professionale in Foam<\/li>\n<li><strong>Accessori: <\/strong>Tracolla e panno pulizia<\/li>\n<\/ul>\n","protected":false},"featured_media":355079,"template":"","meta":{"_acf_changed":false,"content-type":""},"product_brand":[],"product_cat":[63],"product_tag":[57],"class_list":{"0":"post-86853","1":"product","2":"type-product","3":"status-publish","4":"has-post-thumbnail","6":"product_cat-strumenti-academy","7":"product_tag-sassofoni","9":"first","10":"instock","11":"product-type-simple"},"acf":[],"yoast_head":"<!-- This site is optimized with the Yoast SEO plugin v27.2 - https:\/\/yoast.com\/product\/yoast-seo-wordpress\/ -->\n<title>Sassofono Contralto in Ottone, finitura Champagne Gold - Ida Maria Grassi<\/title>\n<meta name=\"robots\" content=\"index, follow, max-snippet:-1, max-image-preview:large, max-video-preview:-1\" \/>\n<link rel=\"canonical\" href=\"https:\/\/idamariagrassi.com\/it\/products\/gr-acas300g-sassofono-contralto-in-ottone-finitura-champagne-gold\/\" \/>\n<meta property=\"og:locale\" content=\"it_IT\" \/>\n<meta property=\"og:type\" content=\"article\" \/>\n<meta property=\"og:title\" content=\"Sassofono Contralto in Ottone, finitura Champagne Gold - Ida Maria Grassi\" \/>\n<meta property=\"og:description\" content=\"GR ACAS300G Il sax contralto Academy GR ACAS300G Ida Maria Grassi \u00e8 uno strumento di altissimo livello adatto a studenti avanzati e professionisti. Il materiale di cui \u00e8 costituito \u00e8 ottone con alta percentuale di rame per ottenere la migliore resa sonora. La meccanica \u00e8 estremamente precisa e reattiva grazie all&#039;utilizzo delle molle in acciaio blu e dei tamponi Pisoni. Lo strumento ha una bellissima laccatura champagne gold. Questo tipo di finitura dona allo strumento un suono molto elegante e bilanciato. Lo strumento \u00e8 corredato di una bella custodia a zainetto con due tasche per contenere spartiti ed altri accessori, panno pulizia, grasso per sugheri, bocchino e legatura. Chiave:\u00a0Mib Estensione:\u00a0Da Sib grave a Fa# Acuto Corpo:\u00a0Ottone Finitura: Laccato oro Tamponi:\u00a0Italiani in pelle con risonatori metallici Astuccio:\u00a0Professionale in Foam Accessori: Tracolla e panno pulizia\" \/>\n<meta property=\"og:url\" content=\"https:\/\/idamariagrassi.com\/it\/products\/gr-acas300g-sassofono-contralto-in-ottone-finitura-champagne-gold\/\" \/>\n<meta property=\"og:site_name\" content=\"Ida Maria Grassi\" \/>\n<meta property=\"article:modified_time\" content=\"2026-04-14T23:33:30+00:00\" \/>\n<meta property=\"og:image\" content=\"https:\/\/idamariagrassi.com\/wp-content\/uploads\/2026\/04\/tmp_safe_77f6ff95a6e37ac155321a9eecdde4f3.jpg\" \/>\n\t<meta property=\"og:image:width\" content=\"1200\" \/>\n\t<meta property=\"og:image:height\" content=\"1200\" \/>\n\t<meta property=\"og:image:type\" content=\"image\/jpeg\" \/>\n<meta name=\"twitter:card\" content=\"summary_large_image\" \/>\n<script type=\"application\/ld+json\" class=\"yoast-schema-graph\">{\"@context\":\"https:\/\/schema.org\",\"@graph\":[{\"@type\":\"WebPage\",\"@id\":\"https:\/\/idamariagrassi.com\/it\/products\/gr-acas300g-sassofono-contralto-in-ottone-finitura-champagne-gold\/\",\"url\":\"https:\/\/idamariagrassi.com\/it\/products\/gr-acas300g-sassofono-contralto-in-ottone-finitura-champagne-gold\/\",\"name\":\"Sassofono Contralto in Ottone, finitura Champagne Gold - Ida Maria Grassi\",\"isPartOf\":{\"@id\":\"https:\/\/idamariagrassi.com\/#website\"},\"primaryImageOfPage\":{\"@id\":\"https:\/\/idamariagrassi.com\/it\/products\/gr-acas300g-sassofono-contralto-in-ottone-finitura-champagne-gold\/#primaryimage\"},\"image\":{\"@id\":\"https:\/\/idamariagrassi.com\/it\/products\/gr-acas300g-sassofono-contralto-in-ottone-finitura-champagne-gold\/#primaryimage\"},\"thumbnailUrl\":\"https:\/\/idamariagrassi.com\/wp-content\/uploads\/2026\/04\/tmp_safe_77f6ff95a6e37ac155321a9eecdde4f3.jpg\",\"datePublished\":\"2026-04-14T23:33:29+00:00\",\"dateModified\":\"2026-04-14T23:33:30+00:00\",\"breadcrumb\":{\"@id\":\"https:\/\/idamariagrassi.com\/it\/products\/gr-acas300g-sassofono-contralto-in-ottone-finitura-champagne-gold\/#breadcrumb\"},\"inLanguage\":\"it-IT\",\"potentialAction\":[{\"@type\":\"ReadAction\",\"target\":[\"https:\/\/idamariagrassi.com\/it\/products\/gr-acas300g-sassofono-contralto-in-ottone-finitura-champagne-gold\/\"]}]},{\"@type\":\"ImageObject\",\"inLanguage\":\"it-IT\",\"@id\":\"https:\/\/idamariagrassi.com\/it\/products\/gr-acas300g-sassofono-contralto-in-ottone-finitura-champagne-gold\/#primaryimage\",\"url\":\"https:\/\/idamariagrassi.com\/wp-content\/uploads\/2026\/04\/tmp_safe_77f6ff95a6e37ac155321a9eecdde4f3.jpg\",\"contentUrl\":\"https:\/\/idamariagrassi.com\/wp-content\/uploads\/2026\/04\/tmp_safe_77f6ff95a6e37ac155321a9eecdde4f3.jpg\",\"width\":1200,\"height\":1200},{\"@type\":\"BreadcrumbList\",\"@id\":\"https:\/\/idamariagrassi.com\/it\/products\/gr-acas300g-sassofono-contralto-in-ottone-finitura-champagne-gold\/#breadcrumb\",\"itemListElement\":[{\"@type\":\"ListItem\",\"position\":1,\"name\":\"Home\",\"item\":\"https:\/\/idamariagrassi.com\/it\/\"},{\"@type\":\"ListItem\",\"position\":2,\"name\":\"Products\",\"item\":\"https:\/\/idamariagrassi.com\/shop\/\"},{\"@type\":\"ListItem\",\"position\":3,\"name\":\"Sassofono Contralto in Ottone, finitura Champagne Gold\"}]},{\"@type\":\"WebSite\",\"@id\":\"https:\/\/idamariagrassi.com\/#website\",\"url\":\"https:\/\/idamariagrassi.com\/\",\"name\":\"idamariagrassi\",\"description\":\"\",\"potentialAction\":[{\"@type\":\"SearchAction\",\"target\":{\"@type\":\"EntryPoint\",\"urlTemplate\":\"https:\/\/idamariagrassi.com\/?s={search_term_string}\"},\"query-input\":{\"@type\":\"PropertyValueSpecification\",\"valueRequired\":true,\"valueName\":\"search_term_string\"}}],\"inLanguage\":\"it-IT\"}]}<\/script>\n<!-- \/ Yoast SEO plugin. -->","yoast_head_json":{"title":"Sassofono Contralto in Ottone, finitura Champagne Gold - Ida Maria Grassi","robots":{"index":"index","follow":"follow","max-snippet":"max-snippet:-1","max-image-preview":"max-image-preview:large","max-video-preview":"max-video-preview:-1"},"canonical":"https:\/\/idamariagrassi.com\/it\/products\/gr-acas300g-sassofono-contralto-in-ottone-finitura-champagne-gold\/","og_locale":"it_IT","og_type":"article","og_title":"Sassofono Contralto in Ottone, finitura Champagne Gold - Ida Maria Grassi","og_description":"GR ACAS300G Il sax contralto Academy GR ACAS300G Ida Maria Grassi \u00e8 uno strumento di altissimo livello adatto a studenti avanzati e professionisti. Il materiale di cui \u00e8 costituito \u00e8 ottone con alta percentuale di rame per ottenere la migliore resa sonora. La meccanica \u00e8 estremamente precisa e reattiva grazie all'utilizzo delle molle in acciaio blu e dei tamponi Pisoni. Lo strumento ha una bellissima laccatura champagne gold. Questo tipo di finitura dona allo strumento un suono molto elegante e bilanciato. Lo strumento \u00e8 corredato di una bella custodia a zainetto con due tasche per contenere spartiti ed altri accessori, panno pulizia, grasso per sugheri, bocchino e legatura. Chiave:\u00a0Mib Estensione:\u00a0Da Sib grave a Fa# Acuto Corpo:\u00a0Ottone Finitura: Laccato oro Tamponi:\u00a0Italiani in pelle con risonatori metallici Astuccio:\u00a0Professionale in Foam Accessori: Tracolla e panno pulizia","og_url":"https:\/\/idamariagrassi.com\/it\/products\/gr-acas300g-sassofono-contralto-in-ottone-finitura-champagne-gold\/","og_site_name":"Ida Maria Grassi","article_modified_time":"2026-04-14T23:33:30+00:00","og_image":[{"width":1200,"height":1200,"url":"https:\/\/idamariagrassi.com\/wp-content\/uploads\/2026\/04\/tmp_safe_77f6ff95a6e37ac155321a9eecdde4f3.jpg","type":"image\/jpeg"}],"twitter_card":"summary_large_image","schema":{"@context":"https:\/\/schema.org","@graph":[{"@type":"WebPage","@id":"https:\/\/idamariagrassi.com\/it\/products\/gr-acas300g-sassofono-contralto-in-ottone-finitura-champagne-gold\/","url":"https:\/\/idamariagrassi.com\/it\/products\/gr-acas300g-sassofono-contralto-in-ottone-finitura-champagne-gold\/","name":"Sassofono Contralto in Ottone, finitura Champagne Gold - Ida Maria Grassi","isPartOf":{"@id":"https:\/\/idamariagrassi.com\/#website"},"primaryImageOfPage":{"@id":"https:\/\/idamariagrassi.com\/it\/products\/gr-acas300g-sassofono-contralto-in-ottone-finitura-champagne-gold\/#primaryimage"},"image":{"@id":"https:\/\/idamariagrassi.com\/it\/products\/gr-acas300g-sassofono-contralto-in-ottone-finitura-champagne-gold\/#primaryimage"},"thumbnailUrl":"https:\/\/idamariagrassi.com\/wp-content\/uploads\/2026\/04\/tmp_safe_77f6ff95a6e37ac155321a9eecdde4f3.jpg","datePublished":"2026-04-14T23:33:29+00:00","dateModified":"2026-04-14T23:33:30+00:00","breadcrumb":{"@id":"https:\/\/idamariagrassi.com\/it\/products\/gr-acas300g-sassofono-contralto-in-ottone-finitura-champagne-gold\/#breadcrumb"},"inLanguage":"it-IT","potentialAction":[{"@type":"ReadAction","target":["https:\/\/idamariagrassi.com\/it\/products\/gr-acas300g-sassofono-contralto-in-ottone-finitura-champagne-gold\/"]}]},{"@type":"ImageObject","inLanguage":"it-IT","@id":"https:\/\/idamariagrassi.com\/it\/products\/gr-acas300g-sassofono-contralto-in-ottone-finitura-champagne-gold\/#primaryimage","url":"https:\/\/idamariagrassi.com\/wp-content\/uploads\/2026\/04\/tmp_safe_77f6ff95a6e37ac155321a9eecdde4f3.jpg","contentUrl":"https:\/\/idamariagrassi.com\/wp-content\/uploads\/2026\/04\/tmp_safe_77f6ff95a6e37ac155321a9eecdde4f3.jpg","width":1200,"height":1200},{"@type":"BreadcrumbList","@id":"https:\/\/idamariagrassi.com\/it\/products\/gr-acas300g-sassofono-contralto-in-ottone-finitura-champagne-gold\/#breadcrumb","itemListElement":[{"@type":"ListItem","position":1,"name":"Home","item":"https:\/\/idamariagrassi.com\/it\/"},{"@type":"ListItem","position":2,"name":"Products","item":"https:\/\/idamariagrassi.com\/shop\/"},{"@type":"ListItem","position":3,"name":"Sassofono Contralto in Ottone, finitura Champagne Gold"}]},{"@type":"WebSite","@id":"https:\/\/idamariagrassi.com\/#website","url":"https:\/\/idamariagrassi.com\/","name":"idamariagrassi","description":"","potentialAction":[{"@type":"SearchAction","target":{"@type":"EntryPoint","urlTemplate":"https:\/\/idamariagrassi.com\/?s={search_term_string}"},"query-input":{"@type":"PropertyValueSpecification","valueRequired":true,"valueName":"search_term_string"}}],"inLanguage":"it-IT"}]}},"_links":{"self":[{"href":"https:\/\/idamariagrassi.com\/it\/wp-json\/wp\/v2\/product\/86853","targetHints":{"allow":["GET"]}}],"collection":[{"href":"https:\/\/idamariagrassi.com\/it\/wp-json\/wp\/v2\/product"}],"about":[{"href":"https:\/\/idamariagrassi.com\/it\/wp-json\/wp\/v2\/types\/product"}],"wp:featuredmedia":[{"embeddable":true,"href":"https:\/\/idamariagrassi.com\/it\/wp-json\/wp\/v2\/media\/355079"}],"wp:attachment":[{"href":"https:\/\/idamariagrassi.com\/it\/wp-json\/wp\/v2\/media?parent=86853"}],"wp:term":[{"taxonomy":"product_brand","embeddable":true,"href":"https:\/\/idamariagrassi.com\/it\/wp-json\/wp\/v2\/product_brand?post=86853"},{"taxonomy":"product_cat","embeddable":true,"href":"https:\/\/idamariagrassi.com\/it\/wp-json\/wp\/v2\/product_cat?post=86853"},{"taxonomy":"product_tag","embeddable":true,"href":"https:\/\/idamariagrassi.com\/it\/wp-json\/wp\/v2\/product_tag?post=86853"}],"curies":[{"name":"wp","href":"https:\/\/api.w.org\/{rel}","templated":true}]}}