{"id":86862,"date":"2026-04-30T01:34:28","date_gmt":"2026-04-29T23:34:28","guid":{"rendered":"https:\/\/idamariagrassi.com\/products\/gr-sc240-cornetta\/"},"modified":"2026-04-30T01:34:28","modified_gmt":"2026-04-29T23:34:28","slug":"gr-sc240-cornetta","status":"publish","type":"product","link":"https:\/\/idamariagrassi.com\/it\/products\/gr-sc240-cornetta\/","title":{"rendered":"Cornetta"},"content":{"rendered":"","protected":false},"excerpt":{"rendered":"<p><small>GR SC240<\/small><\/p>\n<p><p data-start=\"16\" data-end=\"266\">La cornetta SC240 Ida Maria Grassi in Sib \u00e8 uno strumento della linea School progettato per offrire facilit\u00e0 di emissione, affidabilit\u00e0 e comfort esecutivo, ideale per studenti alle prime esperienze e per l\u2019utilizzo in ambito scolastico e bandistico.<\/p>\n<p data-start=\"268\" data-end=\"681\">Il corpo in ottone con finitura laccata garantisce resistenza e durata nel tempo, mentre la campana da 120 mm favorisce una proiezione sonora equilibrata e un timbro morbido e controllato, tipico della cornetta. Il canneggio da 11,60 mm consente un\u2019emissione agevole e una risposta pronta, facilitando lo sviluppo della tecnica di base. Il leadpipe ramato contribuisce a maggiore resistenza e stabilit\u00e0 nel tempo.<\/p>\n<p data-start=\"683\" data-end=\"841\">Lo strumento \u00e8 dotato di pistoni in acciaio inossidabile, progettati per garantire scorrevolezza, precisione e lunga durata anche con un utilizzo frequente.<\/p>\n<\/p>\n<p data-start=\"843\" data-end=\"1127\">La cornetta \u00e8 fornita con custodia in foam per un trasporto pratico e sicuro ed \u00e8 corredata di bocchino, olio per pistoni, grasso per pompe e panno per la pulizia. Uno strumento affidabile e accessibile, pensato per accompagnare lo studente nei primi passi con sicurezza e facilit\u00e0.<\/p>\n<\/p>\n<ul style=\"font-size: 13px;\">\n<li><strong>Chiave:\u00a0<\/strong>Sib<\/li>\n<li><strong>Campana:\u00a0<\/strong>120 mm<\/li>\n<li><strong>Canneggio:\u00a0<\/strong>11.60 m<\/li>\n<li><strong>Finitura:<\/strong> Ottone\u00a0Laccato<\/li>\n<li><strong>Lead Pipe:\u00a0<\/strong>Ramata<\/li>\n<li><strong>Pistoni:\u00a0<\/strong>Nichelati<\/li>\n<li><strong>Astuccio:\u00a0<\/strong>Case in Foam<\/li>\n<li><strong>Accessori:\u00a0<\/strong>Panno pulizia<\/li>\n<\/ul>\n<p>Designed &#038; Engineered by Proel<\/p>\n<p>Manufacturer: Proel &#8211; Made in China<\/p>\n<ul style=\"font-size: 13px;\"><\/ul>\n","protected":false},"featured_media":360033,"template":"","meta":{"_acf_changed":false,"content-type":""},"product_brand":[],"product_cat":[65],"product_tag":[71],"class_list":{"0":"post-86862","1":"product","2":"type-product","3":"status-publish","4":"has-post-thumbnail","6":"product_cat-strumenti-school","7":"product_tag-cornetta","9":"first","10":"instock","11":"product-type-simple"},"acf":[],"yoast_head":"<!-- This site is optimized with the Yoast SEO plugin v27.4 - https:\/\/yoast.com\/product\/yoast-seo-wordpress\/ -->\n<title>Cornetta - Ida Maria Grassi<\/title>\n<meta name=\"robots\" content=\"index, follow, max-snippet:-1, max-image-preview:large, max-video-preview:-1\" \/>\n<link rel=\"canonical\" href=\"https:\/\/idamariagrassi.com\/it\/products\/gr-sc240-cornetta\/\" \/>\n<meta property=\"og:locale\" content=\"it_IT\" \/>\n<meta property=\"og:type\" content=\"article\" \/>\n<meta property=\"og:title\" content=\"Cornetta - Ida Maria Grassi\" \/>\n<meta property=\"og:description\" content=\"GR SC240 La cornetta SC240 Ida Maria Grassi in Sib \u00e8 uno strumento della linea School progettato per offrire facilit\u00e0 di emissione, affidabilit\u00e0 e comfort esecutivo, ideale per studenti alle prime esperienze e per l\u2019utilizzo in ambito scolastico e bandistico.Il corpo in ottone con finitura laccata garantisce resistenza e durata nel tempo, mentre la campana da 120 mm favorisce una proiezione sonora equilibrata e un timbro morbido e controllato, tipico della cornetta. Il canneggio da 11,60 mm consente un\u2019emissione agevole e una risposta pronta, facilitando lo sviluppo della tecnica di base. Il leadpipe ramato contribuisce a maggiore resistenza e stabilit\u00e0 nel tempo.Lo strumento \u00e8 dotato di pistoni in acciaio inossidabile, progettati per garantire scorrevolezza, precisione e lunga durata anche con un utilizzo frequente.La cornetta \u00e8 fornita con custodia in foam per un trasporto pratico e sicuro ed \u00e8 corredata di bocchino, olio per pistoni, grasso per pompe e panno per la pulizia. Uno strumento affidabile e accessibile, pensato per accompagnare lo studente nei primi passi con sicurezza e facilit\u00e0. Chiave:\u00a0Sib Campana:\u00a0120 mm Canneggio:\u00a011.60 m Finitura: Ottone\u00a0Laccato Lead Pipe:\u00a0Ramata Pistoni:\u00a0Nichelati Astuccio:\u00a0Case in Foam Accessori:\u00a0Panno puliziaDesigned &amp; Engineered by ProelManufacturer: Proel - Made in China\" \/>\n<meta property=\"og:url\" content=\"https:\/\/idamariagrassi.com\/it\/products\/gr-sc240-cornetta\/\" \/>\n<meta property=\"og:site_name\" content=\"Ida Maria Grassi\" \/>\n<meta property=\"og:image\" content=\"https:\/\/idamariagrassi.com\/wp-content\/uploads\/2026\/04\/tmp_safe_4b9832aaa7c637aaa1f6990209169fe0.jpg\" \/>\n\t<meta property=\"og:image:width\" content=\"1200\" \/>\n\t<meta property=\"og:image:height\" content=\"1200\" \/>\n\t<meta property=\"og:image:type\" content=\"image\/jpeg\" \/>\n<meta name=\"twitter:card\" content=\"summary_large_image\" \/>\n<script type=\"application\/ld+json\" class=\"yoast-schema-graph\">{\"@context\":\"https:\\\/\\\/schema.org\",\"@graph\":[{\"@type\":\"WebPage\",\"@id\":\"https:\\\/\\\/idamariagrassi.com\\\/it\\\/products\\\/gr-sc240-cornetta\\\/\",\"url\":\"https:\\\/\\\/idamariagrassi.com\\\/it\\\/products\\\/gr-sc240-cornetta\\\/\",\"name\":\"Cornetta - Ida Maria Grassi\",\"isPartOf\":{\"@id\":\"https:\\\/\\\/idamariagrassi.com\\\/#website\"},\"primaryImageOfPage\":{\"@id\":\"https:\\\/\\\/idamariagrassi.com\\\/it\\\/products\\\/gr-sc240-cornetta\\\/#primaryimage\"},\"image\":{\"@id\":\"https:\\\/\\\/idamariagrassi.com\\\/it\\\/products\\\/gr-sc240-cornetta\\\/#primaryimage\"},\"thumbnailUrl\":\"https:\\\/\\\/idamariagrassi.com\\\/wp-content\\\/uploads\\\/2026\\\/04\\\/tmp_safe_4b9832aaa7c637aaa1f6990209169fe0.jpg\",\"datePublished\":\"2026-04-29T23:34:28+00:00\",\"breadcrumb\":{\"@id\":\"https:\\\/\\\/idamariagrassi.com\\\/it\\\/products\\\/gr-sc240-cornetta\\\/#breadcrumb\"},\"inLanguage\":\"it-IT\",\"potentialAction\":[{\"@type\":\"ReadAction\",\"target\":[\"https:\\\/\\\/idamariagrassi.com\\\/it\\\/products\\\/gr-sc240-cornetta\\\/\"]}]},{\"@type\":\"ImageObject\",\"inLanguage\":\"it-IT\",\"@id\":\"https:\\\/\\\/idamariagrassi.com\\\/it\\\/products\\\/gr-sc240-cornetta\\\/#primaryimage\",\"url\":\"https:\\\/\\\/idamariagrassi.com\\\/wp-content\\\/uploads\\\/2026\\\/04\\\/tmp_safe_4b9832aaa7c637aaa1f6990209169fe0.jpg\",\"contentUrl\":\"https:\\\/\\\/idamariagrassi.com\\\/wp-content\\\/uploads\\\/2026\\\/04\\\/tmp_safe_4b9832aaa7c637aaa1f6990209169fe0.jpg\",\"width\":1200,\"height\":1200},{\"@type\":\"BreadcrumbList\",\"@id\":\"https:\\\/\\\/idamariagrassi.com\\\/it\\\/products\\\/gr-sc240-cornetta\\\/#breadcrumb\",\"itemListElement\":[{\"@type\":\"ListItem\",\"position\":1,\"name\":\"Home\",\"item\":\"https:\\\/\\\/idamariagrassi.com\\\/it\\\/\"},{\"@type\":\"ListItem\",\"position\":2,\"name\":\"Products\",\"item\":\"https:\\\/\\\/idamariagrassi.com\\\/shop\\\/\"},{\"@type\":\"ListItem\",\"position\":3,\"name\":\"Cornetta\"}]},{\"@type\":\"WebSite\",\"@id\":\"https:\\\/\\\/idamariagrassi.com\\\/#website\",\"url\":\"https:\\\/\\\/idamariagrassi.com\\\/\",\"name\":\"idamariagrassi\",\"description\":\"\",\"potentialAction\":[{\"@type\":\"SearchAction\",\"target\":{\"@type\":\"EntryPoint\",\"urlTemplate\":\"https:\\\/\\\/idamariagrassi.com\\\/?s={search_term_string}\"},\"query-input\":{\"@type\":\"PropertyValueSpecification\",\"valueRequired\":true,\"valueName\":\"search_term_string\"}}],\"inLanguage\":\"it-IT\"}]}<\/script>\n<!-- \/ Yoast SEO plugin. -->","yoast_head_json":{"title":"Cornetta - Ida Maria Grassi","robots":{"index":"index","follow":"follow","max-snippet":"max-snippet:-1","max-image-preview":"max-image-preview:large","max-video-preview":"max-video-preview:-1"},"canonical":"https:\/\/idamariagrassi.com\/it\/products\/gr-sc240-cornetta\/","og_locale":"it_IT","og_type":"article","og_title":"Cornetta - Ida Maria Grassi","og_description":"GR SC240 La cornetta SC240 Ida Maria Grassi in Sib \u00e8 uno strumento della linea School progettato per offrire facilit\u00e0 di emissione, affidabilit\u00e0 e comfort esecutivo, ideale per studenti alle prime esperienze e per l\u2019utilizzo in ambito scolastico e bandistico.Il corpo in ottone con finitura laccata garantisce resistenza e durata nel tempo, mentre la campana da 120 mm favorisce una proiezione sonora equilibrata e un timbro morbido e controllato, tipico della cornetta. Il canneggio da 11,60 mm consente un\u2019emissione agevole e una risposta pronta, facilitando lo sviluppo della tecnica di base. Il leadpipe ramato contribuisce a maggiore resistenza e stabilit\u00e0 nel tempo.Lo strumento \u00e8 dotato di pistoni in acciaio inossidabile, progettati per garantire scorrevolezza, precisione e lunga durata anche con un utilizzo frequente.La cornetta \u00e8 fornita con custodia in foam per un trasporto pratico e sicuro ed \u00e8 corredata di bocchino, olio per pistoni, grasso per pompe e panno per la pulizia. Uno strumento affidabile e accessibile, pensato per accompagnare lo studente nei primi passi con sicurezza e facilit\u00e0. Chiave:\u00a0Sib Campana:\u00a0120 mm Canneggio:\u00a011.60 m Finitura: Ottone\u00a0Laccato Lead Pipe:\u00a0Ramata Pistoni:\u00a0Nichelati Astuccio:\u00a0Case in Foam Accessori:\u00a0Panno puliziaDesigned & Engineered by ProelManufacturer: Proel - Made in China","og_url":"https:\/\/idamariagrassi.com\/it\/products\/gr-sc240-cornetta\/","og_site_name":"Ida Maria Grassi","og_image":[{"width":1200,"height":1200,"url":"https:\/\/idamariagrassi.com\/wp-content\/uploads\/2026\/04\/tmp_safe_4b9832aaa7c637aaa1f6990209169fe0.jpg","type":"image\/jpeg"}],"twitter_card":"summary_large_image","schema":{"@context":"https:\/\/schema.org","@graph":[{"@type":"WebPage","@id":"https:\/\/idamariagrassi.com\/it\/products\/gr-sc240-cornetta\/","url":"https:\/\/idamariagrassi.com\/it\/products\/gr-sc240-cornetta\/","name":"Cornetta - Ida Maria Grassi","isPartOf":{"@id":"https:\/\/idamariagrassi.com\/#website"},"primaryImageOfPage":{"@id":"https:\/\/idamariagrassi.com\/it\/products\/gr-sc240-cornetta\/#primaryimage"},"image":{"@id":"https:\/\/idamariagrassi.com\/it\/products\/gr-sc240-cornetta\/#primaryimage"},"thumbnailUrl":"https:\/\/idamariagrassi.com\/wp-content\/uploads\/2026\/04\/tmp_safe_4b9832aaa7c637aaa1f6990209169fe0.jpg","datePublished":"2026-04-29T23:34:28+00:00","breadcrumb":{"@id":"https:\/\/idamariagrassi.com\/it\/products\/gr-sc240-cornetta\/#breadcrumb"},"inLanguage":"it-IT","potentialAction":[{"@type":"ReadAction","target":["https:\/\/idamariagrassi.com\/it\/products\/gr-sc240-cornetta\/"]}]},{"@type":"ImageObject","inLanguage":"it-IT","@id":"https:\/\/idamariagrassi.com\/it\/products\/gr-sc240-cornetta\/#primaryimage","url":"https:\/\/idamariagrassi.com\/wp-content\/uploads\/2026\/04\/tmp_safe_4b9832aaa7c637aaa1f6990209169fe0.jpg","contentUrl":"https:\/\/idamariagrassi.com\/wp-content\/uploads\/2026\/04\/tmp_safe_4b9832aaa7c637aaa1f6990209169fe0.jpg","width":1200,"height":1200},{"@type":"BreadcrumbList","@id":"https:\/\/idamariagrassi.com\/it\/products\/gr-sc240-cornetta\/#breadcrumb","itemListElement":[{"@type":"ListItem","position":1,"name":"Home","item":"https:\/\/idamariagrassi.com\/it\/"},{"@type":"ListItem","position":2,"name":"Products","item":"https:\/\/idamariagrassi.com\/shop\/"},{"@type":"ListItem","position":3,"name":"Cornetta"}]},{"@type":"WebSite","@id":"https:\/\/idamariagrassi.com\/#website","url":"https:\/\/idamariagrassi.com\/","name":"idamariagrassi","description":"","potentialAction":[{"@type":"SearchAction","target":{"@type":"EntryPoint","urlTemplate":"https:\/\/idamariagrassi.com\/?s={search_term_string}"},"query-input":{"@type":"PropertyValueSpecification","valueRequired":true,"valueName":"search_term_string"}}],"inLanguage":"it-IT"}]}},"_links":{"self":[{"href":"https:\/\/idamariagrassi.com\/it\/wp-json\/wp\/v2\/product\/86862","targetHints":{"allow":["GET"]}}],"collection":[{"href":"https:\/\/idamariagrassi.com\/it\/wp-json\/wp\/v2\/product"}],"about":[{"href":"https:\/\/idamariagrassi.com\/it\/wp-json\/wp\/v2\/types\/product"}],"wp:featuredmedia":[{"embeddable":true,"href":"https:\/\/idamariagrassi.com\/it\/wp-json\/wp\/v2\/media\/360033"}],"wp:attachment":[{"href":"https:\/\/idamariagrassi.com\/it\/wp-json\/wp\/v2\/media?parent=86862"}],"wp:term":[{"taxonomy":"product_brand","embeddable":true,"href":"https:\/\/idamariagrassi.com\/it\/wp-json\/wp\/v2\/product_brand?post=86862"},{"taxonomy":"product_cat","embeddable":true,"href":"https:\/\/idamariagrassi.com\/it\/wp-json\/wp\/v2\/product_cat?post=86862"},{"taxonomy":"product_tag","embeddable":true,"href":"https:\/\/idamariagrassi.com\/it\/wp-json\/wp\/v2\/product_tag?post=86862"}],"curies":[{"name":"wp","href":"https:\/\/api.w.org\/{rel}","templated":true}]}}