{"id":86865,"date":"2026-04-30T01:34:31","date_gmt":"2026-04-29T23:34:31","guid":{"rendered":"https:\/\/idamariagrassi.com\/products\/gr-seu1500-eufonio-in-sib\/"},"modified":"2026-04-30T01:34:32","modified_gmt":"2026-04-29T23:34:32","slug":"gr-seu1500-eufonio-in-sib","status":"publish","type":"product","link":"https:\/\/idamariagrassi.com\/it\/products\/gr-seu1500-eufonio-in-sib\/","title":{"rendered":"Eufonio in Sib"},"content":{"rendered":"","protected":false},"excerpt":{"rendered":"<p><small>GR SEU1500<\/small><\/p>\n<p><p data-start=\"0\" data-end=\"438\">L\u2019euphonium in Sib Ida Maria Grassi \u00e8 uno strumento progettato per offrire affidabilit\u00e0 meccanica, facilit\u00e0 di emissione e un suono ampio e rotondo, caratteristiche fondamentali sia in ambito bandistico sia nei percorsi di studio strutturati. La campana da 278 mm favorisce una proiezione sonora generosa e un timbro pieno, mentre il canneggio da 13,80 mm garantisce un equilibrio efficace tra prontezza di risposta e corposit\u00e0 del suono.<\/p>\n<p data-start=\"440\" data-end=\"759\">Lo strumento \u00e8 dotato di tre pistoni in acciaio inossidabile, progettati per assicurare scorrevolezza, precisione e resistenza all\u2019usura nel tempo. La finitura laccata, estesa anche alla leadpipe, protegge la superficie dello strumento e ne valorizza l\u2019estetica, mantenendo nel tempo brillantezza e integrit\u00e0.<\/p>\n<\/p>\n<p data-start=\"761\" data-end=\"1036\" data-is-last-node=\"\" data-is-only-node=\"\">L\u2019euphonium \u00e8 fornito con custodia sagomata in foam dotata di ruote, pratica e leggera per facilitare il trasporto, e con panno per la pulizia ordinaria. Uno strumento solido e bilanciato, pensato per garantire comfort esecutivo, intonazione stabile e affidabilit\u00e0 nel tempo.<\/p>\n<\/p>\n<ul style=\"font-size: 13px;\">\n<li><strong>Chiave:<\/strong><span style=\"white-space: pre;\"> Sib<\/span><\/li>\n<li><strong>Campana:<\/strong><span style=\"white-space: pre;\"> 278 mm<\/span><\/li>\n<li><strong>Canneggio:<\/strong>\u00a013.80 mm<\/li>\n<li><strong>Fnitura:<\/strong>\u00a0Ottone Laccato<\/li>\n<li><span style=\"white-space: pre;\"><strong>Lead Pipe:<\/strong> Laccata<\/span><\/li>\n<li><strong>Pistoni:<\/strong>\u00a0Acciaio Inossidabile<\/li>\n<li><strong>Astuccio:\u00a0<\/strong>Case\u00a0in Foam con Ruote<\/li>\n<li><strong>Accessori:<\/strong>\u00a0Panno Pulizia<\/li>\n<\/ul>\n<p>Designed &#038; Engineered by Proel<\/p>\n<p>Manufacturer: Proel &#8211; Made in China<\/p>\n<ul style=\"font-size: 13px;\"><\/ul>\n","protected":false},"featured_media":360034,"template":"","meta":{"_acf_changed":false,"content-type":""},"product_brand":[],"product_cat":[65],"product_tag":[74],"class_list":{"0":"post-86865","1":"product","2":"type-product","3":"status-publish","4":"has-post-thumbnail","6":"product_cat-strumenti-school","7":"product_tag-eufonio","9":"first","10":"instock","11":"product-type-simple"},"acf":[],"yoast_head":"<!-- This site is optimized with the Yoast SEO plugin v27.4 - https:\/\/yoast.com\/product\/yoast-seo-wordpress\/ -->\n<title>Eufonio in Sib - Ida Maria Grassi<\/title>\n<meta name=\"robots\" content=\"index, follow, max-snippet:-1, max-image-preview:large, max-video-preview:-1\" \/>\n<link rel=\"canonical\" href=\"https:\/\/idamariagrassi.com\/it\/products\/gr-seu1500-eufonio-in-sib\/\" \/>\n<meta property=\"og:locale\" content=\"it_IT\" \/>\n<meta property=\"og:type\" content=\"article\" \/>\n<meta property=\"og:title\" content=\"Eufonio in Sib - Ida Maria Grassi\" \/>\n<meta property=\"og:description\" content=\"GR SEU1500 L\u2019euphonium in Sib Ida Maria Grassi \u00e8 uno strumento progettato per offrire affidabilit\u00e0 meccanica, facilit\u00e0 di emissione e un suono ampio e rotondo, caratteristiche fondamentali sia in ambito bandistico sia nei percorsi di studio strutturati. La campana da 278 mm favorisce una proiezione sonora generosa e un timbro pieno, mentre il canneggio da 13,80 mm garantisce un equilibrio efficace tra prontezza di risposta e corposit\u00e0 del suono.Lo strumento \u00e8 dotato di tre pistoni in acciaio inossidabile, progettati per assicurare scorrevolezza, precisione e resistenza all\u2019usura nel tempo. La finitura laccata, estesa anche alla leadpipe, protegge la superficie dello strumento e ne valorizza l\u2019estetica, mantenendo nel tempo brillantezza e integrit\u00e0.L\u2019euphonium \u00e8 fornito con custodia sagomata in foam dotata di ruote, pratica e leggera per facilitare il trasporto, e con panno per la pulizia ordinaria. Uno strumento solido e bilanciato, pensato per garantire comfort esecutivo, intonazione stabile e affidabilit\u00e0 nel tempo. Chiave: Sib Campana: 278 mm Canneggio:\u00a013.80 mm Fnitura:\u00a0Ottone Laccato Lead Pipe: Laccata Pistoni:\u00a0Acciaio Inossidabile Astuccio:\u00a0Case\u00a0in Foam con Ruote Accessori:\u00a0Panno PuliziaDesigned &amp; Engineered by ProelManufacturer: Proel - Made in China\" \/>\n<meta property=\"og:url\" content=\"https:\/\/idamariagrassi.com\/it\/products\/gr-seu1500-eufonio-in-sib\/\" \/>\n<meta property=\"og:site_name\" content=\"Ida Maria Grassi\" \/>\n<meta property=\"article:modified_time\" content=\"2026-04-29T23:34:32+00:00\" \/>\n<meta property=\"og:image\" content=\"https:\/\/idamariagrassi.com\/wp-content\/uploads\/2026\/04\/tmp_safe_cfc165da0a752826c23ffbc7cc201b09.jpg\" \/>\n\t<meta property=\"og:image:width\" content=\"1200\" \/>\n\t<meta property=\"og:image:height\" content=\"1200\" \/>\n\t<meta property=\"og:image:type\" content=\"image\/jpeg\" \/>\n<meta name=\"twitter:card\" content=\"summary_large_image\" \/>\n<script type=\"application\/ld+json\" class=\"yoast-schema-graph\">{\"@context\":\"https:\\\/\\\/schema.org\",\"@graph\":[{\"@type\":\"WebPage\",\"@id\":\"https:\\\/\\\/idamariagrassi.com\\\/it\\\/products\\\/gr-seu1500-eufonio-in-sib\\\/\",\"url\":\"https:\\\/\\\/idamariagrassi.com\\\/it\\\/products\\\/gr-seu1500-eufonio-in-sib\\\/\",\"name\":\"Eufonio in Sib - Ida Maria Grassi\",\"isPartOf\":{\"@id\":\"https:\\\/\\\/idamariagrassi.com\\\/#website\"},\"primaryImageOfPage\":{\"@id\":\"https:\\\/\\\/idamariagrassi.com\\\/it\\\/products\\\/gr-seu1500-eufonio-in-sib\\\/#primaryimage\"},\"image\":{\"@id\":\"https:\\\/\\\/idamariagrassi.com\\\/it\\\/products\\\/gr-seu1500-eufonio-in-sib\\\/#primaryimage\"},\"thumbnailUrl\":\"https:\\\/\\\/idamariagrassi.com\\\/wp-content\\\/uploads\\\/2026\\\/04\\\/tmp_safe_cfc165da0a752826c23ffbc7cc201b09.jpg\",\"datePublished\":\"2026-04-29T23:34:31+00:00\",\"dateModified\":\"2026-04-29T23:34:32+00:00\",\"breadcrumb\":{\"@id\":\"https:\\\/\\\/idamariagrassi.com\\\/it\\\/products\\\/gr-seu1500-eufonio-in-sib\\\/#breadcrumb\"},\"inLanguage\":\"it-IT\",\"potentialAction\":[{\"@type\":\"ReadAction\",\"target\":[\"https:\\\/\\\/idamariagrassi.com\\\/it\\\/products\\\/gr-seu1500-eufonio-in-sib\\\/\"]}]},{\"@type\":\"ImageObject\",\"inLanguage\":\"it-IT\",\"@id\":\"https:\\\/\\\/idamariagrassi.com\\\/it\\\/products\\\/gr-seu1500-eufonio-in-sib\\\/#primaryimage\",\"url\":\"https:\\\/\\\/idamariagrassi.com\\\/wp-content\\\/uploads\\\/2026\\\/04\\\/tmp_safe_cfc165da0a752826c23ffbc7cc201b09.jpg\",\"contentUrl\":\"https:\\\/\\\/idamariagrassi.com\\\/wp-content\\\/uploads\\\/2026\\\/04\\\/tmp_safe_cfc165da0a752826c23ffbc7cc201b09.jpg\",\"width\":1200,\"height\":1200},{\"@type\":\"BreadcrumbList\",\"@id\":\"https:\\\/\\\/idamariagrassi.com\\\/it\\\/products\\\/gr-seu1500-eufonio-in-sib\\\/#breadcrumb\",\"itemListElement\":[{\"@type\":\"ListItem\",\"position\":1,\"name\":\"Home\",\"item\":\"https:\\\/\\\/idamariagrassi.com\\\/it\\\/\"},{\"@type\":\"ListItem\",\"position\":2,\"name\":\"Products\",\"item\":\"https:\\\/\\\/idamariagrassi.com\\\/shop\\\/\"},{\"@type\":\"ListItem\",\"position\":3,\"name\":\"Eufonio in Sib\"}]},{\"@type\":\"WebSite\",\"@id\":\"https:\\\/\\\/idamariagrassi.com\\\/#website\",\"url\":\"https:\\\/\\\/idamariagrassi.com\\\/\",\"name\":\"idamariagrassi\",\"description\":\"\",\"potentialAction\":[{\"@type\":\"SearchAction\",\"target\":{\"@type\":\"EntryPoint\",\"urlTemplate\":\"https:\\\/\\\/idamariagrassi.com\\\/?s={search_term_string}\"},\"query-input\":{\"@type\":\"PropertyValueSpecification\",\"valueRequired\":true,\"valueName\":\"search_term_string\"}}],\"inLanguage\":\"it-IT\"}]}<\/script>\n<!-- \/ Yoast SEO plugin. -->","yoast_head_json":{"title":"Eufonio in Sib - Ida Maria Grassi","robots":{"index":"index","follow":"follow","max-snippet":"max-snippet:-1","max-image-preview":"max-image-preview:large","max-video-preview":"max-video-preview:-1"},"canonical":"https:\/\/idamariagrassi.com\/it\/products\/gr-seu1500-eufonio-in-sib\/","og_locale":"it_IT","og_type":"article","og_title":"Eufonio in Sib - Ida Maria Grassi","og_description":"GR SEU1500 L\u2019euphonium in Sib Ida Maria Grassi \u00e8 uno strumento progettato per offrire affidabilit\u00e0 meccanica, facilit\u00e0 di emissione e un suono ampio e rotondo, caratteristiche fondamentali sia in ambito bandistico sia nei percorsi di studio strutturati. La campana da 278 mm favorisce una proiezione sonora generosa e un timbro pieno, mentre il canneggio da 13,80 mm garantisce un equilibrio efficace tra prontezza di risposta e corposit\u00e0 del suono.Lo strumento \u00e8 dotato di tre pistoni in acciaio inossidabile, progettati per assicurare scorrevolezza, precisione e resistenza all\u2019usura nel tempo. La finitura laccata, estesa anche alla leadpipe, protegge la superficie dello strumento e ne valorizza l\u2019estetica, mantenendo nel tempo brillantezza e integrit\u00e0.L\u2019euphonium \u00e8 fornito con custodia sagomata in foam dotata di ruote, pratica e leggera per facilitare il trasporto, e con panno per la pulizia ordinaria. Uno strumento solido e bilanciato, pensato per garantire comfort esecutivo, intonazione stabile e affidabilit\u00e0 nel tempo. Chiave: Sib Campana: 278 mm Canneggio:\u00a013.80 mm Fnitura:\u00a0Ottone Laccato Lead Pipe: Laccata Pistoni:\u00a0Acciaio Inossidabile Astuccio:\u00a0Case\u00a0in Foam con Ruote Accessori:\u00a0Panno PuliziaDesigned & Engineered by ProelManufacturer: Proel - Made in China","og_url":"https:\/\/idamariagrassi.com\/it\/products\/gr-seu1500-eufonio-in-sib\/","og_site_name":"Ida Maria Grassi","article_modified_time":"2026-04-29T23:34:32+00:00","og_image":[{"width":1200,"height":1200,"url":"https:\/\/idamariagrassi.com\/wp-content\/uploads\/2026\/04\/tmp_safe_cfc165da0a752826c23ffbc7cc201b09.jpg","type":"image\/jpeg"}],"twitter_card":"summary_large_image","schema":{"@context":"https:\/\/schema.org","@graph":[{"@type":"WebPage","@id":"https:\/\/idamariagrassi.com\/it\/products\/gr-seu1500-eufonio-in-sib\/","url":"https:\/\/idamariagrassi.com\/it\/products\/gr-seu1500-eufonio-in-sib\/","name":"Eufonio in Sib - Ida Maria Grassi","isPartOf":{"@id":"https:\/\/idamariagrassi.com\/#website"},"primaryImageOfPage":{"@id":"https:\/\/idamariagrassi.com\/it\/products\/gr-seu1500-eufonio-in-sib\/#primaryimage"},"image":{"@id":"https:\/\/idamariagrassi.com\/it\/products\/gr-seu1500-eufonio-in-sib\/#primaryimage"},"thumbnailUrl":"https:\/\/idamariagrassi.com\/wp-content\/uploads\/2026\/04\/tmp_safe_cfc165da0a752826c23ffbc7cc201b09.jpg","datePublished":"2026-04-29T23:34:31+00:00","dateModified":"2026-04-29T23:34:32+00:00","breadcrumb":{"@id":"https:\/\/idamariagrassi.com\/it\/products\/gr-seu1500-eufonio-in-sib\/#breadcrumb"},"inLanguage":"it-IT","potentialAction":[{"@type":"ReadAction","target":["https:\/\/idamariagrassi.com\/it\/products\/gr-seu1500-eufonio-in-sib\/"]}]},{"@type":"ImageObject","inLanguage":"it-IT","@id":"https:\/\/idamariagrassi.com\/it\/products\/gr-seu1500-eufonio-in-sib\/#primaryimage","url":"https:\/\/idamariagrassi.com\/wp-content\/uploads\/2026\/04\/tmp_safe_cfc165da0a752826c23ffbc7cc201b09.jpg","contentUrl":"https:\/\/idamariagrassi.com\/wp-content\/uploads\/2026\/04\/tmp_safe_cfc165da0a752826c23ffbc7cc201b09.jpg","width":1200,"height":1200},{"@type":"BreadcrumbList","@id":"https:\/\/idamariagrassi.com\/it\/products\/gr-seu1500-eufonio-in-sib\/#breadcrumb","itemListElement":[{"@type":"ListItem","position":1,"name":"Home","item":"https:\/\/idamariagrassi.com\/it\/"},{"@type":"ListItem","position":2,"name":"Products","item":"https:\/\/idamariagrassi.com\/shop\/"},{"@type":"ListItem","position":3,"name":"Eufonio in Sib"}]},{"@type":"WebSite","@id":"https:\/\/idamariagrassi.com\/#website","url":"https:\/\/idamariagrassi.com\/","name":"idamariagrassi","description":"","potentialAction":[{"@type":"SearchAction","target":{"@type":"EntryPoint","urlTemplate":"https:\/\/idamariagrassi.com\/?s={search_term_string}"},"query-input":{"@type":"PropertyValueSpecification","valueRequired":true,"valueName":"search_term_string"}}],"inLanguage":"it-IT"}]}},"_links":{"self":[{"href":"https:\/\/idamariagrassi.com\/it\/wp-json\/wp\/v2\/product\/86865","targetHints":{"allow":["GET"]}}],"collection":[{"href":"https:\/\/idamariagrassi.com\/it\/wp-json\/wp\/v2\/product"}],"about":[{"href":"https:\/\/idamariagrassi.com\/it\/wp-json\/wp\/v2\/types\/product"}],"wp:featuredmedia":[{"embeddable":true,"href":"https:\/\/idamariagrassi.com\/it\/wp-json\/wp\/v2\/media\/360034"}],"wp:attachment":[{"href":"https:\/\/idamariagrassi.com\/it\/wp-json\/wp\/v2\/media?parent=86865"}],"wp:term":[{"taxonomy":"product_brand","embeddable":true,"href":"https:\/\/idamariagrassi.com\/it\/wp-json\/wp\/v2\/product_brand?post=86865"},{"taxonomy":"product_cat","embeddable":true,"href":"https:\/\/idamariagrassi.com\/it\/wp-json\/wp\/v2\/product_cat?post=86865"},{"taxonomy":"product_tag","embeddable":true,"href":"https:\/\/idamariagrassi.com\/it\/wp-json\/wp\/v2\/product_tag?post=86865"}],"curies":[{"name":"wp","href":"https:\/\/api.w.org\/{rel}","templated":true}]}}