{"id":86868,"date":"2026-04-30T01:34:35","date_gmt":"2026-04-29T23:34:35","guid":{"rendered":"https:\/\/idamariagrassi.com\/products\/gr-seu1600-eufonio-in-sib\/"},"modified":"2026-04-30T01:34:35","modified_gmt":"2026-04-29T23:34:35","slug":"gr-seu1600-eufonio-in-sib","status":"publish","type":"product","link":"https:\/\/idamariagrassi.com\/it\/products\/gr-seu1600-eufonio-in-sib\/","title":{"rendered":"Eufonio in Sib"},"content":{"rendered":"","protected":false},"excerpt":{"rendered":"<p><small>GR SEU1600<\/small><\/p>\n<p><p data-start=\"16\" data-end=\"418\">L\u2019euphonium GR SEU1600 Ida Maria Grassi in Sib \u00e8 uno strumento progettato per offrire completezza tecnica, affidabilit\u00e0 meccanica e un suono ampio e definito, adatto a studenti avanzati e a contesti bandistici strutturati. La configurazione a quattro pistoni superiori consente una maggiore estensione e una gestione pi\u00f9 precisa dell\u2019intonazione, ampliando le possibilit\u00e0 espressive dello strumentista.<\/p>\n<p data-start=\"420\" data-end=\"805\">Il canneggio da 13,80 mm garantisce un\u2019emissione equilibrata e una risposta pronta, mentre la campana da 278 mm favorisce una proiezione generosa e un timbro caldo e rotondo. I pistoni in acciaio inossidabile assicurano scorrevolezza, precisione e resistenza all\u2019usura nel tempo. La finitura laccata, estesa anche alla leadpipe, protegge lo strumento e ne mantiene brillante l\u2019aspetto.<\/p>\n<\/p>\n<p data-start=\"807\" data-end=\"1080\">Lo strumento \u00e8 fornito con custodia sagomata in foam dotata di ruote per agevolare il trasporto ed \u00e8 corredato di bocchino e panno per la pulizia. Un euphonium solido e bilanciato, pensato per garantire stabilit\u00e0 d\u2019intonazione, comfort esecutivo e affidabilit\u00e0 nel tempo.<\/p>\n<\/p>\n<ul style=\"font-size: 13px;\">\n<li><strong>Chiave:<\/strong><span style=\"white-space: pre;\"> Sib<\/span><\/li>\n<li><strong>Campana:<\/strong><span style=\"white-space: pre;\"> 278 mm<\/span><\/li>\n<li><strong>Canneggio:<\/strong>\u00a013.80 mm<\/li>\n<li><strong>Fnitura:<\/strong>\u00a0Ottone Laccato<\/li>\n<li><span style=\"white-space: pre;\"><strong>Lead Pipe:<\/strong> Laccata<\/span><\/li>\n<li><strong>Pistoni:<\/strong>\u00a0Nichelati<\/li>\n<li><strong>Astuccio:\u00a0<\/strong>Case\u00a0in Foam con Ruote<\/li>\n<li><strong>Accessori:<\/strong>\u00a0Panno pulizia<\/li>\n<\/ul>\n<p>Designed &#038; Engineered by Proel<\/p>\n<p>Manufacturer: Proel &#8211; Made in China<\/p>\n<ul style=\"font-size: 13px;\"><\/ul>\n","protected":false},"featured_media":360035,"template":"","meta":{"_acf_changed":false,"content-type":""},"product_brand":[],"product_cat":[65],"product_tag":[74],"class_list":{"0":"post-86868","1":"product","2":"type-product","3":"status-publish","4":"has-post-thumbnail","6":"product_cat-strumenti-school","7":"product_tag-eufonio","9":"first","10":"instock","11":"product-type-simple"},"acf":[],"yoast_head":"<!-- This site is optimized with the Yoast SEO plugin v27.4 - https:\/\/yoast.com\/product\/yoast-seo-wordpress\/ -->\n<title>Eufonio in Sib - Ida Maria Grassi<\/title>\n<meta name=\"robots\" content=\"index, follow, max-snippet:-1, max-image-preview:large, max-video-preview:-1\" \/>\n<link rel=\"canonical\" href=\"https:\/\/idamariagrassi.com\/it\/products\/gr-seu1600-eufonio-in-sib\/\" \/>\n<meta property=\"og:locale\" content=\"it_IT\" \/>\n<meta property=\"og:type\" content=\"article\" \/>\n<meta property=\"og:title\" content=\"Eufonio in Sib - Ida Maria Grassi\" \/>\n<meta property=\"og:description\" content=\"GR SEU1600 L\u2019euphonium GR SEU1600 Ida Maria Grassi in Sib \u00e8 uno strumento progettato per offrire completezza tecnica, affidabilit\u00e0 meccanica e un suono ampio e definito, adatto a studenti avanzati e a contesti bandistici strutturati. La configurazione a quattro pistoni superiori consente una maggiore estensione e una gestione pi\u00f9 precisa dell\u2019intonazione, ampliando le possibilit\u00e0 espressive dello strumentista.Il canneggio da 13,80 mm garantisce un\u2019emissione equilibrata e una risposta pronta, mentre la campana da 278 mm favorisce una proiezione generosa e un timbro caldo e rotondo. I pistoni in acciaio inossidabile assicurano scorrevolezza, precisione e resistenza all\u2019usura nel tempo. La finitura laccata, estesa anche alla leadpipe, protegge lo strumento e ne mantiene brillante l\u2019aspetto.Lo strumento \u00e8 fornito con custodia sagomata in foam dotata di ruote per agevolare il trasporto ed \u00e8 corredato di bocchino e panno per la pulizia. Un euphonium solido e bilanciato, pensato per garantire stabilit\u00e0 d\u2019intonazione, comfort esecutivo e affidabilit\u00e0 nel tempo. Chiave: Sib Campana: 278 mm Canneggio:\u00a013.80 mm Fnitura:\u00a0Ottone Laccato Lead Pipe: Laccata Pistoni:\u00a0Nichelati Astuccio:\u00a0Case\u00a0in Foam con Ruote Accessori:\u00a0Panno puliziaDesigned &amp; Engineered by ProelManufacturer: Proel - Made in China\" \/>\n<meta property=\"og:url\" content=\"https:\/\/idamariagrassi.com\/it\/products\/gr-seu1600-eufonio-in-sib\/\" \/>\n<meta property=\"og:site_name\" content=\"Ida Maria Grassi\" \/>\n<meta property=\"og:image\" content=\"https:\/\/idamariagrassi.com\/wp-content\/uploads\/2026\/04\/tmp_safe_9654245ec8a471c3e3c5daa0b4a7cdda.jpg\" \/>\n\t<meta property=\"og:image:width\" content=\"1200\" \/>\n\t<meta property=\"og:image:height\" content=\"1200\" \/>\n\t<meta property=\"og:image:type\" content=\"image\/jpeg\" \/>\n<meta name=\"twitter:card\" content=\"summary_large_image\" \/>\n<script type=\"application\/ld+json\" class=\"yoast-schema-graph\">{\"@context\":\"https:\\\/\\\/schema.org\",\"@graph\":[{\"@type\":\"WebPage\",\"@id\":\"https:\\\/\\\/idamariagrassi.com\\\/it\\\/products\\\/gr-seu1600-eufonio-in-sib\\\/\",\"url\":\"https:\\\/\\\/idamariagrassi.com\\\/it\\\/products\\\/gr-seu1600-eufonio-in-sib\\\/\",\"name\":\"Eufonio in Sib - Ida Maria Grassi\",\"isPartOf\":{\"@id\":\"https:\\\/\\\/idamariagrassi.com\\\/#website\"},\"primaryImageOfPage\":{\"@id\":\"https:\\\/\\\/idamariagrassi.com\\\/it\\\/products\\\/gr-seu1600-eufonio-in-sib\\\/#primaryimage\"},\"image\":{\"@id\":\"https:\\\/\\\/idamariagrassi.com\\\/it\\\/products\\\/gr-seu1600-eufonio-in-sib\\\/#primaryimage\"},\"thumbnailUrl\":\"https:\\\/\\\/idamariagrassi.com\\\/wp-content\\\/uploads\\\/2026\\\/04\\\/tmp_safe_9654245ec8a471c3e3c5daa0b4a7cdda.jpg\",\"datePublished\":\"2026-04-29T23:34:35+00:00\",\"breadcrumb\":{\"@id\":\"https:\\\/\\\/idamariagrassi.com\\\/it\\\/products\\\/gr-seu1600-eufonio-in-sib\\\/#breadcrumb\"},\"inLanguage\":\"it-IT\",\"potentialAction\":[{\"@type\":\"ReadAction\",\"target\":[\"https:\\\/\\\/idamariagrassi.com\\\/it\\\/products\\\/gr-seu1600-eufonio-in-sib\\\/\"]}]},{\"@type\":\"ImageObject\",\"inLanguage\":\"it-IT\",\"@id\":\"https:\\\/\\\/idamariagrassi.com\\\/it\\\/products\\\/gr-seu1600-eufonio-in-sib\\\/#primaryimage\",\"url\":\"https:\\\/\\\/idamariagrassi.com\\\/wp-content\\\/uploads\\\/2026\\\/04\\\/tmp_safe_9654245ec8a471c3e3c5daa0b4a7cdda.jpg\",\"contentUrl\":\"https:\\\/\\\/idamariagrassi.com\\\/wp-content\\\/uploads\\\/2026\\\/04\\\/tmp_safe_9654245ec8a471c3e3c5daa0b4a7cdda.jpg\",\"width\":1200,\"height\":1200},{\"@type\":\"BreadcrumbList\",\"@id\":\"https:\\\/\\\/idamariagrassi.com\\\/it\\\/products\\\/gr-seu1600-eufonio-in-sib\\\/#breadcrumb\",\"itemListElement\":[{\"@type\":\"ListItem\",\"position\":1,\"name\":\"Home\",\"item\":\"https:\\\/\\\/idamariagrassi.com\\\/it\\\/\"},{\"@type\":\"ListItem\",\"position\":2,\"name\":\"Products\",\"item\":\"https:\\\/\\\/idamariagrassi.com\\\/shop\\\/\"},{\"@type\":\"ListItem\",\"position\":3,\"name\":\"Eufonio in Sib\"}]},{\"@type\":\"WebSite\",\"@id\":\"https:\\\/\\\/idamariagrassi.com\\\/#website\",\"url\":\"https:\\\/\\\/idamariagrassi.com\\\/\",\"name\":\"idamariagrassi\",\"description\":\"\",\"potentialAction\":[{\"@type\":\"SearchAction\",\"target\":{\"@type\":\"EntryPoint\",\"urlTemplate\":\"https:\\\/\\\/idamariagrassi.com\\\/?s={search_term_string}\"},\"query-input\":{\"@type\":\"PropertyValueSpecification\",\"valueRequired\":true,\"valueName\":\"search_term_string\"}}],\"inLanguage\":\"it-IT\"}]}<\/script>\n<!-- \/ Yoast SEO plugin. -->","yoast_head_json":{"title":"Eufonio in Sib - Ida Maria Grassi","robots":{"index":"index","follow":"follow","max-snippet":"max-snippet:-1","max-image-preview":"max-image-preview:large","max-video-preview":"max-video-preview:-1"},"canonical":"https:\/\/idamariagrassi.com\/it\/products\/gr-seu1600-eufonio-in-sib\/","og_locale":"it_IT","og_type":"article","og_title":"Eufonio in Sib - Ida Maria Grassi","og_description":"GR SEU1600 L\u2019euphonium GR SEU1600 Ida Maria Grassi in Sib \u00e8 uno strumento progettato per offrire completezza tecnica, affidabilit\u00e0 meccanica e un suono ampio e definito, adatto a studenti avanzati e a contesti bandistici strutturati. La configurazione a quattro pistoni superiori consente una maggiore estensione e una gestione pi\u00f9 precisa dell\u2019intonazione, ampliando le possibilit\u00e0 espressive dello strumentista.Il canneggio da 13,80 mm garantisce un\u2019emissione equilibrata e una risposta pronta, mentre la campana da 278 mm favorisce una proiezione generosa e un timbro caldo e rotondo. I pistoni in acciaio inossidabile assicurano scorrevolezza, precisione e resistenza all\u2019usura nel tempo. La finitura laccata, estesa anche alla leadpipe, protegge lo strumento e ne mantiene brillante l\u2019aspetto.Lo strumento \u00e8 fornito con custodia sagomata in foam dotata di ruote per agevolare il trasporto ed \u00e8 corredato di bocchino e panno per la pulizia. Un euphonium solido e bilanciato, pensato per garantire stabilit\u00e0 d\u2019intonazione, comfort esecutivo e affidabilit\u00e0 nel tempo. Chiave: Sib Campana: 278 mm Canneggio:\u00a013.80 mm Fnitura:\u00a0Ottone Laccato Lead Pipe: Laccata Pistoni:\u00a0Nichelati Astuccio:\u00a0Case\u00a0in Foam con Ruote Accessori:\u00a0Panno puliziaDesigned & Engineered by ProelManufacturer: Proel - Made in China","og_url":"https:\/\/idamariagrassi.com\/it\/products\/gr-seu1600-eufonio-in-sib\/","og_site_name":"Ida Maria Grassi","og_image":[{"width":1200,"height":1200,"url":"https:\/\/idamariagrassi.com\/wp-content\/uploads\/2026\/04\/tmp_safe_9654245ec8a471c3e3c5daa0b4a7cdda.jpg","type":"image\/jpeg"}],"twitter_card":"summary_large_image","schema":{"@context":"https:\/\/schema.org","@graph":[{"@type":"WebPage","@id":"https:\/\/idamariagrassi.com\/it\/products\/gr-seu1600-eufonio-in-sib\/","url":"https:\/\/idamariagrassi.com\/it\/products\/gr-seu1600-eufonio-in-sib\/","name":"Eufonio in Sib - Ida Maria Grassi","isPartOf":{"@id":"https:\/\/idamariagrassi.com\/#website"},"primaryImageOfPage":{"@id":"https:\/\/idamariagrassi.com\/it\/products\/gr-seu1600-eufonio-in-sib\/#primaryimage"},"image":{"@id":"https:\/\/idamariagrassi.com\/it\/products\/gr-seu1600-eufonio-in-sib\/#primaryimage"},"thumbnailUrl":"https:\/\/idamariagrassi.com\/wp-content\/uploads\/2026\/04\/tmp_safe_9654245ec8a471c3e3c5daa0b4a7cdda.jpg","datePublished":"2026-04-29T23:34:35+00:00","breadcrumb":{"@id":"https:\/\/idamariagrassi.com\/it\/products\/gr-seu1600-eufonio-in-sib\/#breadcrumb"},"inLanguage":"it-IT","potentialAction":[{"@type":"ReadAction","target":["https:\/\/idamariagrassi.com\/it\/products\/gr-seu1600-eufonio-in-sib\/"]}]},{"@type":"ImageObject","inLanguage":"it-IT","@id":"https:\/\/idamariagrassi.com\/it\/products\/gr-seu1600-eufonio-in-sib\/#primaryimage","url":"https:\/\/idamariagrassi.com\/wp-content\/uploads\/2026\/04\/tmp_safe_9654245ec8a471c3e3c5daa0b4a7cdda.jpg","contentUrl":"https:\/\/idamariagrassi.com\/wp-content\/uploads\/2026\/04\/tmp_safe_9654245ec8a471c3e3c5daa0b4a7cdda.jpg","width":1200,"height":1200},{"@type":"BreadcrumbList","@id":"https:\/\/idamariagrassi.com\/it\/products\/gr-seu1600-eufonio-in-sib\/#breadcrumb","itemListElement":[{"@type":"ListItem","position":1,"name":"Home","item":"https:\/\/idamariagrassi.com\/it\/"},{"@type":"ListItem","position":2,"name":"Products","item":"https:\/\/idamariagrassi.com\/shop\/"},{"@type":"ListItem","position":3,"name":"Eufonio in Sib"}]},{"@type":"WebSite","@id":"https:\/\/idamariagrassi.com\/#website","url":"https:\/\/idamariagrassi.com\/","name":"idamariagrassi","description":"","potentialAction":[{"@type":"SearchAction","target":{"@type":"EntryPoint","urlTemplate":"https:\/\/idamariagrassi.com\/?s={search_term_string}"},"query-input":{"@type":"PropertyValueSpecification","valueRequired":true,"valueName":"search_term_string"}}],"inLanguage":"it-IT"}]}},"_links":{"self":[{"href":"https:\/\/idamariagrassi.com\/it\/wp-json\/wp\/v2\/product\/86868","targetHints":{"allow":["GET"]}}],"collection":[{"href":"https:\/\/idamariagrassi.com\/it\/wp-json\/wp\/v2\/product"}],"about":[{"href":"https:\/\/idamariagrassi.com\/it\/wp-json\/wp\/v2\/types\/product"}],"wp:featuredmedia":[{"embeddable":true,"href":"https:\/\/idamariagrassi.com\/it\/wp-json\/wp\/v2\/media\/360035"}],"wp:attachment":[{"href":"https:\/\/idamariagrassi.com\/it\/wp-json\/wp\/v2\/media?parent=86868"}],"wp:term":[{"taxonomy":"product_brand","embeddable":true,"href":"https:\/\/idamariagrassi.com\/it\/wp-json\/wp\/v2\/product_brand?post=86868"},{"taxonomy":"product_cat","embeddable":true,"href":"https:\/\/idamariagrassi.com\/it\/wp-json\/wp\/v2\/product_cat?post=86868"},{"taxonomy":"product_tag","embeddable":true,"href":"https:\/\/idamariagrassi.com\/it\/wp-json\/wp\/v2\/product_tag?post=86868"}],"curies":[{"name":"wp","href":"https:\/\/api.w.org\/{rel}","templated":true}]}}