{"id":86889,"date":"2026-04-28T01:35:02","date_gmt":"2026-04-27T23:35:02","guid":{"rendered":"https:\/\/idamariagrassi.com\/products\/gr-cl200-clarinetto-17-chiavi\/"},"modified":"2026-04-28T01:35:04","modified_gmt":"2026-04-27T23:35:04","slug":"gr-cl200-clarinetto-17-chiavi","status":"publish","type":"product","link":"https:\/\/idamariagrassi.com\/it\/products\/gr-cl200-clarinetto-17-chiavi\/","title":{"rendered":"Clarinetto, 17 chiavi"},"content":{"rendered":"","protected":false},"excerpt":{"rendered":"<p><small>GR CL200<\/small><\/p>\n<p><p>Il clarinetto Master CL200 Ida Maria Grassi \u00e8 uno strumento pensato per garantire nel tempo la maggiore stabilit\u00e0 meccanica. L&#8217;utilizzo di tamponi  sintetici garantisce che non si deteriorino con l&#8217;umidit\u00e0, le colonnine delle chiavi a due punti assicurano che non si creino fastidiosi giochi alle  chiavi. Il corpo \u00e8 in ABS con aspetto legno. L&#8217;utilizzo dell&#8217;ABS garantisce un&#8217;emissione pi\u00f9 facile, maggiore durata e resistenza ad umidit\u00e0 e cambi di  temperatura molto superiore rispetto al legno. Lo strumento ha il sistema Boehm a 17 chiavi placcate nichel. La meccanica \u00e8 estremamente robusta. Il  poggiadito regolabile permette di trovare la migliore posizione del pollice. Lo strumento \u00e8 fornito con 2 barilotti di diversa lunghezza per trovare la  migliore intonazione. Il clarinetto \u00e8 corredato con tutti gli accessori per chi inizia a suonare: custodia, panno per l&#8217;asciugatura, bocchino ed ancia.<\/p>\n<\/p>\n<ul style=\"font-size: 13px;\">\n<li><strong>Chiave:<\/strong><span style=\"white-space: pre;\"> Sib<\/span><\/li>\n<li><span style=\"white-space: pre;\"><strong>Meccanica:<\/strong> 17 chiavi sistema Boehm<\/span><\/li>\n<li><strong>Corpo:\u00a0<\/strong>ABS<\/li>\n<li><strong>Finitura Chiavi:<\/strong>\u00a0Nichel<\/li>\n<li><strong>Colonnine chiavi:<\/strong>\u00a0a due punti<\/li>\n<li><strong>Tamponi:<\/strong>\u00a0in materiale sintetico<\/li>\n<li><strong>Misura del Barilotto:<\/strong>\u00a062-65 mm<\/li>\n<li><strong>Campana:<\/strong>\u00a0Con Anello Metallico<\/li>\n<li><strong>Supporto Pollice:<\/strong>\u00a0Regolabile, con Anello<\/li>\n<li><strong>Astuccio:<\/strong>\u00a0Professionale\u00a0in Foam<\/li>\n<li><b>Accessori:<\/b>\u00a0Panno pulizia, Grasso<\/li>\n<\/ul>\n<p>Designed &#038; Engineered by Proel<\/p>\n<p>Manufacturer: Proel &#8211; Made in China<\/p>\n<ul style=\"font-size: 13px;\"><\/ul>\n","protected":false},"featured_media":359385,"template":"","meta":{"_acf_changed":false,"content-type":""},"product_brand":[],"product_cat":[64],"product_tag":[87],"class_list":{"0":"post-86889","1":"product","2":"type-product","3":"status-publish","4":"has-post-thumbnail","6":"product_cat-strumenti-master","7":"product_tag-clarinetto","9":"first","10":"instock","11":"product-type-simple"},"acf":[],"yoast_head":"<!-- This site is optimized with the Yoast SEO plugin v27.4 - https:\/\/yoast.com\/product\/yoast-seo-wordpress\/ -->\n<title>Clarinetto, 17 chiavi - Ida Maria Grassi<\/title>\n<meta name=\"robots\" content=\"index, follow, max-snippet:-1, max-image-preview:large, max-video-preview:-1\" \/>\n<link rel=\"canonical\" href=\"https:\/\/idamariagrassi.com\/it\/products\/gr-cl200-clarinetto-17-chiavi\/\" \/>\n<meta property=\"og:locale\" content=\"it_IT\" \/>\n<meta property=\"og:type\" content=\"article\" \/>\n<meta property=\"og:title\" content=\"Clarinetto, 17 chiavi - Ida Maria Grassi\" \/>\n<meta property=\"og:description\" content=\"GR CL200 Il clarinetto Master CL200 Ida Maria Grassi \u00e8 uno strumento pensato per garantire nel tempo la maggiore stabilit\u00e0 meccanica. L&#039;utilizzo di tamponi sintetici garantisce che non si deteriorino con l&#039;umidit\u00e0, le colonnine delle chiavi a due punti assicurano che non si creino fastidiosi giochi alle chiavi. Il corpo \u00e8 in ABS con aspetto legno. L&#039;utilizzo dell&#039;ABS garantisce un&#039;emissione pi\u00f9 facile, maggiore durata e resistenza ad umidit\u00e0 e cambi di temperatura molto superiore rispetto al legno. Lo strumento ha il sistema Boehm a 17 chiavi placcate nichel. La meccanica \u00e8 estremamente robusta. Il poggiadito regolabile permette di trovare la migliore posizione del pollice. Lo strumento \u00e8 fornito con 2 barilotti di diversa lunghezza per trovare la migliore intonazione. Il clarinetto \u00e8 corredato con tutti gli accessori per chi inizia a suonare: custodia, panno per l&#039;asciugatura, bocchino ed ancia. Chiave: Sib Meccanica: 17 chiavi sistema Boehm Corpo:\u00a0ABS Finitura Chiavi:\u00a0Nichel Colonnine chiavi:\u00a0a due punti Tamponi:\u00a0in materiale sintetico Misura del Barilotto:\u00a062-65 mm Campana:\u00a0Con Anello Metallico Supporto Pollice:\u00a0Regolabile, con Anello Astuccio:\u00a0Professionale\u00a0in FoamAccessori:\u00a0Panno pulizia, GrassoDesigned &amp; Engineered by ProelManufacturer: Proel - Made in China\" \/>\n<meta property=\"og:url\" content=\"https:\/\/idamariagrassi.com\/it\/products\/gr-cl200-clarinetto-17-chiavi\/\" \/>\n<meta property=\"og:site_name\" content=\"Ida Maria Grassi\" \/>\n<meta property=\"article:modified_time\" content=\"2026-04-27T23:35:04+00:00\" \/>\n<meta property=\"og:image\" content=\"https:\/\/idamariagrassi.com\/wp-content\/uploads\/2026\/04\/tmp_safe_bb7fd8d4d9a02a9e2577cdbc89a327c6.jpg\" \/>\n\t<meta property=\"og:image:width\" content=\"1200\" \/>\n\t<meta property=\"og:image:height\" content=\"1200\" \/>\n\t<meta property=\"og:image:type\" content=\"image\/jpeg\" \/>\n<meta name=\"twitter:card\" content=\"summary_large_image\" \/>\n<script type=\"application\/ld+json\" class=\"yoast-schema-graph\">{\"@context\":\"https:\\\/\\\/schema.org\",\"@graph\":[{\"@type\":\"WebPage\",\"@id\":\"https:\\\/\\\/idamariagrassi.com\\\/it\\\/products\\\/gr-cl200-clarinetto-17-chiavi\\\/\",\"url\":\"https:\\\/\\\/idamariagrassi.com\\\/it\\\/products\\\/gr-cl200-clarinetto-17-chiavi\\\/\",\"name\":\"Clarinetto, 17 chiavi - Ida Maria Grassi\",\"isPartOf\":{\"@id\":\"https:\\\/\\\/idamariagrassi.com\\\/#website\"},\"primaryImageOfPage\":{\"@id\":\"https:\\\/\\\/idamariagrassi.com\\\/it\\\/products\\\/gr-cl200-clarinetto-17-chiavi\\\/#primaryimage\"},\"image\":{\"@id\":\"https:\\\/\\\/idamariagrassi.com\\\/it\\\/products\\\/gr-cl200-clarinetto-17-chiavi\\\/#primaryimage\"},\"thumbnailUrl\":\"https:\\\/\\\/idamariagrassi.com\\\/wp-content\\\/uploads\\\/2026\\\/04\\\/tmp_safe_bb7fd8d4d9a02a9e2577cdbc89a327c6.jpg\",\"datePublished\":\"2026-04-27T23:35:02+00:00\",\"dateModified\":\"2026-04-27T23:35:04+00:00\",\"breadcrumb\":{\"@id\":\"https:\\\/\\\/idamariagrassi.com\\\/it\\\/products\\\/gr-cl200-clarinetto-17-chiavi\\\/#breadcrumb\"},\"inLanguage\":\"it-IT\",\"potentialAction\":[{\"@type\":\"ReadAction\",\"target\":[\"https:\\\/\\\/idamariagrassi.com\\\/it\\\/products\\\/gr-cl200-clarinetto-17-chiavi\\\/\"]}]},{\"@type\":\"ImageObject\",\"inLanguage\":\"it-IT\",\"@id\":\"https:\\\/\\\/idamariagrassi.com\\\/it\\\/products\\\/gr-cl200-clarinetto-17-chiavi\\\/#primaryimage\",\"url\":\"https:\\\/\\\/idamariagrassi.com\\\/wp-content\\\/uploads\\\/2026\\\/04\\\/tmp_safe_bb7fd8d4d9a02a9e2577cdbc89a327c6.jpg\",\"contentUrl\":\"https:\\\/\\\/idamariagrassi.com\\\/wp-content\\\/uploads\\\/2026\\\/04\\\/tmp_safe_bb7fd8d4d9a02a9e2577cdbc89a327c6.jpg\",\"width\":1200,\"height\":1200},{\"@type\":\"BreadcrumbList\",\"@id\":\"https:\\\/\\\/idamariagrassi.com\\\/it\\\/products\\\/gr-cl200-clarinetto-17-chiavi\\\/#breadcrumb\",\"itemListElement\":[{\"@type\":\"ListItem\",\"position\":1,\"name\":\"Home\",\"item\":\"https:\\\/\\\/idamariagrassi.com\\\/it\\\/\"},{\"@type\":\"ListItem\",\"position\":2,\"name\":\"Products\",\"item\":\"https:\\\/\\\/idamariagrassi.com\\\/shop\\\/\"},{\"@type\":\"ListItem\",\"position\":3,\"name\":\"Clarinetto, 17 chiavi\"}]},{\"@type\":\"WebSite\",\"@id\":\"https:\\\/\\\/idamariagrassi.com\\\/#website\",\"url\":\"https:\\\/\\\/idamariagrassi.com\\\/\",\"name\":\"idamariagrassi\",\"description\":\"\",\"potentialAction\":[{\"@type\":\"SearchAction\",\"target\":{\"@type\":\"EntryPoint\",\"urlTemplate\":\"https:\\\/\\\/idamariagrassi.com\\\/?s={search_term_string}\"},\"query-input\":{\"@type\":\"PropertyValueSpecification\",\"valueRequired\":true,\"valueName\":\"search_term_string\"}}],\"inLanguage\":\"it-IT\"}]}<\/script>\n<!-- \/ Yoast SEO plugin. -->","yoast_head_json":{"title":"Clarinetto, 17 chiavi - Ida Maria Grassi","robots":{"index":"index","follow":"follow","max-snippet":"max-snippet:-1","max-image-preview":"max-image-preview:large","max-video-preview":"max-video-preview:-1"},"canonical":"https:\/\/idamariagrassi.com\/it\/products\/gr-cl200-clarinetto-17-chiavi\/","og_locale":"it_IT","og_type":"article","og_title":"Clarinetto, 17 chiavi - Ida Maria Grassi","og_description":"GR CL200 Il clarinetto Master CL200 Ida Maria Grassi \u00e8 uno strumento pensato per garantire nel tempo la maggiore stabilit\u00e0 meccanica. L'utilizzo di tamponi sintetici garantisce che non si deteriorino con l'umidit\u00e0, le colonnine delle chiavi a due punti assicurano che non si creino fastidiosi giochi alle chiavi. Il corpo \u00e8 in ABS con aspetto legno. L'utilizzo dell'ABS garantisce un'emissione pi\u00f9 facile, maggiore durata e resistenza ad umidit\u00e0 e cambi di temperatura molto superiore rispetto al legno. Lo strumento ha il sistema Boehm a 17 chiavi placcate nichel. La meccanica \u00e8 estremamente robusta. Il poggiadito regolabile permette di trovare la migliore posizione del pollice. Lo strumento \u00e8 fornito con 2 barilotti di diversa lunghezza per trovare la migliore intonazione. Il clarinetto \u00e8 corredato con tutti gli accessori per chi inizia a suonare: custodia, panno per l'asciugatura, bocchino ed ancia. Chiave: Sib Meccanica: 17 chiavi sistema Boehm Corpo:\u00a0ABS Finitura Chiavi:\u00a0Nichel Colonnine chiavi:\u00a0a due punti Tamponi:\u00a0in materiale sintetico Misura del Barilotto:\u00a062-65 mm Campana:\u00a0Con Anello Metallico Supporto Pollice:\u00a0Regolabile, con Anello Astuccio:\u00a0Professionale\u00a0in FoamAccessori:\u00a0Panno pulizia, GrassoDesigned & Engineered by ProelManufacturer: Proel - Made in China","og_url":"https:\/\/idamariagrassi.com\/it\/products\/gr-cl200-clarinetto-17-chiavi\/","og_site_name":"Ida Maria Grassi","article_modified_time":"2026-04-27T23:35:04+00:00","og_image":[{"width":1200,"height":1200,"url":"https:\/\/idamariagrassi.com\/wp-content\/uploads\/2026\/04\/tmp_safe_bb7fd8d4d9a02a9e2577cdbc89a327c6.jpg","type":"image\/jpeg"}],"twitter_card":"summary_large_image","schema":{"@context":"https:\/\/schema.org","@graph":[{"@type":"WebPage","@id":"https:\/\/idamariagrassi.com\/it\/products\/gr-cl200-clarinetto-17-chiavi\/","url":"https:\/\/idamariagrassi.com\/it\/products\/gr-cl200-clarinetto-17-chiavi\/","name":"Clarinetto, 17 chiavi - Ida Maria Grassi","isPartOf":{"@id":"https:\/\/idamariagrassi.com\/#website"},"primaryImageOfPage":{"@id":"https:\/\/idamariagrassi.com\/it\/products\/gr-cl200-clarinetto-17-chiavi\/#primaryimage"},"image":{"@id":"https:\/\/idamariagrassi.com\/it\/products\/gr-cl200-clarinetto-17-chiavi\/#primaryimage"},"thumbnailUrl":"https:\/\/idamariagrassi.com\/wp-content\/uploads\/2026\/04\/tmp_safe_bb7fd8d4d9a02a9e2577cdbc89a327c6.jpg","datePublished":"2026-04-27T23:35:02+00:00","dateModified":"2026-04-27T23:35:04+00:00","breadcrumb":{"@id":"https:\/\/idamariagrassi.com\/it\/products\/gr-cl200-clarinetto-17-chiavi\/#breadcrumb"},"inLanguage":"it-IT","potentialAction":[{"@type":"ReadAction","target":["https:\/\/idamariagrassi.com\/it\/products\/gr-cl200-clarinetto-17-chiavi\/"]}]},{"@type":"ImageObject","inLanguage":"it-IT","@id":"https:\/\/idamariagrassi.com\/it\/products\/gr-cl200-clarinetto-17-chiavi\/#primaryimage","url":"https:\/\/idamariagrassi.com\/wp-content\/uploads\/2026\/04\/tmp_safe_bb7fd8d4d9a02a9e2577cdbc89a327c6.jpg","contentUrl":"https:\/\/idamariagrassi.com\/wp-content\/uploads\/2026\/04\/tmp_safe_bb7fd8d4d9a02a9e2577cdbc89a327c6.jpg","width":1200,"height":1200},{"@type":"BreadcrumbList","@id":"https:\/\/idamariagrassi.com\/it\/products\/gr-cl200-clarinetto-17-chiavi\/#breadcrumb","itemListElement":[{"@type":"ListItem","position":1,"name":"Home","item":"https:\/\/idamariagrassi.com\/it\/"},{"@type":"ListItem","position":2,"name":"Products","item":"https:\/\/idamariagrassi.com\/shop\/"},{"@type":"ListItem","position":3,"name":"Clarinetto, 17 chiavi"}]},{"@type":"WebSite","@id":"https:\/\/idamariagrassi.com\/#website","url":"https:\/\/idamariagrassi.com\/","name":"idamariagrassi","description":"","potentialAction":[{"@type":"SearchAction","target":{"@type":"EntryPoint","urlTemplate":"https:\/\/idamariagrassi.com\/?s={search_term_string}"},"query-input":{"@type":"PropertyValueSpecification","valueRequired":true,"valueName":"search_term_string"}}],"inLanguage":"it-IT"}]}},"_links":{"self":[{"href":"https:\/\/idamariagrassi.com\/it\/wp-json\/wp\/v2\/product\/86889","targetHints":{"allow":["GET"]}}],"collection":[{"href":"https:\/\/idamariagrassi.com\/it\/wp-json\/wp\/v2\/product"}],"about":[{"href":"https:\/\/idamariagrassi.com\/it\/wp-json\/wp\/v2\/types\/product"}],"wp:featuredmedia":[{"embeddable":true,"href":"https:\/\/idamariagrassi.com\/it\/wp-json\/wp\/v2\/media\/359385"}],"wp:attachment":[{"href":"https:\/\/idamariagrassi.com\/it\/wp-json\/wp\/v2\/media?parent=86889"}],"wp:term":[{"taxonomy":"product_brand","embeddable":true,"href":"https:\/\/idamariagrassi.com\/it\/wp-json\/wp\/v2\/product_brand?post=86889"},{"taxonomy":"product_cat","embeddable":true,"href":"https:\/\/idamariagrassi.com\/it\/wp-json\/wp\/v2\/product_cat?post=86889"},{"taxonomy":"product_tag","embeddable":true,"href":"https:\/\/idamariagrassi.com\/it\/wp-json\/wp\/v2\/product_tag?post=86889"}],"curies":[{"name":"wp","href":"https:\/\/api.w.org\/{rel}","templated":true}]}}