{"id":86923,"date":"2026-05-17T01:42:42","date_gmt":"2026-05-16T23:42:42","guid":{"rendered":"https:\/\/idamariagrassi.com\/products\/gr-cl200lbundle-clarinetto-18-chiavi-kit-accessori-bg\/"},"modified":"2026-05-17T01:42:43","modified_gmt":"2026-05-16T23:42:43","slug":"gr-cl200lbundle-clarinetto-18-chiavi-kit-accessori-bg","status":"publish","type":"product","link":"https:\/\/idamariagrassi.com\/it\/products\/gr-cl200lbundle-clarinetto-18-chiavi-kit-accessori-bg\/","title":{"rendered":"Clarinetto, 18 chiavi +kit accessori BG"},"content":{"rendered":"","protected":false},"excerpt":{"rendered":"<p><small>GR CL200LBUNDLE<\/small><\/p>\n<p><p data-start=\"0\" data-end=\"396\">Il clarinetto Master CL200L Ida Maria Grassi \u00e8 uno strumento pensato per garantire nel tempo la massima stabilit\u00e0 meccanica e un\u2019esperienza completa fin dal primo utilizzo. L\u2019impiego di tamponi sintetici assicura resistenza all\u2019umidit\u00e0 e durata nel tempo, mentre le colonnine delle chiavi a due punti evitano la formazione di giochi meccanici, mantenendo la meccanica precisa e affidabile.<\/p>\n<p data-start=\"398\" data-end=\"1058\">Il corpo \u00e8 realizzato in ABS con aspetto legno: una scelta che consente un\u2019emissione pi\u00f9 facile, maggiore robustezza e una resistenza a umidit\u00e0 e sbalzi di temperatura nettamente superiore rispetto al legno tradizionale. Il sistema Boehm a 18 chiavi placcate nichel garantisce completezza tecnica e solidit\u00e0 costruttiva, mentre la meccanica, particolarmente robusta, \u00e8 progettata per sostenere un utilizzo intensivo in ambito scolastico e bandistico. Il poggiadito regolabile permette di adattare la posizione del pollice per un comfort ottimale. La presenza di due barilotti di diversa lunghezza consente di individuare con precisione la migliore intonazione.<\/p>\n<p class=\"MsoNormal\">\n<p data-start=\"1060\" data-end=\"1449\" data-is-last-node=\"\" data-is-only-node=\"\">Oltre alla dotazione standard composta da custodia, panno per l\u2019asciugatura, bocchino e ancia, la versione Bundle include accessori BG: adesivi salva bocchino per migliorare comfort e presa durante l\u2019esecuzione e panno di pulizia BG per una manutenzione ancora pi\u00f9 efficace e professionale. Una soluzione completa, pensata per offrire qualit\u00e0, protezione e praticit\u00e0 in un unico pacchetto.<\/p>\n<\/p>\n<ul type=\"disc\">\n<li class=\"MsoNormal\" style=\"line-height: normal;\"><b><span style=\"font-size:10.0pt;font-family:\"Arial\",sans-serif;mso-fareast-font-family:     \"Times New Roman\";mso-fareast-language:IT\">Chiave:<\/span><\/b><span style=\"font-size:10.0pt;font-family:\"Arial\",sans-serif;mso-fareast-font-family:     \"Times New Roman\";mso-fareast-language:IT\"> Sib<o:p><\/o:p><\/span><\/li>\n<li class=\"MsoNormal\" style=\"line-height: normal;\"><b><span style=\"font-size:10.0pt;font-family:\"Arial\",sans-serif;mso-fareast-font-family:     \"Times New Roman\";mso-fareast-language:IT\">Meccanica:<\/span><\/b><span style=\"font-size:10.0pt;font-family:\"Arial\",sans-serif;mso-fareast-font-family:     \"Times New Roman\";mso-fareast-language:IT\"> 18 chiavi sistema Boehm<o:p><\/o:p><\/span><\/li>\n<li class=\"MsoNormal\" style=\"line-height: normal;\"><b><span style=\"font-size:10.0pt;font-family:\"Arial\",sans-serif;mso-fareast-font-family:     \"Times New Roman\";mso-fareast-language:IT\">Corpo:\u00a0<\/span><\/b><span style=\"font-size:10.0pt;font-family:\"Arial\",sans-serif;mso-fareast-font-family:     \"Times New Roman\";mso-fareast-language:IT\">ABS<o:p><\/o:p><\/span><\/li>\n<li class=\"MsoNormal\" style=\"line-height: normal;\"><b><span style=\"font-size:10.0pt;font-family:\"Arial\",sans-serif;mso-fareast-font-family:     \"Times New Roman\";mso-fareast-language:IT\">Finitura Chiavi:<\/span><\/b><span style=\"font-size:10.0pt;font-family:\"Arial\",sans-serif;mso-fareast-font-family:     \"Times New Roman\";mso-fareast-language:IT\">\u00a0Nichel<o:p><\/o:p><\/span><\/li>\n<li class=\"MsoNormal\" style=\"line-height: normal;\"><b><span style=\"font-size:10.0pt;font-family:\"Arial\",sans-serif;mso-fareast-font-family:     \"Times New Roman\";mso-fareast-language:IT\">Colonnine chiavi:<\/span><\/b><span style=\"font-size:10.0pt;font-family:\"Arial\",sans-serif;mso-fareast-font-family:     \"Times New Roman\";mso-fareast-language:IT\">\u00a0a due punti<o:p><\/o:p><\/span><\/li>\n<li class=\"MsoNormal\" style=\"line-height: normal;\"><b><span style=\"font-size:10.0pt;font-family:\"Arial\",sans-serif;mso-fareast-font-family:     \"Times New Roman\";mso-fareast-language:IT\">Tamponi:<\/span><\/b><span style=\"font-size:10.0pt;font-family:\"Arial\",sans-serif;mso-fareast-font-family:     \"Times New Roman\";mso-fareast-language:IT\">\u00a0in materiale sintetico<o:p><\/o:p><\/span><\/li>\n<li class=\"MsoNormal\" style=\"line-height: normal;\"><b><span style=\"font-size:10.0pt;font-family:\"Arial\",sans-serif;mso-fareast-font-family:     \"Times New Roman\";mso-fareast-language:IT\">Misura del Barilotto:<\/span><\/b><span style=\"font-size:10.0pt;font-family:\"Arial\",sans-serif;mso-fareast-font-family:     \"Times New Roman\";mso-fareast-language:IT\">\u00a062-65 mm<o:p><\/o:p><\/span><\/li>\n<li class=\"MsoNormal\" style=\"line-height: normal;\"><b><span style=\"font-size:10.0pt;font-family:\"Arial\",sans-serif;mso-fareast-font-family:     \"Times New Roman\";mso-fareast-language:IT\">Campana:<\/span><\/b><span style=\"font-size:10.0pt;font-family:\"Arial\",sans-serif;mso-fareast-font-family:     \"Times New Roman\";mso-fareast-language:IT\">\u00a0Con Anello Metallico<o:p><\/o:p><\/span><\/li>\n<li class=\"MsoNormal\" style=\"line-height: normal;\"><b><span style=\"font-size:10.0pt;font-family:\"Arial\",sans-serif;mso-fareast-font-family:     \"Times New Roman\";mso-fareast-language:IT\">Supporto Pollice:<\/span><\/b><span style=\"font-size:10.0pt;font-family:\"Arial\",sans-serif;mso-fareast-font-family:     \"Times New Roman\";mso-fareast-language:IT\">\u00a0Regolabile, con Anello<o:p><\/o:p><\/span><\/li>\n<li class=\"MsoNormal\" style=\"line-height: normal;\"><b><span style=\"font-size:10.0pt;font-family:\"Arial\",sans-serif;mso-fareast-font-family:     \"Times New Roman\";mso-fareast-language:IT\">Astuccio:<\/span><\/b><span style=\"font-size:10.0pt;font-family:\"Arial\",sans-serif;mso-fareast-font-family:     \"Times New Roman\";mso-fareast-language:IT\">\u00a0Professionale\u00a0in     Foam<o:p><\/o:p><\/span><\/li>\n<li class=\"MsoNormal\" style=\"line-height: normal;\"><b><span style=\"font-size:10.0pt;font-family:\"Arial\",sans-serif;mso-fareast-font-family:     \"Times New Roman\";mso-fareast-language:IT\">Accessori:<\/span><\/b><span style=\"font-size:10.0pt;font-family:\"Arial\",sans-serif;mso-fareast-font-family:     \"Times New Roman\";mso-fareast-language:IT\">\u00a0Panno per asciugatura in microfibra BG,\u00a0<\/span><span style=\"font-size: 10pt; font-family: Arial, sans-serif;\">6 adesivi salvabocchino (made in France)<\/span><\/li>\n<\/ul>\n<p>Designed &#038; Engineered by Proel<\/p>\n<p>Manufacturer: Proel &#8211; Made in China<\/p>\n","protected":false},"featured_media":370740,"template":"","meta":{"_acf_changed":false,"content-type":""},"product_brand":[],"product_cat":[64],"product_tag":[87],"class_list":{"0":"post-86923","1":"product","2":"type-product","3":"status-publish","4":"has-post-thumbnail","6":"product_cat-strumenti-master","7":"product_tag-clarinetto","9":"first","10":"instock","11":"product-type-simple"},"acf":[],"yoast_head":"<!-- This site is optimized with the Yoast SEO plugin v27.4 - https:\/\/yoast.com\/product\/yoast-seo-wordpress\/ -->\n<title>Clarinetto, 18 chiavi +kit accessori BG - Ida Maria Grassi<\/title>\n<meta name=\"robots\" content=\"index, follow, max-snippet:-1, max-image-preview:large, max-video-preview:-1\" \/>\n<link rel=\"canonical\" href=\"https:\/\/idamariagrassi.com\/it\/products\/gr-cl200lbundle-clarinetto-18-chiavi-kit-accessori-bg\/\" \/>\n<meta property=\"og:locale\" content=\"it_IT\" \/>\n<meta property=\"og:type\" content=\"article\" \/>\n<meta property=\"og:title\" content=\"Clarinetto, 18 chiavi +kit accessori BG - Ida Maria Grassi\" \/>\n<meta property=\"og:description\" content=\"GR CL200LBUNDLE Il clarinetto Master CL200L Ida Maria Grassi \u00e8 uno strumento pensato per garantire nel tempo la massima stabilit\u00e0 meccanica e un\u2019esperienza completa fin dal primo utilizzo. L\u2019impiego di tamponi sintetici assicura resistenza all\u2019umidit\u00e0 e durata nel tempo, mentre le colonnine delle chiavi a due punti evitano la formazione di giochi meccanici, mantenendo la meccanica precisa e affidabile.Il corpo \u00e8 realizzato in ABS con aspetto legno: una scelta che consente un\u2019emissione pi\u00f9 facile, maggiore robustezza e una resistenza a umidit\u00e0 e sbalzi di temperatura nettamente superiore rispetto al legno tradizionale. Il sistema Boehm a 18 chiavi placcate nichel garantisce completezza tecnica e solidit\u00e0 costruttiva, mentre la meccanica, particolarmente robusta, \u00e8 progettata per sostenere un utilizzo intensivo in ambito scolastico e bandistico. Il poggiadito regolabile permette di adattare la posizione del pollice per un comfort ottimale. La presenza di due barilotti di diversa lunghezza consente di individuare con precisione la migliore intonazione.Oltre alla dotazione standard composta da custodia, panno per l\u2019asciugatura, bocchino e ancia, la versione Bundle include accessori BG: adesivi salva bocchino per migliorare comfort e presa durante l\u2019esecuzione e panno di pulizia BG per una manutenzione ancora pi\u00f9 efficace e professionale. Una soluzione completa, pensata per offrire qualit\u00e0, protezione e praticit\u00e0 in un unico pacchetto. Chiave: Sib Meccanica: 18 chiavi sistema Boehm Corpo:\u00a0ABS Finitura Chiavi:\u00a0Nichel Colonnine chiavi:\u00a0a due punti Tamponi:\u00a0in materiale sintetico Misura del Barilotto:\u00a062-65 mm Campana:\u00a0Con Anello Metallico Supporto Pollice:\u00a0Regolabile, con Anello Astuccio:\u00a0Professionale\u00a0in   Foam Accessori:\u00a0Panno per asciugatura in microfibra BG,\u00a06 adesivi salvabocchino (made in France)Designed &amp; Engineered by ProelManufacturer: Proel - Made in China\" \/>\n<meta property=\"og:url\" content=\"https:\/\/idamariagrassi.com\/it\/products\/gr-cl200lbundle-clarinetto-18-chiavi-kit-accessori-bg\/\" \/>\n<meta property=\"og:site_name\" content=\"Ida Maria Grassi\" \/>\n<meta property=\"article:modified_time\" content=\"2026-05-16T23:42:43+00:00\" \/>\n<meta property=\"og:image\" content=\"https:\/\/idamariagrassi.com\/wp-content\/uploads\/2026\/05\/tmp_safe_f596515d92260d0d76898e8ffab5d719.jpg\" \/>\n\t<meta property=\"og:image:width\" content=\"1200\" \/>\n\t<meta property=\"og:image:height\" content=\"1200\" \/>\n\t<meta property=\"og:image:type\" content=\"image\/jpeg\" \/>\n<meta name=\"twitter:card\" content=\"summary_large_image\" \/>\n<script type=\"application\/ld+json\" class=\"yoast-schema-graph\">{\"@context\":\"https:\\\/\\\/schema.org\",\"@graph\":[{\"@type\":\"WebPage\",\"@id\":\"https:\\\/\\\/idamariagrassi.com\\\/it\\\/products\\\/gr-cl200lbundle-clarinetto-18-chiavi-kit-accessori-bg\\\/\",\"url\":\"https:\\\/\\\/idamariagrassi.com\\\/it\\\/products\\\/gr-cl200lbundle-clarinetto-18-chiavi-kit-accessori-bg\\\/\",\"name\":\"Clarinetto, 18 chiavi +kit accessori BG - Ida Maria Grassi\",\"isPartOf\":{\"@id\":\"https:\\\/\\\/idamariagrassi.com\\\/#website\"},\"primaryImageOfPage\":{\"@id\":\"https:\\\/\\\/idamariagrassi.com\\\/it\\\/products\\\/gr-cl200lbundle-clarinetto-18-chiavi-kit-accessori-bg\\\/#primaryimage\"},\"image\":{\"@id\":\"https:\\\/\\\/idamariagrassi.com\\\/it\\\/products\\\/gr-cl200lbundle-clarinetto-18-chiavi-kit-accessori-bg\\\/#primaryimage\"},\"thumbnailUrl\":\"https:\\\/\\\/idamariagrassi.com\\\/wp-content\\\/uploads\\\/2026\\\/05\\\/tmp_safe_f596515d92260d0d76898e8ffab5d719.jpg\",\"datePublished\":\"2026-05-16T23:42:42+00:00\",\"dateModified\":\"2026-05-16T23:42:43+00:00\",\"breadcrumb\":{\"@id\":\"https:\\\/\\\/idamariagrassi.com\\\/it\\\/products\\\/gr-cl200lbundle-clarinetto-18-chiavi-kit-accessori-bg\\\/#breadcrumb\"},\"inLanguage\":\"it-IT\",\"potentialAction\":[{\"@type\":\"ReadAction\",\"target\":[\"https:\\\/\\\/idamariagrassi.com\\\/it\\\/products\\\/gr-cl200lbundle-clarinetto-18-chiavi-kit-accessori-bg\\\/\"]}]},{\"@type\":\"ImageObject\",\"inLanguage\":\"it-IT\",\"@id\":\"https:\\\/\\\/idamariagrassi.com\\\/it\\\/products\\\/gr-cl200lbundle-clarinetto-18-chiavi-kit-accessori-bg\\\/#primaryimage\",\"url\":\"https:\\\/\\\/idamariagrassi.com\\\/wp-content\\\/uploads\\\/2026\\\/05\\\/tmp_safe_f596515d92260d0d76898e8ffab5d719.jpg\",\"contentUrl\":\"https:\\\/\\\/idamariagrassi.com\\\/wp-content\\\/uploads\\\/2026\\\/05\\\/tmp_safe_f596515d92260d0d76898e8ffab5d719.jpg\",\"width\":1200,\"height\":1200},{\"@type\":\"BreadcrumbList\",\"@id\":\"https:\\\/\\\/idamariagrassi.com\\\/it\\\/products\\\/gr-cl200lbundle-clarinetto-18-chiavi-kit-accessori-bg\\\/#breadcrumb\",\"itemListElement\":[{\"@type\":\"ListItem\",\"position\":1,\"name\":\"Home\",\"item\":\"https:\\\/\\\/idamariagrassi.com\\\/it\\\/\"},{\"@type\":\"ListItem\",\"position\":2,\"name\":\"Products\",\"item\":\"https:\\\/\\\/idamariagrassi.com\\\/shop\\\/\"},{\"@type\":\"ListItem\",\"position\":3,\"name\":\"Clarinetto, 18 chiavi +kit accessori BG\"}]},{\"@type\":\"WebSite\",\"@id\":\"https:\\\/\\\/idamariagrassi.com\\\/#website\",\"url\":\"https:\\\/\\\/idamariagrassi.com\\\/\",\"name\":\"idamariagrassi\",\"description\":\"\",\"potentialAction\":[{\"@type\":\"SearchAction\",\"target\":{\"@type\":\"EntryPoint\",\"urlTemplate\":\"https:\\\/\\\/idamariagrassi.com\\\/?s={search_term_string}\"},\"query-input\":{\"@type\":\"PropertyValueSpecification\",\"valueRequired\":true,\"valueName\":\"search_term_string\"}}],\"inLanguage\":\"it-IT\"}]}<\/script>\n<!-- \/ Yoast SEO plugin. -->","yoast_head_json":{"title":"Clarinetto, 18 chiavi +kit accessori BG - Ida Maria Grassi","robots":{"index":"index","follow":"follow","max-snippet":"max-snippet:-1","max-image-preview":"max-image-preview:large","max-video-preview":"max-video-preview:-1"},"canonical":"https:\/\/idamariagrassi.com\/it\/products\/gr-cl200lbundle-clarinetto-18-chiavi-kit-accessori-bg\/","og_locale":"it_IT","og_type":"article","og_title":"Clarinetto, 18 chiavi +kit accessori BG - Ida Maria Grassi","og_description":"GR CL200LBUNDLE Il clarinetto Master CL200L Ida Maria Grassi \u00e8 uno strumento pensato per garantire nel tempo la massima stabilit\u00e0 meccanica e un\u2019esperienza completa fin dal primo utilizzo. L\u2019impiego di tamponi sintetici assicura resistenza all\u2019umidit\u00e0 e durata nel tempo, mentre le colonnine delle chiavi a due punti evitano la formazione di giochi meccanici, mantenendo la meccanica precisa e affidabile.Il corpo \u00e8 realizzato in ABS con aspetto legno: una scelta che consente un\u2019emissione pi\u00f9 facile, maggiore robustezza e una resistenza a umidit\u00e0 e sbalzi di temperatura nettamente superiore rispetto al legno tradizionale. Il sistema Boehm a 18 chiavi placcate nichel garantisce completezza tecnica e solidit\u00e0 costruttiva, mentre la meccanica, particolarmente robusta, \u00e8 progettata per sostenere un utilizzo intensivo in ambito scolastico e bandistico. Il poggiadito regolabile permette di adattare la posizione del pollice per un comfort ottimale. La presenza di due barilotti di diversa lunghezza consente di individuare con precisione la migliore intonazione.Oltre alla dotazione standard composta da custodia, panno per l\u2019asciugatura, bocchino e ancia, la versione Bundle include accessori BG: adesivi salva bocchino per migliorare comfort e presa durante l\u2019esecuzione e panno di pulizia BG per una manutenzione ancora pi\u00f9 efficace e professionale. Una soluzione completa, pensata per offrire qualit\u00e0, protezione e praticit\u00e0 in un unico pacchetto. Chiave: Sib Meccanica: 18 chiavi sistema Boehm Corpo:\u00a0ABS Finitura Chiavi:\u00a0Nichel Colonnine chiavi:\u00a0a due punti Tamponi:\u00a0in materiale sintetico Misura del Barilotto:\u00a062-65 mm Campana:\u00a0Con Anello Metallico Supporto Pollice:\u00a0Regolabile, con Anello Astuccio:\u00a0Professionale\u00a0in   Foam Accessori:\u00a0Panno per asciugatura in microfibra BG,\u00a06 adesivi salvabocchino (made in France)Designed & Engineered by ProelManufacturer: Proel - Made in China","og_url":"https:\/\/idamariagrassi.com\/it\/products\/gr-cl200lbundle-clarinetto-18-chiavi-kit-accessori-bg\/","og_site_name":"Ida Maria Grassi","article_modified_time":"2026-05-16T23:42:43+00:00","og_image":[{"width":1200,"height":1200,"url":"https:\/\/idamariagrassi.com\/wp-content\/uploads\/2026\/05\/tmp_safe_f596515d92260d0d76898e8ffab5d719.jpg","type":"image\/jpeg"}],"twitter_card":"summary_large_image","schema":{"@context":"https:\/\/schema.org","@graph":[{"@type":"WebPage","@id":"https:\/\/idamariagrassi.com\/it\/products\/gr-cl200lbundle-clarinetto-18-chiavi-kit-accessori-bg\/","url":"https:\/\/idamariagrassi.com\/it\/products\/gr-cl200lbundle-clarinetto-18-chiavi-kit-accessori-bg\/","name":"Clarinetto, 18 chiavi +kit accessori BG - Ida Maria Grassi","isPartOf":{"@id":"https:\/\/idamariagrassi.com\/#website"},"primaryImageOfPage":{"@id":"https:\/\/idamariagrassi.com\/it\/products\/gr-cl200lbundle-clarinetto-18-chiavi-kit-accessori-bg\/#primaryimage"},"image":{"@id":"https:\/\/idamariagrassi.com\/it\/products\/gr-cl200lbundle-clarinetto-18-chiavi-kit-accessori-bg\/#primaryimage"},"thumbnailUrl":"https:\/\/idamariagrassi.com\/wp-content\/uploads\/2026\/05\/tmp_safe_f596515d92260d0d76898e8ffab5d719.jpg","datePublished":"2026-05-16T23:42:42+00:00","dateModified":"2026-05-16T23:42:43+00:00","breadcrumb":{"@id":"https:\/\/idamariagrassi.com\/it\/products\/gr-cl200lbundle-clarinetto-18-chiavi-kit-accessori-bg\/#breadcrumb"},"inLanguage":"it-IT","potentialAction":[{"@type":"ReadAction","target":["https:\/\/idamariagrassi.com\/it\/products\/gr-cl200lbundle-clarinetto-18-chiavi-kit-accessori-bg\/"]}]},{"@type":"ImageObject","inLanguage":"it-IT","@id":"https:\/\/idamariagrassi.com\/it\/products\/gr-cl200lbundle-clarinetto-18-chiavi-kit-accessori-bg\/#primaryimage","url":"https:\/\/idamariagrassi.com\/wp-content\/uploads\/2026\/05\/tmp_safe_f596515d92260d0d76898e8ffab5d719.jpg","contentUrl":"https:\/\/idamariagrassi.com\/wp-content\/uploads\/2026\/05\/tmp_safe_f596515d92260d0d76898e8ffab5d719.jpg","width":1200,"height":1200},{"@type":"BreadcrumbList","@id":"https:\/\/idamariagrassi.com\/it\/products\/gr-cl200lbundle-clarinetto-18-chiavi-kit-accessori-bg\/#breadcrumb","itemListElement":[{"@type":"ListItem","position":1,"name":"Home","item":"https:\/\/idamariagrassi.com\/it\/"},{"@type":"ListItem","position":2,"name":"Products","item":"https:\/\/idamariagrassi.com\/shop\/"},{"@type":"ListItem","position":3,"name":"Clarinetto, 18 chiavi +kit accessori BG"}]},{"@type":"WebSite","@id":"https:\/\/idamariagrassi.com\/#website","url":"https:\/\/idamariagrassi.com\/","name":"idamariagrassi","description":"","potentialAction":[{"@type":"SearchAction","target":{"@type":"EntryPoint","urlTemplate":"https:\/\/idamariagrassi.com\/?s={search_term_string}"},"query-input":{"@type":"PropertyValueSpecification","valueRequired":true,"valueName":"search_term_string"}}],"inLanguage":"it-IT"}]}},"_links":{"self":[{"href":"https:\/\/idamariagrassi.com\/it\/wp-json\/wp\/v2\/product\/86923","targetHints":{"allow":["GET"]}}],"collection":[{"href":"https:\/\/idamariagrassi.com\/it\/wp-json\/wp\/v2\/product"}],"about":[{"href":"https:\/\/idamariagrassi.com\/it\/wp-json\/wp\/v2\/types\/product"}],"wp:featuredmedia":[{"embeddable":true,"href":"https:\/\/idamariagrassi.com\/it\/wp-json\/wp\/v2\/media\/370740"}],"wp:attachment":[{"href":"https:\/\/idamariagrassi.com\/it\/wp-json\/wp\/v2\/media?parent=86923"}],"wp:term":[{"taxonomy":"product_brand","embeddable":true,"href":"https:\/\/idamariagrassi.com\/it\/wp-json\/wp\/v2\/product_brand?post=86923"},{"taxonomy":"product_cat","embeddable":true,"href":"https:\/\/idamariagrassi.com\/it\/wp-json\/wp\/v2\/product_cat?post=86923"},{"taxonomy":"product_tag","embeddable":true,"href":"https:\/\/idamariagrassi.com\/it\/wp-json\/wp\/v2\/product_tag?post=86923"}],"curies":[{"name":"wp","href":"https:\/\/api.w.org\/{rel}","templated":true}]}}